{"id":418,"date":"2024-07-08T11:28:04","date_gmt":"2024-07-08T03:28:04","guid":{"rendered":"https:\/\/ruiqigo.com\/?post_type=product&#038;p=418"},"modified":"2024-10-28T11:59:47","modified_gmt":"2024-10-28T03:59:47","slug":"goat-milk-hand-cream","status":"publish","type":"product","link":"https:\/\/www.ruiqigo.com\/da\/product\/goat-milk-hand-cream","title":{"rendered":"Gedem\u00e6lk h\u00e5ndcreme"},"content":{"rendered":"<h3 class=\"wp-block-heading\">Fremstilling af h\u00e5ndcreme af gedem\u00e6lk Almindelige formler<\/h3>\n\n\n\n<p>En af hovedingredienserne i denne h\u00e5ndcreme af gedem\u00e6lk er gedem\u00e6lk af h\u00f8j kvalitet. Gedem\u00e6lk er rig p\u00e5 proteiner, vitaminer og mineraler, der n\u00e6rer og reparerer huden p\u00e5 dine h\u00e6nder i dybden, hvilket forbedrer t\u00f8rhed og ruhed. Derudover tils\u00e6tter formlen ogs\u00e5 natriumhyaluronat og glycerin samt andre fugtgivende ingredienser, som effektivt kan genopbygge hudens fugtighed, forbedre elasticitet og glans. Disse naturlige ingredienser af h\u00f8j kvalitet er ikke kun sikre og ikke-irriterende, men giver ogs\u00e5 omfattende pleje til dine h\u00e6nder, s\u00e5 huden altid er bl\u00f8d og glat.<\/p>\n\n\n\n<h3 class=\"wp-block-heading\">H\u00e5ndcreme af gedem\u00e6lk. Anvendelige scenarier.<\/h3>\n\n\n\n<p>Denne h\u00e5ndcreme lavet p\u00e5 gedem\u00e6lk er ideel til brug i t\u00f8rre og kolde klimaer. Kolde vintertemperaturer og kunstig opvarmning kan f\u00f8re til t\u00f8rre, sk\u00e6llende og endda sprukne h\u00e6nder. De rige fugtgivende ingredienser i denne h\u00e5ndcreme n\u00e6rer og reparerer huden p\u00e5 dine h\u00e6nder i dybden og genopfylder den fugt, de har brug for, for at v\u00e6re bl\u00f8de og glatte. Derudover giver den ogs\u00e5 en beskyttende barriere for h\u00e6nderne, der effektivt forhindrer t\u00f8rhed og forfrysninger. Uanset om det er en kold vinter eller en t\u00f8r, bl\u00e6sende \u00e5rstid, vil denne h\u00e5ndcreme give dine h\u00e6nder den fulde pleje, de har brug for.<\/p>\n\n\n\n<h3 class=\"wp-block-heading\">Hvem er h\u00e5ndcreme med gedem\u00e6lk til?<\/h3>\n\n\n\n<p>Denne h\u00e5ndcreme lavet p\u00e5 gedem\u00e6lk er ideel til brugere med t\u00f8r hud. Uanset om dine h\u00e6nder er t\u00f8rre p\u00e5 grund af hyppig h\u00e5ndvask eller kemisk eksponering, eller din hud er sk\u00e6llende p\u00e5 grund af koldt vintervejr, vil denne h\u00e5ndcreme give den n\u00e6ring, du har brug for. Den n\u00e6rer og reparerer huden p\u00e5 dine h\u00e6nder i dybden og genopfylder den fugt og de n\u00e6ringsstoffer, de har brug for, for at v\u00e6re bl\u00f8de og glatte. Samtidig absorberes den hurtigt uden at efterlade en klistret fornemmelse, hvilket g\u00f8r den velegnet til alle hudtyper.<\/p>\n\n\n\n<h3 class=\"wp-block-heading\">Produktionsproces for h\u00e5ndcreme af gedem\u00e6lk<\/h3>\n\n\n\n<p>Den s\u00e6rlige produktionsproces for h\u00e5ndcreme med gedem\u00e6lk afspejles i den omhyggelige udv\u00e6lgelse og behandling af r\u00e5varer. Frisk gedem\u00e6lk af h\u00f8j kvalitet bruges til at udvinde dens rige n\u00e6ringsstoffer gennem lavtemperaturbehandling og enzymatisk teknologi, hvilket sikrer, at aktive ingredienser som m\u00e6lkesyre og vitaminer bevares i gedem\u00e6lken. Under produktionsprocessen kontrolleres formelforholdet og emulgeringsprocessen strengt for at sikre, at h\u00e5ndcremen har en fin tekstur og absorberes hurtigt. Derudover er der ingen tilsatte duft- og farvestoffer for at reducere hudirritation, hvilket g\u00f8r den velegnet til f\u00f8lsom hud.<\/p>","protected":false},"excerpt":{"rendered":"Goat milk hand cream manufacturing Common Formulas One of the core ingredients of this goat milk hand cream is high quality goat milk. Goat milk is rich in proteins, vitamins and minerals that deeply nourish and repair the skin on your hands, improving dryness and roughness. In addition, the formula also adds sodium hyaluronate and [&hellip;]","protected":false},"featured_media":419,"menu_order":0,"template":"","meta":[],"product-tag":[],"products":[58],"class_list":["post-418","product","type-product","status-publish","has-post-thumbnail","hentry","products-hand-cream"],"acf":[],"_links":{"self":[{"href":"https:\/\/www.ruiqigo.com\/da\/wp-json\/wp\/v2\/product\/418","targetHints":{"allow":["GET"]}}],"collection":[{"href":"https:\/\/www.ruiqigo.com\/da\/wp-json\/wp\/v2\/product"}],"about":[{"href":"https:\/\/www.ruiqigo.com\/da\/wp-json\/wp\/v2\/types\/product"}],"version-history":[{"count":0,"href":"https:\/\/www.ruiqigo.com\/da\/wp-json\/wp\/v2\/product\/418\/revisions"}],"wp:featuredmedia":[{"embeddable":true,"href":"https:\/\/www.ruiqigo.com\/da\/wp-json\/wp\/v2\/media\/419"}],"wp:attachment":[{"href":"https:\/\/www.ruiqigo.com\/da\/wp-json\/wp\/v2\/media?parent=418"}],"wp:term":[{"taxonomy":"product-tag","embeddable":true,"href":"https:\/\/www.ruiqigo.com\/da\/wp-json\/wp\/v2\/product-tag?post=418"},{"taxonomy":"products","embeddable":true,"href":"https:\/\/www.ruiqigo.com\/da\/wp-json\/wp\/v2\/products?post=418"}],"curies":[{"name":"wp","href":"https:\/\/api.w.org\/{rel}","templated":true}]}}