{"id":423,"date":"2024-07-08T11:46:52","date_gmt":"2024-07-08T03:46:52","guid":{"rendered":"https:\/\/ruiqigo.com\/?post_type=product&#038;p=423"},"modified":"2024-11-12T22:37:58","modified_gmt":"2024-11-12T14:37:58","slug":"shea-butter-hand-cream","status":"publish","type":"product","link":"https:\/\/www.ruiqigo.com\/da\/product\/shea-butter-hand-cream","title":{"rendered":"Sheasm\u00f8r h\u00e5ndcreme"},"content":{"rendered":"<h3 class=\"wp-block-heading\">Fremstilling af sheasm\u00f8r-h\u00e5ndcreme Almindelige formler<\/h3>\n\n\n\n<p>Kerneingrediensen i denne Sheasm\u00f8r H\u00e5ndcreme er naturlig sheasm\u00f8r. Sheasm\u00f8r er rig p\u00e5 fedtsyrer og vitaminer og n\u00e6rer og reparerer t\u00f8r og ru h\u00e5ndhud i dybden. Derudover tils\u00e6tter formlen ogs\u00e5 n\u00e6ringsstoffer som sheasm\u00f8r, som effektivt kan genopbygge hudens fugtighed, forbedre elasticiteten og g\u00f8re h\u00e6nderne bl\u00f8de og smidige igen. Disse naturlige ingredienser af h\u00f8j kvalitet er ikke kun sikre og ikke-irriterende, men giver ogs\u00e5 omfattende pleje til dine h\u00e6nder, s\u00e5 huden altid er bl\u00f8d og glat.<\/p>\n\n\n\n<h3 class=\"wp-block-heading\">Anvendelige scenarier for h\u00e5ndcreme med sheasm\u00f8r<\/h3>\n\n\n\n<p>Denne h\u00e5ndcreme med sheasm\u00f8r er s\u00e6rligt velegnet til brug i t\u00f8rre og kolde klimaer. Kolde vintertemperaturer og kunstig opvarmning kan f\u00f8re til t\u00f8rre, sk\u00e6llende og endda sprukne h\u00e6nder. De rige, n\u00e6rende ingredienser i denne h\u00e5ndcreme reparerer huden i dybden og genopfylder den fugtighed, den har brug for, for at g\u00f8re dine h\u00e6nder bl\u00f8de og glatte igen. Derudover kan den ogs\u00e5 give en beskyttende barriere for h\u00e6nderne, hvilket effektivt forhindrer forekomsten af t\u00f8rhed, frostspr\u00e6kker og andre problemer. Uanset om det er en kold vinter eller en t\u00f8r, bl\u00e6sende \u00e5rstid, vil denne h\u00e5ndcreme give dine h\u00e6nder den komplette pleje, de har brug for.<\/p>\n\n\n\n<h3 class=\"wp-block-heading\">Hvem er sheasm\u00f8r h\u00e5ndcreme til<\/h3>\n\n\n\n<p>Denne h\u00e5ndcreme med sheasm\u00f8r er ideel til brugere med t\u00f8r hud. Uanset om dine h\u00e6nder er t\u00f8rre p\u00e5 grund af hyppig h\u00e5ndvask eller kemisk eksponering, eller din hud er sk\u00e6llende p\u00e5 grund af koldt vintervejr, vil denne h\u00e5ndcreme give den n\u00e6ring, du har brug for. Den n\u00e6rer og reparerer huden p\u00e5 dine h\u00e6nder i dybden og genopfylder den fugt og de n\u00e6ringsstoffer, de har brug for for at v\u00e6re bl\u00f8de og glatte. Samtidig absorberes den hurtigt uden at efterlade en klistret f\u00f8lelse, hvilket g\u00f8r den velegnet til alle hudtyper. Uanset dine h\u00e6nders tilstand vil denne h\u00e5ndcreme give dem den fulde pleje, de har brug for, for at v\u00e6re fugtede og sunde.<\/p>\n\n\n\n<h3 class=\"wp-block-heading\">Produktionsproces for sheasm\u00f8r-h\u00e5ndcreme<\/h3>\n\n\n\n<p>Sheasm\u00f8r H\u00e5ndcreme er fremstillet med s\u00e6rlig opm\u00e6rksomhed p\u00e5 ingrediensernes kvalitet og videnskaben bag formlen. Udvalgt sheasm\u00f8r af h\u00f8j kvalitet kombineret med E-vitamin og andre naturlige fugtgivende ingredienser, brugen af en mild emulgeringsproces for at sikre en delikat tekstur, der absorberes hurtigt. Hele produktionsprocessen f\u00f8lger GMP-standarder for at sikre produktets renhed og effektivitet.<\/p>","protected":false},"excerpt":{"rendered":"Shea butter hand cream manufacturing Common Formulas The core ingredient of this Shea Butter Hand Cream is natural Shea Butter. Rich in fatty acids and vitamins, shea butter deeply nourishes and repairs dry and rough hand skin. In addition, the formula also adds nutrients such as shea butter, which can effectively replenish skin moisture, enhance [&hellip;]","protected":false},"featured_media":426,"menu_order":0,"template":"","meta":[],"product-tag":[],"products":[58],"class_list":["post-423","product","type-product","status-publish","has-post-thumbnail","hentry","products-hand-cream"],"acf":[],"_links":{"self":[{"href":"https:\/\/www.ruiqigo.com\/da\/wp-json\/wp\/v2\/product\/423","targetHints":{"allow":["GET"]}}],"collection":[{"href":"https:\/\/www.ruiqigo.com\/da\/wp-json\/wp\/v2\/product"}],"about":[{"href":"https:\/\/www.ruiqigo.com\/da\/wp-json\/wp\/v2\/types\/product"}],"version-history":[{"count":0,"href":"https:\/\/www.ruiqigo.com\/da\/wp-json\/wp\/v2\/product\/423\/revisions"}],"wp:featuredmedia":[{"embeddable":true,"href":"https:\/\/www.ruiqigo.com\/da\/wp-json\/wp\/v2\/media\/426"}],"wp:attachment":[{"href":"https:\/\/www.ruiqigo.com\/da\/wp-json\/wp\/v2\/media?parent=423"}],"wp:term":[{"taxonomy":"product-tag","embeddable":true,"href":"https:\/\/www.ruiqigo.com\/da\/wp-json\/wp\/v2\/product-tag?post=423"},{"taxonomy":"products","embeddable":true,"href":"https:\/\/www.ruiqigo.com\/da\/wp-json\/wp\/v2\/products?post=423"}],"curies":[{"name":"wp","href":"https:\/\/api.w.org\/{rel}","templated":true}]}}