{"id":424,"date":"2024-07-08T11:52:15","date_gmt":"2024-07-08T03:52:15","guid":{"rendered":"https:\/\/ruiqigo.com\/?post_type=product&#038;p=424"},"modified":"2024-11-06T15:04:57","modified_gmt":"2024-11-06T07:04:57","slug":"coconut-massage-oil","status":"publish","type":"product","link":"https:\/\/www.ruiqigo.com\/da\/product\/coconut-massage-oil","title":{"rendered":"Kokosmassageolie"},"content":{"rendered":"<h2 class=\"wp-block-heading\">Almindelige formler til fremstilling af kokosmassageolie<\/h2>\n\n\n\n<p>Hovedingredienserne i denne kokosmassageolie er naturligt ren kokosolie og solsikkekerneolie. Kokosolie er rig p\u00e5 mellemk\u00e6dede fedtsyrer, som hurtigt tr\u00e6nger dybt ind i huden og giver kraftige fugtgivende og reparerende effekter. Solsikkekerneolie er rig p\u00e5 vitaminer og antioxidanter, der hj\u00e6lper med at lindre muskelsmerter og forbedre hudens tilstand. Som professionel producent af kokosmassageolie er disse naturlige ingredienser af h\u00f8j kvalitet ikke kun sikre og ikke-irriterende, men udnytter ogs\u00e5 fuldt ud de sm\u00f8rende, masserende og lindrende effekter for at give omfattende pleje til hud, krop og sind.<\/p>\n\n\n\n<h2 class=\"wp-block-heading\">Anvendelige scenarier for kokosmassageolie<\/h2>\n\n\n\n<p>Denne kokosmassageolie er ideel til brug i varme, t\u00f8rre klimaer. I de varme og svedige sommerm\u00e5neder er huden tilb\u00f8jelig til t\u00f8rhed og afskalning, og musklerne er tilb\u00f8jelige til \u00f8mhed og smerter. Denne massageolie tr\u00e6nger hurtigt ind og absorberes uden at efterlade en klistret fornemmelse p\u00e5 huden, samtidig med at den giver dybdeg\u00e5ende n\u00e6ring og lindrer tr\u00e6thed, s\u00e5 du kan f\u00f8le dig k\u00f8lig og behagelig i dagens hede. Den beskytter ogs\u00e5 huden mod solskader, hvilket g\u00f8r det nemt at nyde omfattende pleje i en r\u00e6kke forskellige milj\u00f8er.<\/p>\n\n\n\n<h2 class=\"wp-block-heading\">Hvem er kokosmassageolie egnet til<\/h2>\n\n\n\n<p>Denne kokosmassageolie er velegnet til alle hudtyper. Uanset om du har t\u00f8r, sensitiv hud eller fedtet hud, vil du have gavn af denne massageolie. Den tr\u00e6nger hurtigt ind og absorberes uden at belaste huden, samtidig med at den giver dyb n\u00e6ring og lindring af smerter. Is\u00e6r for dem, der tr\u00e6ner eller udf\u00f8rer fysisk arbejde, hj\u00e6lper denne olie med at afsp\u00e6nde muskler, lindre tr\u00e6thed og bringe dem tilbage til en tilstand af afslapning og komfort. Uanset din hudtilstand vil denne kokosmassageolie give dig total fork\u00e6lelse.<\/p>\n\n\n\n<h2 class=\"wp-block-heading\">Produktionsproces for kokosmassageolie<\/h2>\n\n\n\n<p>Den s\u00e6rlige produktionsproces for kokosmassageolie understreger udvindingen af ren vegetabilsk olie fra kokosn\u00f8dder af h\u00f8j kvalitet. Koldpresningsteknologi bruges til at bevare integriteten af de naturlige fedtsyrer og E-vitamin i olien. Under produktionsprocessen kontrolleres temperatur og tryk strengt, som en f\u00f8rende producent af kokosmassageolie, for at undg\u00e5 skader p\u00e5 olien ved h\u00f8j temperatur, hvilket sikrer massageoliens renhed og n\u00e6rende effekt. Derudover fjernes urenheder gennem finfiltrering for at give en bl\u00f8d ber\u00f8ring og en dyb fugtgivende effekt.<\/p>\n\n\n\n<p><\/p>","protected":false},"excerpt":{"rendered":"Coconut massage oil manufacturing common formulas The main ingredients of this Coconut Massage Oil are naturally pure coconut oil and sunflower seed oil. Coconut oil is rich in medium-chain fatty acids, which penetrate deep into the skin quickly and provide powerful moisturizing and repairing effects. Sunflower Seed Oil is rich in vitamins and antioxidants to [&hellip;]","protected":false},"featured_media":430,"menu_order":0,"template":"","meta":[],"product-tag":[],"products":[59],"class_list":["post-424","product","type-product","status-publish","has-post-thumbnail","hentry","products-massage-oil"],"acf":[],"_links":{"self":[{"href":"https:\/\/www.ruiqigo.com\/da\/wp-json\/wp\/v2\/product\/424","targetHints":{"allow":["GET"]}}],"collection":[{"href":"https:\/\/www.ruiqigo.com\/da\/wp-json\/wp\/v2\/product"}],"about":[{"href":"https:\/\/www.ruiqigo.com\/da\/wp-json\/wp\/v2\/types\/product"}],"version-history":[{"count":0,"href":"https:\/\/www.ruiqigo.com\/da\/wp-json\/wp\/v2\/product\/424\/revisions"}],"wp:featuredmedia":[{"embeddable":true,"href":"https:\/\/www.ruiqigo.com\/da\/wp-json\/wp\/v2\/media\/430"}],"wp:attachment":[{"href":"https:\/\/www.ruiqigo.com\/da\/wp-json\/wp\/v2\/media?parent=424"}],"wp:term":[{"taxonomy":"product-tag","embeddable":true,"href":"https:\/\/www.ruiqigo.com\/da\/wp-json\/wp\/v2\/product-tag?post=424"},{"taxonomy":"products","embeddable":true,"href":"https:\/\/www.ruiqigo.com\/da\/wp-json\/wp\/v2\/products?post=424"}],"curies":[{"name":"wp","href":"https:\/\/api.w.org\/{rel}","templated":true}]}}