{"id":425,"date":"2024-07-08T11:57:29","date_gmt":"2024-07-08T03:57:29","guid":{"rendered":"https:\/\/ruiqigo.com\/?post_type=product&#038;p=425"},"modified":"2024-11-06T15:07:05","modified_gmt":"2024-11-06T07:07:05","slug":"lavender-massage-oil","status":"publish","type":"product","link":"https:\/\/www.ruiqigo.com\/da\/product\/lavender-massage-oil","title":{"rendered":"Lavendel massageolie"},"content":{"rendered":"<h3 class=\"wp-block-heading\">Almindelige formler til fremstilling af lavendelmassageolie<\/h3>\n\n\n\n<p>Hovedingredienserne i denne lavendelmassageolie er naturlig ren \u00e6terisk lavendelolie og solsikkefr\u00f8olie. \u00c6terisk lavendelolie er rig p\u00e5 bioaktive ingredienser og har fremragende aromaterapeutiske egenskaber, der hj\u00e6lper med at lindre f\u00f8lelsesm\u00e6ssig stress og forbedre mental velv\u00e6re. Som en p\u00e5lidelig producent af lavendelmassageolie ved vi, at solsikkefr\u00f8olie er rig p\u00e5 vitaminer og linolsyre, som effektivt kan n\u00e6re og reparere huden og forbedre tilstanden af t\u00f8r og ru hud. Disse ingredienser af h\u00f8j kvalitet er ikke kun sikre og ikke-irriterende, men giver ogs\u00e5 fuld mulighed for de mange effekter af afslapning, beroligelse og n\u00e6rende virkning, n\u00e5r de bruges, hvilket bringer omfattende pleje til hud og sind.<\/p>\n\n\n\n<h3 class=\"wp-block-heading\">Anvendelige scenarier for lavendelmassageolie<\/h3>\n\n\n\n<p>Denne lavendelmassageolie er perfekt til varme, svedige sommerdage. I varmt og fugtigt vejr er huden tilb\u00f8jelig til t\u00f8rhed og ruhed, samt tr\u00e6thed og angst. Denne massageolie tr\u00e6nger hurtigt ind i huden uden at efterlade en klistret f\u00f8lelse, samtidig med at den giver en afslappende og n\u00e6rende aroma, der holder dig frisk og behagelig i varmen. Derudover beskytter den huden mod solskader, hvilket g\u00f8r det nemt at nyde en afslappende og behagelig oplevelse i alle milj\u00f8er.<\/p>\n\n\n\n<h3 class=\"wp-block-heading\">Hvem er lavendelmassageolie egnet til<\/h3>\n\n\n\n<p>Denne lavendelmassageolie er velegnet til brugere af alle hudtyper. For dem, der er stressede og irritable, kan den hj\u00e6lpe med at lindre angst, forbedre den mentale tilstand og afslappe krop og sind gennem aromaterapi. Samtidig kan den ogs\u00e5 n\u00e6re huden i dybden, forbedre t\u00f8rhed og ruhed i problemer, s\u00e5 huden genvinder sin bl\u00f8dhed og glathed. Is\u00e6r for dem, der ofte er i en tilstand af h\u00f8jintensivt arbejde, kan denne massageolie hj\u00e6lpe med at afslappe musklerne, lindre tr\u00e6thed og give dem omfattende pleje.<\/p>\n\n\n\n<h3 class=\"wp-block-heading\">Produktionsproces for lavendel massageolie<\/h3>\n\n\n\n<p>Den s\u00e6rlige produktionsproces for lavendelmassageolie omfatter udvinding af \u00e6terisk olie fra udvalgte lavendelblomster ved dampdestillation, en proces der bevarer lavendelens naturlige aroma og helbredende egenskaber. Derefter blandes de \u00e6teriske olier i pr\u00e6cise proportioner med b\u00e6rerolier af h\u00f8j kvalitet, s\u00e5som s\u00f8d mandelolie eller vindruekerneolie, for at sikre, at massageolien tr\u00e6nger ind og n\u00e6rer. Som en p\u00e5lidelig producent af lavendelmassageolie finder hele produktionsprocessen sted i et strengt kontrolleret milj\u00f8, hvor lys og varme undg\u00e5s for at opretholde oliens stabilitet og renhed.<\/p>","protected":false},"excerpt":{"rendered":"Lavender massage oil manufacturing common formulas The main ingredients of this lavender massage oil are natural pure lavender essential oil and sunflower seed oil. Lavender essential oil is rich in bio-active ingredients and has excellent aromatherapeutic properties, helping to relieve emotional stress and enhance mental well-being. As a trustworthy Lavender massage oil manufacturer, we know [&hellip;]","protected":false},"featured_media":434,"menu_order":0,"template":"","meta":[],"product-tag":[],"products":[59],"class_list":["post-425","product","type-product","status-publish","has-post-thumbnail","hentry","products-massage-oil"],"acf":[],"_links":{"self":[{"href":"https:\/\/www.ruiqigo.com\/da\/wp-json\/wp\/v2\/product\/425","targetHints":{"allow":["GET"]}}],"collection":[{"href":"https:\/\/www.ruiqigo.com\/da\/wp-json\/wp\/v2\/product"}],"about":[{"href":"https:\/\/www.ruiqigo.com\/da\/wp-json\/wp\/v2\/types\/product"}],"version-history":[{"count":0,"href":"https:\/\/www.ruiqigo.com\/da\/wp-json\/wp\/v2\/product\/425\/revisions"}],"wp:featuredmedia":[{"embeddable":true,"href":"https:\/\/www.ruiqigo.com\/da\/wp-json\/wp\/v2\/media\/434"}],"wp:attachment":[{"href":"https:\/\/www.ruiqigo.com\/da\/wp-json\/wp\/v2\/media?parent=425"}],"wp:term":[{"taxonomy":"product-tag","embeddable":true,"href":"https:\/\/www.ruiqigo.com\/da\/wp-json\/wp\/v2\/product-tag?post=425"},{"taxonomy":"products","embeddable":true,"href":"https:\/\/www.ruiqigo.com\/da\/wp-json\/wp\/v2\/products?post=425"}],"curies":[{"name":"wp","href":"https:\/\/api.w.org\/{rel}","templated":true}]}}