{"id":463,"date":"2024-07-12T12:04:23","date_gmt":"2024-07-12T04:04:23","guid":{"rendered":"https:\/\/ruiqigo.com\/?post_type=product&#038;p=463"},"modified":"2024-11-06T13:42:51","modified_gmt":"2024-11-06T05:42:51","slug":"jelly-facial-mask","status":"publish","type":"product","link":"https:\/\/www.ruiqigo.com\/da\/product\/jelly-facial-mask","title":{"rendered":"Gel\u00e9 ansigtsmaske"},"content":{"rendered":"<h2 class=\"wp-block-heading\">Gel\u00e9 ansigtsmaske, der fremstiller almindelige formler<\/h2>\n\n\n\n<p>Carbomer Som et overlegent fortykningsmiddel og stabilisator spiller carbomer en n\u00f8glerolle i vores Jelly Facial Mask, der forbedrer maskens vedh\u00e6ftning og sikrer effektiv gennemtr\u00e6ngning af n\u00e6ringsstoffer. Derudover er North American Witch Hazel Water kendt for sine beroligende og astringerende egenskaber, der hj\u00e6lper med at regulere hudens olier, minimere forst\u00f8rrede porer og genoprette friskhed og raffinement til huden. Som en p\u00e5lidelig producent af Jelly-ansigtsmaske ved vi, at Aloe Vera Cura\u00e7ao Water rig p\u00e5 vitaminer og mineraler har en fremragende fugtgivende og reparerende effekt, fremmer regenerering af hudceller og forbedrer t\u00f8r hud.<\/p>\n\n\n\n<h2 class=\"wp-block-heading\">Gel\u00e9 ansigtsmaske anvendelige scenarier<\/h2>\n\n\n\n<p>Vores Jelly-ansigtsmasker er velegnede til en lang r\u00e6kke daglige hudplejescenarier. Uanset om du nyder en afslappende aftenhudplejerutine derhjemme eller hurtigt fugter din hud p\u00e5 farten, vil denne maske passe til regningen. Det er s\u00e6rligt velegnet til brug i t\u00f8rre \u00e5rstider, l\u00e6ngere perioder i klimatiserede eller opvarmede omgivelser eller efter udend\u00f8rsaktiviteter for at give \u00f8jeblikkelig hydrering og beroligende lindring til huden.<\/p>\n\n\n\n<h2 class=\"wp-block-heading\">Hvem er Jelly ansigtsmaske egnet til<\/h2>\n\n\n\n<p>Denne Jelly Facial Mask er velegnet til alle hudtyper, is\u00e6r t\u00f8r, dehydreret, f\u00f8lsom eller moden hud. Det giver en hurtig og effektiv l\u00f8sning til hudpleje til moderne mennesker, der konstant er udsat for milj\u00f8forurening, UV-skader og livsstress. Derudover er den ogs\u00e5 velegnet til de forbrugere, der leder efter naturlig hudpleje og botaniske ingredienser.<\/p>\n\n\n\n<h2 class=\"wp-block-heading\">Produktionsproces for gel\u00e9 ansigtsmaske<\/h2>\n\n\n\n<p>For at sikre den h\u00f8jeste kvalitet og effektivitet tages der en r\u00e6kke strenge foranstaltninger under fremstillingsprocessen af vores Jelly-ansigtsmasker. F\u00f8rst udv\u00e6lger vi omhyggeligt de fineste botaniske stoffer for at sikre deres renhed og aktivitet. Disse blandes derefter omhyggeligt med makromolekyl\u00e6re fugtighedscreme for at skabe en synergistisk formel, der komplementerer hinanden. Som en professionel producent af Jelly-ansigtsmaske kr\u00e6ver det n\u00e6ste afg\u00f8rende trin af gelering, at vores team af fagfolk pr\u00e6cist kontrollerer m\u00e6ngden af tilsat carbomer for at opn\u00e5 den \u00f8nskede k\u00f8lende geltekstur. Denne kritiske balance forbedrer ikke kun den k\u00f8lende fornemmelse ved p\u00e5f\u00f8ring, men sikrer ogs\u00e5, at masken kl\u00e6ber til huden for maksimal effektivitet.<\/p>","protected":false},"excerpt":{"rendered":"Jelly facial mask manufacturing common formulas Carbomer As a superior thickener and stabilizer, carbomer plays a key role in our Jelly Facial Mask, enhancing the adhesion of the mask and ensuring effective penetration of nutrients. In addition, North American Witch Hazel Water is known for its soothing and astringent properties, helping to regulate skin&#8217;s oils, [&hellip;]","protected":false},"featured_media":464,"menu_order":0,"template":"","meta":[],"product-tag":[],"products":[69],"class_list":["post-463","product","type-product","status-publish","has-post-thumbnail","hentry","products-facial-mask"],"acf":[],"_links":{"self":[{"href":"https:\/\/www.ruiqigo.com\/da\/wp-json\/wp\/v2\/product\/463","targetHints":{"allow":["GET"]}}],"collection":[{"href":"https:\/\/www.ruiqigo.com\/da\/wp-json\/wp\/v2\/product"}],"about":[{"href":"https:\/\/www.ruiqigo.com\/da\/wp-json\/wp\/v2\/types\/product"}],"version-history":[{"count":0,"href":"https:\/\/www.ruiqigo.com\/da\/wp-json\/wp\/v2\/product\/463\/revisions"}],"wp:featuredmedia":[{"embeddable":true,"href":"https:\/\/www.ruiqigo.com\/da\/wp-json\/wp\/v2\/media\/464"}],"wp:attachment":[{"href":"https:\/\/www.ruiqigo.com\/da\/wp-json\/wp\/v2\/media?parent=463"}],"wp:term":[{"taxonomy":"product-tag","embeddable":true,"href":"https:\/\/www.ruiqigo.com\/da\/wp-json\/wp\/v2\/product-tag?post=463"},{"taxonomy":"products","embeddable":true,"href":"https:\/\/www.ruiqigo.com\/da\/wp-json\/wp\/v2\/products?post=463"}],"curies":[{"name":"wp","href":"https:\/\/api.w.org\/{rel}","templated":true}]}}