{"id":468,"date":"2024-07-12T15:30:38","date_gmt":"2024-07-12T07:30:38","guid":{"rendered":"https:\/\/ruiqigo.com\/?post_type=product&#038;p=468"},"modified":"2024-11-06T13:38:55","modified_gmt":"2024-11-06T05:38:55","slug":"bubble-facial-mask","status":"publish","type":"product","link":"https:\/\/www.ruiqigo.com\/da\/product\/bubble-facial-mask","title":{"rendered":"Boble ansigtsmaske"},"content":{"rendered":"<h2 class=\"wp-block-heading\">Almindelige formler til fremstilling af boble-ansigtsmasker<\/h2>\n\n\n\n<p>Kerneingredienserne i denne bobleformede ansigtsmaske inkluderer hvid pilebarkekstrakt, amarantekstrakt og havre-beta-glucan. Hvid pilebarkekstrakt er rig p\u00e5 ellaginsyre og andre vigtige aktive ingredienser, som effektivt kan absorbere snavs i porerne og h\u00e6mme v\u00e6ksten af skadelige bakterier, hvilket opn\u00e5r en dybderensende effekt. Amaranthekstrakt er rig p\u00e5 C-vitamin og aminosyrer, som hj\u00e6lper med at lindre irritation for\u00e5rsaget af rensning og opretholder hudens barrierefunktion. Som en f\u00f8rende producent af bobleformede ansigtsmasker ved vi, at havre-beta-glucan ikke kun skaber rige, t\u00e6tte bobler, men ogs\u00e5 absorberer overskydende olie og blidt eksfolierer d\u00f8de hudceller, hvilket efterlader huden frisk og str\u00e5lende. Disse tre kerneingredienser supplerer hinanden for at give din hud en omfattende dybderensning og reparation.<\/p>\n\n\n\n<h2 class=\"wp-block-heading\">Anvendelsesscenarier for boble-ansigtsmaske<\/h2>\n\n\n\n<p>Boblemasken er ideel til T-zonen, der er tilb\u00f8jelig til hudorme, akne og forst\u00f8rrede porer p\u00e5 grund af langvarig fedtet hud eller manglende rensning. Ved ugentlig p\u00e5f\u00f8ring opl\u00f8ser den i dybden gammelt snavs og forurenende stoffer i porerne og efterlader huden forfrisket og revitaliseret. De beroligende ingredienser i denne rensemiddel giver ogs\u00e5 \u00f8jeblikkelig lindring efter rensning, hvilket g\u00f8r processen behagelig.<\/p>\n\n\n\n<h2 class=\"wp-block-heading\">Hvem er en boble-ansigtsmaske egnet til?<\/h2>\n\n\n\n<p>Denne bobleformede ansigtsmaske er velegnet til alle hudtyper, is\u00e6r dem, der har brug for dybderensning, porepleje og oplysning af teint. Til fedtet og kombineret hud kontrollerer den effektivt olieproduktionen og reducerer dannelsen af akne og hudorme. Til t\u00f8r og sensitiv hud beroliger dens milde formel og fugtgivende ingredienser huden og reducerer irritation.<\/p>\n\n\n\n<h2 class=\"wp-block-heading\">Produktionsproces for boble-ansigtsmaske<\/h2>\n\n\n\n<p>Vores professionelle team har arbejdet utr\u00e6tteligt for at skabe en enest\u00e5ende bobleformet ansigtsmaske. F\u00f8rst er vi meget strenge i udv\u00e6lgelsen af r\u00e5materialer for at sikre renheden og aktiviteten af kerningredienser som hvid pilebarkekstrakt og amarantekstrakt. Derefter kontrollerer vi, som en p\u00e5lidelig producent af bobleformede ansigtsmasker, omhyggeligt m\u00e6ngden og andelen af hver ingrediens i formuleringsprocessen for at maksimere deres synergistiske effekter. Det vigtigste skumningstrin er blevet optimeret igen og igen for at opn\u00e5 fyldige, cremede bobler.<\/p>","protected":false},"excerpt":{"rendered":"Bubble facial mask manufacturing common formulas The core ingredients of this bubble facial mask include White Willow Bark Extract, Amaranth Extract and Oat Beta-Glucan. White Willow Bark Extract is rich in ellagic acid and other important active ingredients, which can effectively absorb dirt in the pores and inhibit the growth of harmful bacteria, thus achieving [&hellip;]","protected":false},"featured_media":469,"menu_order":0,"template":"","meta":[],"product-tag":[],"products":[69],"class_list":["post-468","product","type-product","status-publish","has-post-thumbnail","hentry","products-facial-mask"],"acf":[],"_links":{"self":[{"href":"https:\/\/www.ruiqigo.com\/da\/wp-json\/wp\/v2\/product\/468","targetHints":{"allow":["GET"]}}],"collection":[{"href":"https:\/\/www.ruiqigo.com\/da\/wp-json\/wp\/v2\/product"}],"about":[{"href":"https:\/\/www.ruiqigo.com\/da\/wp-json\/wp\/v2\/types\/product"}],"version-history":[{"count":0,"href":"https:\/\/www.ruiqigo.com\/da\/wp-json\/wp\/v2\/product\/468\/revisions"}],"wp:featuredmedia":[{"embeddable":true,"href":"https:\/\/www.ruiqigo.com\/da\/wp-json\/wp\/v2\/media\/469"}],"wp:attachment":[{"href":"https:\/\/www.ruiqigo.com\/da\/wp-json\/wp\/v2\/media?parent=468"}],"wp:term":[{"taxonomy":"product-tag","embeddable":true,"href":"https:\/\/www.ruiqigo.com\/da\/wp-json\/wp\/v2\/product-tag?post=468"},{"taxonomy":"products","embeddable":true,"href":"https:\/\/www.ruiqigo.com\/da\/wp-json\/wp\/v2\/products?post=468"}],"curies":[{"name":"wp","href":"https:\/\/api.w.org\/{rel}","templated":true}]}}