{"id":473,"date":"2024-07-12T15:39:04","date_gmt":"2024-07-12T07:39:04","guid":{"rendered":"https:\/\/ruiqigo.com\/?post_type=product&#038;p=473"},"modified":"2024-11-06T13:36:00","modified_gmt":"2024-11-06T05:36:00","slug":"honey-facial-mask","status":"publish","type":"product","link":"https:\/\/www.ruiqigo.com\/da\/product\/honey-facial-mask","title":{"rendered":"Honning ansigtsmaske"},"content":{"rendered":"<h2 class=\"wp-block-heading\">Honning ansigtsmaske, der fremstiller almindelige formler<\/h2>\n\n\n\n<p>Kerneingredienserne i denne honning-ansigtsmaske inkluderer honningekstrakt, royal gel\u00e9ekstrakt og amarantekstrakt. Honningekstrakt er rig p\u00e5 sukkerarter, aminosyrer og vitaminer, som ikke kun genopbygger hudens fugt, men ogs\u00e5 fremmer kollagensyntesen, hvilket g\u00f8r huden mere smidig og fugtet. Royal gel\u00e9ekstrakt er rig p\u00e5 en r\u00e6kke vitaminer og mineraler, kan effektivt forbedre hudens tekstur, forbedre hudens antioxidantkapacitet for at opn\u00e5 effekten af lys hvid hud. Amarantekstrakt, som er rig p\u00e5 C-vitamin, h\u00e6mmer ikke kun melaninproduktionen og lindrer hyperpigmentering, men beroliger ogs\u00e5 bet\u00e6ndelse udl\u00f8st af t\u00f8rhed, hvilket tillader huden at genvinde sin sunde og naturlige tilstand.<\/p>\n\n\n\n<h2 class=\"wp-block-heading\">Honning ansigtsmaske g\u00e6ldende scenarier<\/h2>\n\n\n\n<p>Honey ansigtsmasken er velegnet til en bred vifte af hudpleje lejligheder, is\u00e6r til n\u00f8dhydrering i den t\u00f8rre s\u00e6son, eller n\u00e5r huden er dehydreret. Den er ogs\u00e5 velegnet som en almindelig hudplejerutine for at hj\u00e6lpe med at opretholde hudens fugtbalance og sundhed. Derudover giver denne maske en beroligende og genoprettende effekt til hud, der har v\u00e6ret i et klimatiseret milj\u00f8 i l\u00e6ngere tid eller efter at have v\u00e6ret udsat for sol.<\/p>\n\n\n\n<h2 class=\"wp-block-heading\">Hvem er Honey ansigtsmaske egnet til<\/h2>\n\n\n\n<p>Denne honning ansigtsmaske er velegnet til alle hudtyper, is\u00e6r t\u00f8r, dehydreret og moden hud. Det er et ideelt valg for forbrugere, der \u00f8nsker at forbedre hudtonen, reducere inflammation og forbedre hudens elasticitet. Ogs\u00e5 til f\u00f8lsom hud reducerer dens blide formel irritation og giver beroligende og beskyttelse.<\/p>\n\n\n\n<h2 class=\"wp-block-heading\">Fremstillingsproces for honning ansigtsmaske<\/h2>\n\n\n\n<p>I produktionen af vores Honey-ansigtsmaske, som en v\u00e6rdig Honey-ansigtsmaskeproducent, bruger vi avancerede ekstraktions- og blandingsteknikker for at sikre styrken og aktiviteten af alle ingredienser. Gennem en lavtemperatur-ekstraktionsproces bevarer vi de naturlige enzymer og n\u00e6ringsstoffer, der findes i honning og royal gel\u00e9. Derudover bruger vi aseptisk p\u00e5fyldningsteknologi for at sikre renheden og stabiliteten af vores produkter. Som professionel Honey-ansigtsmaskeproducent omfatter produktionsprocessen af masken ogs\u00e5 en unik emulgeringsproces, som er med til at skabe maskens silkebl\u00f8de tekstur, hvilket g\u00f8r den nemmere at p\u00e5f\u00f8re og absorbere i huden. Gennem disse specielle produktionsprocesser sikrer vi den h\u00f8je kvalitet og overlegne resultater af vores Honey ansigtsmaske.<\/p>","protected":false},"excerpt":{"rendered":"Honey facial mask manufacturing common formulas The core ingredients of this honey facial mask include honey extract, royal jelly extract and amaranth extract. Honey extract is rich in sugars, amino acids and vitamins, which not only replenishes skin moisture, but also promotes collagen synthesis, making skin more supple and moisturized. Royal jelly extract is rich [&hellip;]","protected":false},"featured_media":474,"menu_order":0,"template":"","meta":[],"product-tag":[],"products":[69],"class_list":["post-473","product","type-product","status-publish","has-post-thumbnail","hentry","products-facial-mask"],"acf":[],"_links":{"self":[{"href":"https:\/\/www.ruiqigo.com\/da\/wp-json\/wp\/v2\/product\/473","targetHints":{"allow":["GET"]}}],"collection":[{"href":"https:\/\/www.ruiqigo.com\/da\/wp-json\/wp\/v2\/product"}],"about":[{"href":"https:\/\/www.ruiqigo.com\/da\/wp-json\/wp\/v2\/types\/product"}],"version-history":[{"count":0,"href":"https:\/\/www.ruiqigo.com\/da\/wp-json\/wp\/v2\/product\/473\/revisions"}],"wp:featuredmedia":[{"embeddable":true,"href":"https:\/\/www.ruiqigo.com\/da\/wp-json\/wp\/v2\/media\/474"}],"wp:attachment":[{"href":"https:\/\/www.ruiqigo.com\/da\/wp-json\/wp\/v2\/media?parent=473"}],"wp:term":[{"taxonomy":"product-tag","embeddable":true,"href":"https:\/\/www.ruiqigo.com\/da\/wp-json\/wp\/v2\/product-tag?post=473"},{"taxonomy":"products","embeddable":true,"href":"https:\/\/www.ruiqigo.com\/da\/wp-json\/wp\/v2\/products?post=473"}],"curies":[{"name":"wp","href":"https:\/\/api.w.org\/{rel}","templated":true}]}}