{"id":479,"date":"2024-07-12T16:01:49","date_gmt":"2024-07-12T08:01:49","guid":{"rendered":"https:\/\/ruiqigo.com\/?post_type=product&#038;p=479"},"modified":"2024-11-05T23:15:26","modified_gmt":"2024-11-05T15:15:26","slug":"avocado-facial-mask","status":"publish","type":"product","link":"https:\/\/www.ruiqigo.com\/da\/product\/avocado-facial-mask","title":{"rendered":"Avocado ansigtsmaske"},"content":{"rendered":"<h2 class=\"wp-block-heading\">Avocado ansigtsmaske, der fremstiller almindelige formler<\/h2>\n\n\n\n<p>Kerneingredienserne i denne avocado-ansigtsmaske er avocadotr\u00e6harpiks, camellia sinensis-ekstrakt og vitamin E. Blandt dem er avocadotr\u00e6harpiks rig p\u00e5 olier og fedtsyrer, som i dybden kan n\u00e6re hudens underliv og \u00f8ge hudens elasticitet og smidighed. Samtidig kan det ogs\u00e5 effektivt forhindre vandtab, s\u00e5 huden f\u00f8les gennemfugtet og m\u00e6t. Camellia-ekstrakt er rig p\u00e5 antioxidant-vitaminer, som effektivt kan reducere skader fra frie radikaler p\u00e5 huden og forbedre problemet med sl\u00f8vhed og h\u00e6velser. Som producent af Avocado-ansigtsmaske, som for E-vitamin, fremmer den ikke kun cellemetabolisme, forbedrer hudens evne til at modst\u00e5, men minimerer ogs\u00e5 fine linjer, hvilket g\u00f8r huden mere smidig og elastisk.<\/p>\n\n\n\n<h2 class=\"wp-block-heading\">Avocado ansigtsmaske anvendelige scenarier<\/h2>\n\n\n\n<p>Avocado-ansigtsmasken er velegnet til en r\u00e6kke forskellige lejligheder, uanset om du laver din daglige hudpleje derhjemme eller nyder en professionel behandling i salonen, kan den give betydelige forbedringer til din hud. Den er is\u00e6r velegnet til brug i den t\u00f8rre s\u00e6son, langvarig uds\u00e6ttelse for aircondition eller opvarmning, eller til hudreparation efter at have v\u00e6ret udsat for sol.<\/p>\n\n\n\n<h2 class=\"wp-block-heading\">Hvem er Avocado ansigtsmaske egnet til<\/h2>\n\n\n\n<p>Denne maske er velegnet til alle hudtyper, is\u00e6r t\u00f8r og dehydreret hud. For forbrugere med behov for dyb n\u00e6ring og fugtgivende, giver avocado ansigtsmasken rig n\u00e6ring og langvarig fugtgivende effekt. Den er ogs\u00e5 ideel til dig, der leder efter sund og naturligt gl\u00f8dende hud.<\/p>\n\n\n\n<h2 class=\"wp-block-heading\">Avocado-fremstillingsproces for ansigtsmaske<\/h2>\n\n\n\n<p>Vores avocado ansigtsmasker er lavet ved hj\u00e6lp af en unik produktionsproces for at sikre den h\u00f8je kvalitet og effektivitet af vores produkter. I produktionsprocessen kontrollerer vi for det f\u00f8rste strengt kvaliteten af kerneingredienserne s\u00e5som avocadotr\u00e6harpiks og camelliaekstrakt for at sikre maksimering af deres n\u00e6ringsv\u00e6rdi og aktive stoffer. I formuleringsprocessen afbalancerer vi ogs\u00e5 omhyggeligt forholdet mellem forskellige ingredienser, s\u00e5 de kan spille den bedste synergistiske effekt p\u00e5 huden. Samtidig har vi som en trov\u00e6rdig producent af Avocado-ansigtsmaske ogs\u00e5 designet en sk\u00e5nsom og mild ekstraktionsproces for avocado, en naturlig ingrediens, for at sikre, at dens n\u00e6ringsstoffer ikke beskadiges, og at den originale smag bevares maksimalt.<\/p>","protected":false},"excerpt":{"rendered":"Avocado facial mask manufacturing common formulas The core ingredients of this avocado facial mask are avocado tree resin, camellia sinensis extract and vitamin E. Among them, avocado tree resin is rich in oils and fatty acids, which can deeply nourish the underbelly of the skin and enhance the elasticity and suppleness of the skin. At [&hellip;]","protected":false},"featured_media":480,"menu_order":0,"template":"","meta":[],"product-tag":[],"products":[69],"class_list":["post-479","product","type-product","status-publish","has-post-thumbnail","hentry","products-facial-mask"],"acf":[],"_links":{"self":[{"href":"https:\/\/www.ruiqigo.com\/da\/wp-json\/wp\/v2\/product\/479","targetHints":{"allow":["GET"]}}],"collection":[{"href":"https:\/\/www.ruiqigo.com\/da\/wp-json\/wp\/v2\/product"}],"about":[{"href":"https:\/\/www.ruiqigo.com\/da\/wp-json\/wp\/v2\/types\/product"}],"version-history":[{"count":0,"href":"https:\/\/www.ruiqigo.com\/da\/wp-json\/wp\/v2\/product\/479\/revisions"}],"wp:featuredmedia":[{"embeddable":true,"href":"https:\/\/www.ruiqigo.com\/da\/wp-json\/wp\/v2\/media\/480"}],"wp:attachment":[{"href":"https:\/\/www.ruiqigo.com\/da\/wp-json\/wp\/v2\/media?parent=479"}],"wp:term":[{"taxonomy":"product-tag","embeddable":true,"href":"https:\/\/www.ruiqigo.com\/da\/wp-json\/wp\/v2\/product-tag?post=479"},{"taxonomy":"products","embeddable":true,"href":"https:\/\/www.ruiqigo.com\/da\/wp-json\/wp\/v2\/products?post=479"}],"curies":[{"name":"wp","href":"https:\/\/api.w.org\/{rel}","templated":true}]}}