{"id":484,"date":"2024-07-12T16:15:53","date_gmt":"2024-07-12T08:15:53","guid":{"rendered":"https:\/\/ruiqigo.com\/?post_type=product&#038;p=484"},"modified":"2024-11-05T23:16:03","modified_gmt":"2024-11-05T15:16:03","slug":"oat-facial-mask","status":"publish","type":"product","link":"https:\/\/www.ruiqigo.com\/da\/product\/oat-facial-mask","title":{"rendered":"Havre ansigtsmaske"},"content":{"rendered":"<h2 class=\"wp-block-heading\">Almindelige formler til fremstilling af havremasker<\/h2>\n\n\n\n<p>Kerneingredienserne i denne havre-ansigtsmaske er havreekstrakt, hydrolyseret havreprotein og havre-beta-glucan. Blandt disse er havreekstrakt rig p\u00e5 naturlige saponiner, som blidt eksfolierer urenheder og renser porerne i dybden. Samtidig kan det ogs\u00e5 regulere talgproduktionen og kontrollere dannelsen af hudorme og akne. Hydrolyseret havreprotein kan tr\u00e6nge dybt ind i huden, genopfylde den rige proteinn\u00e6ring og dermed forbedre hudens ruhed og g\u00f8re huden mere delikat og bl\u00f8d. Hvad ang\u00e5r havre-beta-glucan, ved vi som en v\u00e6rdig producent af havre-ansigtsmasker, at det ikke kun effektivt absorberer vand og forbedrer hudens fugtighedsevne, men ogs\u00e5 aktiverer cellerne og forbedrer hudens selvreparerende funktion, s\u00e5 du kan genvinde den gode kvalitet af en lys og krystalklar hud.<\/p>\n\n\n\n<h2 class=\"wp-block-heading\">Anvendelige scenarier for havre-ansigtsmaske<\/h2>\n\n\n\n<p>Havremasken er velegnet til en bred vifte af hudpleje-lejligheder og er is\u00e6r god at bruge, n\u00e5r huden har brug for dybderensning og n\u00e6ring. For eksempel efter en dag med udefrakommende forurening eller ved \u00e5rstidsskiftet, n\u00e5r huden har brug for s\u00e6rlig pleje. Derudover giver havremasken en blid rensende og beroligende effekt til hud, der har haft makeup p\u00e5 i lang tid.<\/p>\n\n\n\n<h2 class=\"wp-block-heading\">Hvem er havre ansigtsmaske egnet til<\/h2>\n\n\n\n<p>Denne maske er is\u00e6r velegnet til personer med tykkere negleb\u00e5nd, der har brug for at give deres hud en lysere tone. For forbrugere med ru hud, forst\u00f8rrede porer eller dem, der lider af akne, kan en havre-ansigtsmaske v\u00e6re en effektiv l\u00f8sning. Det er ogs\u00e5 et ideelt valg for forbrugere, der leder efter naturlig hudpleje og botaniske ingredienser.<\/p>\n\n\n\n<h2 class=\"wp-block-heading\">Produktionsproces for havre-ansigtsmaske<\/h2>\n\n\n\n<p>Produktionsprocessen for havremasker fokuserer p\u00e5 at bevare ingrediensernes naturlige aktivitet og effektivitet. Vi bruger lavtemperaturekstraktionsteknologi til at udvinde de aktive ingredienser fra havre for at sikre deres renhed og stabilitet. Under produktionsprocessen kontrollerer vi strengt produktionsmilj\u00f8et for at sikre vores produkters sterilitet og sikkerhed. Derudover bruger vi som en f\u00f8rende producent af havremasker unikke formuleringer og emulgeringsprocesser for at g\u00f8re maskerne cremede i teksturen og let absorberende, hvilket giver en sk\u00e5nsom, men effektiv hudplejeoplevelse.<\/p>","protected":false},"excerpt":{"rendered":"Oat facial mask manufacturing common formulas The core ingredients of this oat facial mask are oat kernel extract, hydrolyzed oat protein and oat beta-glucan. Among them, Oat Kernel Extract is rich in natural saponins, which gently exfoliates impurities and deeply cleanses pores. At the same time, it can also regulate sebum secretion and control the [&hellip;]","protected":false},"featured_media":485,"menu_order":0,"template":"","meta":[],"product-tag":[],"products":[69],"class_list":["post-484","product","type-product","status-publish","has-post-thumbnail","hentry","products-facial-mask"],"acf":[],"_links":{"self":[{"href":"https:\/\/www.ruiqigo.com\/da\/wp-json\/wp\/v2\/product\/484","targetHints":{"allow":["GET"]}}],"collection":[{"href":"https:\/\/www.ruiqigo.com\/da\/wp-json\/wp\/v2\/product"}],"about":[{"href":"https:\/\/www.ruiqigo.com\/da\/wp-json\/wp\/v2\/types\/product"}],"version-history":[{"count":0,"href":"https:\/\/www.ruiqigo.com\/da\/wp-json\/wp\/v2\/product\/484\/revisions"}],"wp:featuredmedia":[{"embeddable":true,"href":"https:\/\/www.ruiqigo.com\/da\/wp-json\/wp\/v2\/media\/485"}],"wp:attachment":[{"href":"https:\/\/www.ruiqigo.com\/da\/wp-json\/wp\/v2\/media?parent=484"}],"wp:term":[{"taxonomy":"product-tag","embeddable":true,"href":"https:\/\/www.ruiqigo.com\/da\/wp-json\/wp\/v2\/product-tag?post=484"},{"taxonomy":"products","embeddable":true,"href":"https:\/\/www.ruiqigo.com\/da\/wp-json\/wp\/v2\/products?post=484"}],"curies":[{"name":"wp","href":"https:\/\/api.w.org\/{rel}","templated":true}]}}