{"id":489,"date":"2024-07-12T16:33:47","date_gmt":"2024-07-12T08:33:47","guid":{"rendered":"https:\/\/ruiqigo.com\/?post_type=product&#038;p=489"},"modified":"2024-11-05T23:09:49","modified_gmt":"2024-11-05T15:09:49","slug":"herb-facial-mask","status":"publish","type":"product","link":"https:\/\/www.ruiqigo.com\/da\/product\/herb-facial-mask","title":{"rendered":"Urteansigtsmaske"},"content":{"rendered":"<h2 class=\"wp-block-heading\">Almindelige formler til fremstilling af urteansigtsmasker<\/h2>\n\n\n\n<p>Urte-ansigtsmaske indeholder nordamerikansk troldn\u00f8dvand, agurkeekstrakt og amarantekstrakt, rig p\u00e5 adskillige urteekstrakter. Nordamerikansk troldn\u00f8dvand er kendt for sine beroligende og astringerende egenskaber, der hj\u00e6lper med at balancere hudens olie, minimere forst\u00f8rrede porer og genoprette hudens friskhed og raffinement. Agurkeekstrakt er rig p\u00e5 vand og vitaminer, der giver huden \u00f8jeblikkelig fugt, samtidig med at det har en k\u00f8lende og beroligende effekt. Som en p\u00e5lidelig producent af urte-ansigtsmasker ved vi, at amarantekstrakt har antiinflammatoriske og antioxidante egenskaber, der reducerer r\u00f8dme, fremmer hudens sundhed og forbedrer hudens evne til at beskytte sig selv.<\/p>\n\n\n\n<h2 class=\"wp-block-heading\">Anvendelsesscenarier for ansigtsmaske med urter<\/h2>\n\n\n\n<p>Urtemasken er velegnet til en bred vifte af hudplejeanledninger, is\u00e6r n\u00e5r \u00e5rstiderne skifter, n\u00e5r huden uds\u00e6ttes for ydre stimuli, eller n\u00e5r den har v\u00e6ret i et klimaanl\u00e6g i lang tid. Den er ogs\u00e5 ideel til brug i en daglig hudplejerutine for at give regelm\u00e6ssig beroligende og fugtgivende pleje til huden. Derudover giver urtemasken huden essentielle beroligende og genoprettende egenskaber efter en lang rejse eller udend\u00f8rsaktiviteter.<\/p>\n\n\n\n<h2 class=\"wp-block-heading\">Hvem er en urte-ansigtsmaske egnet til?<\/h2>\n\n\n\n<p>Denne maske er velegnet til alle hudtyper, is\u00e6r til sensitiv hud eller hud, der er tilb\u00f8jelig til ydre stimuli. For forbrugere, der s\u00f8ger naturlig hudpleje og \u00f8nsker at minimere kemisk eksponering, tilbyder urtemasken en sk\u00e5nsom, men effektiv hudplejemulighed. Den er ogs\u00e5 velegnet til dem, der har brug for at lindre hudtr\u00e6thed og forynge huden.<\/p>\n\n\n\n<h2 class=\"wp-block-heading\">Produktionsproces for urte-ansigtsmaske<\/h2>\n\n\n\n<p>Vi bruger en unik lavtemperatur vakuummalingsproces med streng temperatur- og tidskontrol for at maksimere tilbageholdelsen af urternes rige n\u00e6ringsstoffer. Vi udv\u00e6lger omhyggeligt naturlige planteingredienser af h\u00f8j kvalitet og bruger en formel uden tils\u00e6tningsstoffer for at sikre, at urteansigtsmasken er sikker og sk\u00e5nsom, og virkelig tager vare p\u00e5 hudens sundhed. Som en v\u00e6rdig producent af urteansigtsmasker bruger vi ogs\u00e5 plastikfri emballagedesign, der fremh\u00e6ver konceptet om milj\u00f8beskyttelse.<\/p>","protected":false},"excerpt":{"rendered":"Herb facial mask manufacturing common formulas Herb facial mask contains North American Witch Hazel Water, Cucumber Extract, and Amaranth Extract, rich in multiple herbal extracts. North American Witch Hazel Water is known for its soothing and astringent properties, helping to balance the skin&#8217;s oil, minimize enlarged pores, and restore freshness and refinement to the skin. [&hellip;]","protected":false},"featured_media":490,"menu_order":0,"template":"","meta":[],"product-tag":[],"products":[69],"class_list":["post-489","product","type-product","status-publish","has-post-thumbnail","hentry","products-facial-mask"],"acf":[],"_links":{"self":[{"href":"https:\/\/www.ruiqigo.com\/da\/wp-json\/wp\/v2\/product\/489","targetHints":{"allow":["GET"]}}],"collection":[{"href":"https:\/\/www.ruiqigo.com\/da\/wp-json\/wp\/v2\/product"}],"about":[{"href":"https:\/\/www.ruiqigo.com\/da\/wp-json\/wp\/v2\/types\/product"}],"version-history":[{"count":0,"href":"https:\/\/www.ruiqigo.com\/da\/wp-json\/wp\/v2\/product\/489\/revisions"}],"wp:featuredmedia":[{"embeddable":true,"href":"https:\/\/www.ruiqigo.com\/da\/wp-json\/wp\/v2\/media\/490"}],"wp:attachment":[{"href":"https:\/\/www.ruiqigo.com\/da\/wp-json\/wp\/v2\/media?parent=489"}],"wp:term":[{"taxonomy":"product-tag","embeddable":true,"href":"https:\/\/www.ruiqigo.com\/da\/wp-json\/wp\/v2\/product-tag?post=489"},{"taxonomy":"products","embeddable":true,"href":"https:\/\/www.ruiqigo.com\/da\/wp-json\/wp\/v2\/products?post=489"}],"curies":[{"name":"wp","href":"https:\/\/api.w.org\/{rel}","templated":true}]}}