{"id":500,"date":"2024-07-16T10:38:36","date_gmt":"2024-07-16T02:38:36","guid":{"rendered":"https:\/\/ruiqigo.com\/?post_type=product&#038;p=500"},"modified":"2024-11-06T11:00:46","modified_gmt":"2024-11-06T03:00:46","slug":"foaming-cleanser","status":"publish","type":"product","link":"https:\/\/www.ruiqigo.com\/da\/product\/foaming-cleanser","title":{"rendered":"Skummende rensemiddel"},"content":{"rendered":"<h2 class=\"wp-block-heading\">Skummende rensemiddel, der fremstiller almindelige formler<\/h2>\n\n\n\n<p>Produktet indeholder kameliaekstrakt og amarantekstrakt. Som producent af skummende rensemidler ved vi, at Camellia Flower Extract er kendt for sine beroligende og antioxidante egenskaber, der hj\u00e6lper med at beskytte huden mod frie radikaler, samtidig med at den forbedrer bl\u00f8dhed og elasticitet. Amaranthusekstrakt: Kendt for sine antiinflammatoriske og antimikrobielle egenskaber, hj\u00e6lper det med at minimere r\u00f8dme og irritation og fremmer sund hud.<\/p>\n\n\n\n<h2 class=\"wp-block-heading\">Skummende reng\u00f8ringsmiddel anvendelige scenarier<\/h2>\n\n\n\n<p>Foaming Cleanser er velegnet til daglig ansigtsrensning, is\u00e6r til t\u00f8r, dehydreret, olietilb\u00f8jelig og problematisk T-zone hud. Det giver en blid, men effektiv renseoplevelse, b\u00e5de om morgenen efter opv\u00e5gning og om aftenen efter fjernelse af makeup. Den er ogs\u00e5 velegnet til brug efter tr\u00e6ning eller efter l\u00e6ngere perioder i udend\u00f8rs milj\u00f8er for at hj\u00e6lpe med at fjerne snavs og forurenende stoffer fra huden.<\/p>\n\n\n\n<h2 class=\"wp-block-heading\">Hvem er Foaming cleanser egnet til<\/h2>\n\n\n\n<p>Denne rensecreme er velegnet til alle hudtyper, inklusive f\u00f8lsom hud. Den skummende reng\u00f8ringsmiddel er et ideelt valg for forbrugere, der s\u00f8ger en sk\u00e5nsom rensende og fugtgivende effekt, eller for dem, der har brug for at lindre og genoplive deres hud.<\/p>\n\n\n\n<h2 class=\"wp-block-heading\">Produktionsproces for skummende rensemiddel<\/h2>\n\n\n\n<p>Som en p\u00e5lidelig producent af skummende rensemidler bruger vi lavtemperatur ultra-mikro-fr\u00e6sningsteknologi for at maksimere tilbageholdelsen af n\u00e6ringsstofferne i Camellia sinensis og Amaranthus sinensis. Samtidig kontrollerer vi strengt temperatur og tid for at sikre, at ingredienserne er koncentreret og ikke beskadiget. Oven i det har vi, som en detaljeret skummende rensemiddelproducent, valgt en tils\u00e6tningsfri formel, der ikke indeholder kemikalier, hvilket skaber en virkelig blid, ikke-irriterende reng\u00f8ringsmiddel.<\/p>","protected":false},"excerpt":{"rendered":"Foaming cleanser manufacturing common formulas The product contains camellia extract and amaranth extract. As a Foaming cleanser manufacturer, we know that Camellia Flower Extract is known for its soothing and antioxidant properties, helping to protect the skin from free radicals while improving softness and elasticity. Amaranthus Extract: Known for its anti-inflammatory and antimicrobial properties, it [&hellip;]","protected":false},"featured_media":501,"menu_order":0,"template":"","meta":[],"product-tag":[],"products":[65],"class_list":["post-500","product","type-product","status-publish","has-post-thumbnail","hentry","products-facial-cleanser"],"acf":[],"_links":{"self":[{"href":"https:\/\/www.ruiqigo.com\/da\/wp-json\/wp\/v2\/product\/500","targetHints":{"allow":["GET"]}}],"collection":[{"href":"https:\/\/www.ruiqigo.com\/da\/wp-json\/wp\/v2\/product"}],"about":[{"href":"https:\/\/www.ruiqigo.com\/da\/wp-json\/wp\/v2\/types\/product"}],"version-history":[{"count":0,"href":"https:\/\/www.ruiqigo.com\/da\/wp-json\/wp\/v2\/product\/500\/revisions"}],"wp:featuredmedia":[{"embeddable":true,"href":"https:\/\/www.ruiqigo.com\/da\/wp-json\/wp\/v2\/media\/501"}],"wp:attachment":[{"href":"https:\/\/www.ruiqigo.com\/da\/wp-json\/wp\/v2\/media?parent=500"}],"wp:term":[{"taxonomy":"product-tag","embeddable":true,"href":"https:\/\/www.ruiqigo.com\/da\/wp-json\/wp\/v2\/product-tag?post=500"},{"taxonomy":"products","embeddable":true,"href":"https:\/\/www.ruiqigo.com\/da\/wp-json\/wp\/v2\/products?post=500"}],"curies":[{"name":"wp","href":"https:\/\/api.w.org\/{rel}","templated":true}]}}