{"id":505,"date":"2024-07-16T10:48:30","date_gmt":"2024-07-16T02:48:30","guid":{"rendered":"https:\/\/ruiqigo.com\/?post_type=product&#038;p=505"},"modified":"2024-11-05T22:55:49","modified_gmt":"2024-11-05T14:55:49","slug":"sulfur-cleanser","status":"publish","type":"product","link":"https:\/\/www.ruiqigo.com\/da\/product\/sulfur-cleanser","title":{"rendered":"Svovl rensemiddel"},"content":{"rendered":"<h2 class=\"wp-block-heading\">Svovlrensemiddel, der fremstiller almindelige formler<\/h2>\n\n\n\n<p>Produktet indeholder svovl, allantoin og alginat. Svovl er en naturlig ingrediens med kraftfulde olie-kontrol og anti-seborrhea egenskaber, samt dr\u00e6ber acne-fremkaldende bakterier og mider. Allantoin: en beroligende og genoprettende ingrediens, der hj\u00e6lper med at reducere irritation, der kan v\u00e6re for\u00e5rsaget af udrensningsprocessen. Som en professionel producent af svovlrens ved vi, at alginat er en fugtgivende ingrediens, der tilf\u00f8rer essentiel fugt til huden, mens den renser og holder den hydreret.<\/p>\n\n\n\n<h2 class=\"wp-block-heading\">Svovlrenser anvendelige scenarier<\/h2>\n\n\n\n<p>Sulphur Cleanser er velegnet til en r\u00e6kke forskellige situationer, hvor der er behov for dybderensning, is\u00e6r til den daglige pleje af fedtet og akneudsat hud. Den er velegnet til brug om morgenen efter opv\u00e5gning, om aftenen efter fjernelse af makeup eller efter tr\u00e6ning for at hj\u00e6lpe med at fjerne olie og snavs fra huden.<\/p>\n\n\n\n<h2 class=\"wp-block-heading\">Hvem er Sulphur cleanser egnet til<\/h2>\n\n\n\n<p>Denne rensecreme er s\u00e6rligt velegnet til fedtet hud, kombineret hud og hud med acne og bumsproblemer. For dem, der leder efter dybderens og sund hud, er Sulphur Facial Cleanser et ideelt valg. For f\u00f8lsom hud anbefales det dog at udf\u00f8re en hudtest f\u00f8r brug.<\/p>\n\n\n\n<h2 class=\"wp-block-heading\">Svovlrenser Produktionsproces<\/h2>\n\n\n\n<p>Under produktionen af Sulphur Facial Cleanser bruger vi avanceret ekstraktions- og emulgeringsteknologi for at sikre effektiviteten og stabiliteten af alle ingredienser. Som en f\u00f8rende producent af svovlrensemidler sikrer vi, ved pr\u00e6cist at kontrollere m\u00e6ngden af svovl, sikkerheden og effektiviteten af vores produkter. Vi bruger aseptisk p\u00e5fyldningsteknologi for at sikre renheden og sikkerheden af vores produkter.<\/p>","protected":false},"excerpt":{"rendered":"Sulfur cleanser manufacturing common formulas The product contains Sulfur, Allantoin, and Alginate. Sulfur is a natural ingredient with powerful oil-control and anti-seborrhea properties, as well as killing acne-causing bacteria and mites. Allantoin: a soothing and restorative ingredient that helps reduce irritation that may be caused by the cleansing process. As a professional Sulfur cleanser manufacturer, [&hellip;]","protected":false},"featured_media":513,"menu_order":0,"template":"","meta":[],"product-tag":[],"products":[65],"class_list":["post-505","product","type-product","status-publish","has-post-thumbnail","hentry","products-facial-cleanser"],"acf":[],"_links":{"self":[{"href":"https:\/\/www.ruiqigo.com\/da\/wp-json\/wp\/v2\/product\/505","targetHints":{"allow":["GET"]}}],"collection":[{"href":"https:\/\/www.ruiqigo.com\/da\/wp-json\/wp\/v2\/product"}],"about":[{"href":"https:\/\/www.ruiqigo.com\/da\/wp-json\/wp\/v2\/types\/product"}],"version-history":[{"count":0,"href":"https:\/\/www.ruiqigo.com\/da\/wp-json\/wp\/v2\/product\/505\/revisions"}],"wp:featuredmedia":[{"embeddable":true,"href":"https:\/\/www.ruiqigo.com\/da\/wp-json\/wp\/v2\/media\/513"}],"wp:attachment":[{"href":"https:\/\/www.ruiqigo.com\/da\/wp-json\/wp\/v2\/media?parent=505"}],"wp:term":[{"taxonomy":"product-tag","embeddable":true,"href":"https:\/\/www.ruiqigo.com\/da\/wp-json\/wp\/v2\/product-tag?post=505"},{"taxonomy":"products","embeddable":true,"href":"https:\/\/www.ruiqigo.com\/da\/wp-json\/wp\/v2\/products?post=505"}],"curies":[{"name":"wp","href":"https:\/\/api.w.org\/{rel}","templated":true}]}}