{"id":507,"date":"2024-07-16T10:59:49","date_gmt":"2024-07-16T02:59:49","guid":{"rendered":"https:\/\/ruiqigo.com\/?post_type=product&#038;p=507"},"modified":"2024-11-05T23:02:10","modified_gmt":"2024-11-05T15:02:10","slug":"charcoal-cleanser","status":"publish","type":"product","link":"https:\/\/www.ruiqigo.com\/da\/product\/charcoal-cleanser","title":{"rendered":"Tr\u00e6kulsrens"},"content":{"rendered":"<h2 class=\"wp-block-heading\">Charcoal Cleanser, der fremstiller almindelige formler<\/h2>\n\n\n\n<p>Tr\u00e6kul har kraftige adsorptionsegenskaber, der kan tr\u00e6nge dybt ind i porerne og effektivt fjerne ophobet olie, st\u00f8v og forskellige urenheder. Samtidig synes vi som en v\u00e6rdig Charcoal Cleanser-producent, at kul ogs\u00e5 har en meget god bakteriedr\u00e6bende og antibakteriel funktion, kan h\u00e6mme v\u00e6ksten af skadelige bakterier, for at forhindre dannelsen af bumser og acne.<\/p>\n\n\n\n<h2 class=\"wp-block-heading\">Charcoal Cleanser anvendelige scenarier<\/h2>\n\n\n\n<p>Charcoal Facial Cleanser er velegnet til brug i en r\u00e6kke forskellige situationer, herunder daglig ansigtsrensning, dybderens efter fjernelse af makeup, rensning efter tr\u00e6ning og i milj\u00f8er med d\u00e5rlig luftkvalitet for at hj\u00e6lpe med at fjerne forurenende stoffer fra huden.<\/p>\n\n\n\n<h2 class=\"wp-block-heading\">Hvem er Charcoal Cleanser egnet til<\/h2>\n\n\n\n<p>Denne rensecreme er s\u00e6rligt velegnet til fedtet hud, kombineret hud og acne-udsat hud. Charcoal Facial Cleanser er et ideelt valg for forbrugere, der leder efter en dybderensende effekt eller for dem, der har brug for at forbedre udseendet af forst\u00f8rrede porer.<\/p>\n\n\n\n<h2 class=\"wp-block-heading\">Charcoal Cleanser produktionsproces<\/h2>\n\n\n\n<p>Under produktionen af Charcoal Facial Cleanser bruger vi avanceret slibe- og blandingsteknologi for at sikre finheden og j\u00e6vn fordeling af toneren. Ved pr\u00e6cist at kontrollere tonerens partikelst\u00f8rrelse forbedrer vi produktets adsorptionskapacitet og renseeffekt. Som en p\u00e5lidelig producent af Charcoal Cleanser bruger vi aseptisk p\u00e5fyldningsteknologi for at sikre renheden og sikkerheden af vores produkter.<\/p>","protected":false},"excerpt":{"rendered":"Charcoal Cleanser manufacturing common formulas Charcoal has powerful adsorption properties that can penetrate deep into the pores and effectively remove accumulated oil, dust and various impurities. At the same time, as a worthy Charcoal Cleanser manufacturer, we think charcoal also has a very good bactericidal and antibacterial function, can inhibit the growth of harmful bacteria, [&hellip;]","protected":false},"featured_media":521,"menu_order":0,"template":"","meta":[],"product-tag":[],"products":[65],"class_list":["post-507","product","type-product","status-publish","has-post-thumbnail","hentry","products-facial-cleanser"],"acf":[],"_links":{"self":[{"href":"https:\/\/www.ruiqigo.com\/da\/wp-json\/wp\/v2\/product\/507","targetHints":{"allow":["GET"]}}],"collection":[{"href":"https:\/\/www.ruiqigo.com\/da\/wp-json\/wp\/v2\/product"}],"about":[{"href":"https:\/\/www.ruiqigo.com\/da\/wp-json\/wp\/v2\/types\/product"}],"version-history":[{"count":0,"href":"https:\/\/www.ruiqigo.com\/da\/wp-json\/wp\/v2\/product\/507\/revisions"}],"wp:featuredmedia":[{"embeddable":true,"href":"https:\/\/www.ruiqigo.com\/da\/wp-json\/wp\/v2\/media\/521"}],"wp:attachment":[{"href":"https:\/\/www.ruiqigo.com\/da\/wp-json\/wp\/v2\/media?parent=507"}],"wp:term":[{"taxonomy":"product-tag","embeddable":true,"href":"https:\/\/www.ruiqigo.com\/da\/wp-json\/wp\/v2\/product-tag?post=507"},{"taxonomy":"products","embeddable":true,"href":"https:\/\/www.ruiqigo.com\/da\/wp-json\/wp\/v2\/products?post=507"}],"curies":[{"name":"wp","href":"https:\/\/api.w.org\/{rel}","templated":true}]}}