{"id":525,"date":"2024-07-16T11:49:03","date_gmt":"2024-07-16T03:49:03","guid":{"rendered":"https:\/\/ruiqigo.com\/?post_type=product&#038;p=525"},"modified":"2024-11-05T23:06:02","modified_gmt":"2024-11-05T15:06:02","slug":"creamy-cleanser","status":"publish","type":"product","link":"https:\/\/www.ruiqigo.com\/da\/product\/creamy-cleanser","title":{"rendered":"Cremet rensemiddel"},"content":{"rendered":"<h2 class=\"wp-block-heading\">Almindelige formler til fremstilling af cremet rensemiddel<\/h2>\n\n\n\n<p>Produktet indeholder natriumhyaluronat, tocopherol. Natriumhyaluronat er et kraftigt fugtighedsbevarende middel, der tiltr\u00e6kker og binder store m\u00e6ngder fugt, hvilket giver langvarig fugtighed og forbedrer hudens elasticitet og fasthed. Som en f\u00f8rende producent af cremede renseprodukter er tocopherol (E-vitamin) en naturlig antioxidant, der hj\u00e6lper med at beskytte huden mod frie radikaler, samtidig med at den fremmer hudreparation og opretholder hudens sundhed.<\/p>\n\n\n\n<h2 class=\"wp-block-heading\">Anvendelige scenarier for cremet rensemiddel<\/h2>\n\n\n\n<p>Cremet renseprodukt er velegnet til daglig ansigtsrensning, is\u00e6r om morgenen efter at v\u00e6re v\u00e5gnet og om aftenen efter at have fjernet makeup. Det er ogs\u00e5 velegnet til brug i t\u00f8rre \u00e5rstider eller i klimaanl\u00e6g for at beskytte huden mod fugttab. Det er ogs\u00e5 ideelt til f\u00f8lsom hud, der kr\u00e6ver sk\u00e5nsom rensning.<\/p>\n\n\n\n<h2 class=\"wp-block-heading\">Hvem er den cremede rensemiddel egnet til<\/h2>\n\n\n\n<p>Denne renseprodukt er velegnet til alle hudtyper, is\u00e6r t\u00f8r, dehydreret eller moden hud. For forbrugere, der har brug for ekstra fugtighed og n\u00e6ring, eller for brugere med sensitiv hud, der s\u00f8ger en mild rensende effekt, er Creamy Cleanser den ideelle l\u00f8sning.<\/p>\n\n\n\n<h2 class=\"wp-block-heading\">Produktionsproces for cremet rensemiddel<\/h2>\n\n\n\n<p>Under produktionen af Creamy Facial Cleanser bruger vi avancerede ekstraktions- og emulgeringsteknikker for at sikre alle ingrediensernes styrke og stabilitet. Ved pr\u00e6cist at kontrollere koncentrationen af natriumhyaluronat og tocopheroler sikrer vi vores produkters fugtgivende og antioxidante virkning. Som producent af Creamy Cleanser bruger vi aseptisk p\u00e5fyldningsteknologi for at sikre vores produkters renhed og sikkerhed. Derudover inkluderer vores fremstillingsproces en unik formuleringsproces, der sikrer, at rensemidlet er cremet, let at p\u00e5f\u00f8re og mildt ikke-irriterende.<\/p>","protected":false},"excerpt":{"rendered":"Creamy cleanser manufacturing common formulas The product contains Sodium Hyaluronate, Tocopherol. Sodium Hyaluronate is a powerful humectant that attracts and locks in large amounts of moisture, providing long-lasting moisturization and improving the skin&#8217;s elasticity and firmness. As a leading Creamy cleanser manufacturer, Tocopherol (Vitamin E) is a natural antioxidant that helps protect the skin from [&hellip;]","protected":false},"featured_media":526,"menu_order":0,"template":"","meta":[],"product-tag":[],"products":[65],"class_list":["post-525","product","type-product","status-publish","has-post-thumbnail","hentry","products-facial-cleanser"],"acf":[],"_links":{"self":[{"href":"https:\/\/www.ruiqigo.com\/da\/wp-json\/wp\/v2\/product\/525","targetHints":{"allow":["GET"]}}],"collection":[{"href":"https:\/\/www.ruiqigo.com\/da\/wp-json\/wp\/v2\/product"}],"about":[{"href":"https:\/\/www.ruiqigo.com\/da\/wp-json\/wp\/v2\/types\/product"}],"version-history":[{"count":0,"href":"https:\/\/www.ruiqigo.com\/da\/wp-json\/wp\/v2\/product\/525\/revisions"}],"wp:featuredmedia":[{"embeddable":true,"href":"https:\/\/www.ruiqigo.com\/da\/wp-json\/wp\/v2\/media\/526"}],"wp:attachment":[{"href":"https:\/\/www.ruiqigo.com\/da\/wp-json\/wp\/v2\/media?parent=525"}],"wp:term":[{"taxonomy":"product-tag","embeddable":true,"href":"https:\/\/www.ruiqigo.com\/da\/wp-json\/wp\/v2\/product-tag?post=525"},{"taxonomy":"products","embeddable":true,"href":"https:\/\/www.ruiqigo.com\/da\/wp-json\/wp\/v2\/products?post=525"}],"curies":[{"name":"wp","href":"https:\/\/api.w.org\/{rel}","templated":true}]}}