{"id":531,"date":"2024-07-18T11:33:12","date_gmt":"2024-07-18T03:33:12","guid":{"rendered":"https:\/\/ruiqigo.com\/?post_type=product&#038;p=531"},"modified":"2024-11-15T17:05:08","modified_gmt":"2024-11-15T09:05:08","slug":"rose-water-facial-toner","status":"publish","type":"product","link":"https:\/\/www.ruiqigo.com\/da\/product\/rose-water-facial-toner","title":{"rendered":"Ansigtstoner med rosenvand"},"content":{"rendered":"<h2 class=\"wp-block-heading\">Rosenvands ansigtstoner fremstiller almindelige formler<\/h2>\n\n\n\n<p>Ansigtstoner med rosenvand indeholder ingrediensen Alginat, der med sin fremragende fugtgivende evne er med til at l\u00e5se fugten ind og beskytte huden mod t\u00f8rre forhold. Panthenol, eller vitamin B5, fremmer dyb hudreparation og styrker hudens barrierefunktion. Som en f\u00f8rende rosenvands-ansigtstonerproducent har Turk Rose Flower Water, beriget med rosen \u00e6terisk olie og en r\u00e6kke phytonutrients, flere virkninger til at berolige huden, lysne teint og antioxidant.<\/p>\n\n\n\n<h2 class=\"wp-block-heading\">Ansigtstoner med rosenvand kan anvendes i scenarier<\/h2>\n\n\n\n<p>Denne rosenvandstoner er velegnet til en lang r\u00e6kke daglige hudplejescenarier. Uanset om det er at v\u00e6kke din hud om morgenen eller rense efter at have fjernet makeup om natten, fugter og revitaliserer denne toner hurtigt din hud. Den er ogs\u00e5 velegnet til hud, der bruger meget tid p\u00e5 computeren eller i milj\u00f8er med aircondition, og hj\u00e6lper med at beskytte huden mod de negative p\u00e5virkninger fra det ydre milj\u00f8.<\/p>\n\n\n\n<h2 class=\"wp-block-heading\">Hvem er Rose water facial toner egnet til<\/h2>\n\n\n\n<p>Ansigtstoner med rosenvand er velegnet til alle hudtyper, is\u00e6r til t\u00f8r, dehydreret, f\u00f8lsom eller moden hud. Denne toner er ideel til forbrugere, der leder efter naturlige ingredienser og blide hudplejeresultater med dens naturlige ingredienser og effektive fugtgivende kraft.<\/p>\n\n\n\n<h2 class=\"wp-block-heading\">Rosenvands-ansigtstonerproduktionsproces<\/h2>\n\n\n\n<p>Vi bruger en unik koldp\u00e5f\u00f8ringsekstraktionsproces til at udvinde naturlige planteekstrakter ved lave temperaturer, bevarer ingrediensernes integritet og aktivitet og sikrer, at vitaminer, polysaccharider og andre n\u00e6ringsstoffer er til stede intakte i produktet for at maksimere dets effektivitet. Samtidig introducerede vi som en f\u00f8rende rosenvands-tonerproducent ogs\u00e5 mikro-cloud mist-teknologien, toneren forst\u00f8ves til fine og ensartede mikrodr\u00e5ber, forsigtigt sprayet p\u00e5 huden, uden at det er n\u00f8dvendigt at t\u00f8rre det hurtigt op, for at skabe en frisk og behagelig brug af f\u00f8lelsen.<\/p>","protected":false},"excerpt":{"rendered":"Rose water facial toner manufacturing common formulas Rose water facial toner contains the ingredient Alginate, which with its excellent moisturizing ability, helps to lock in moisture and protect the skin from dry conditions. Panthenol, or Vitamin B5, promotes deep skin repair and strengthens the skin&#8217;s barrier function. As a leading Rose water facial toner manufacturer, [&hellip;]","protected":false},"featured_media":534,"menu_order":0,"template":"","meta":[],"product-tag":[],"products":[67],"class_list":["post-531","product","type-product","status-publish","has-post-thumbnail","hentry","products-facial-toner"],"acf":[],"_links":{"self":[{"href":"https:\/\/www.ruiqigo.com\/da\/wp-json\/wp\/v2\/product\/531","targetHints":{"allow":["GET"]}}],"collection":[{"href":"https:\/\/www.ruiqigo.com\/da\/wp-json\/wp\/v2\/product"}],"about":[{"href":"https:\/\/www.ruiqigo.com\/da\/wp-json\/wp\/v2\/types\/product"}],"version-history":[{"count":0,"href":"https:\/\/www.ruiqigo.com\/da\/wp-json\/wp\/v2\/product\/531\/revisions"}],"wp:featuredmedia":[{"embeddable":true,"href":"https:\/\/www.ruiqigo.com\/da\/wp-json\/wp\/v2\/media\/534"}],"wp:attachment":[{"href":"https:\/\/www.ruiqigo.com\/da\/wp-json\/wp\/v2\/media?parent=531"}],"wp:term":[{"taxonomy":"product-tag","embeddable":true,"href":"https:\/\/www.ruiqigo.com\/da\/wp-json\/wp\/v2\/product-tag?post=531"},{"taxonomy":"products","embeddable":true,"href":"https:\/\/www.ruiqigo.com\/da\/wp-json\/wp\/v2\/products?post=531"}],"curies":[{"name":"wp","href":"https:\/\/api.w.org\/{rel}","templated":true}]}}