{"id":546,"date":"2024-07-18T12:00:46","date_gmt":"2024-07-18T04:00:46","guid":{"rendered":"https:\/\/ruiqigo.com\/?post_type=product&#038;p=546"},"modified":"2024-11-15T17:01:26","modified_gmt":"2024-11-15T09:01:26","slug":"oil-free-makeup-remover","status":"publish","type":"product","link":"https:\/\/www.ruiqigo.com\/da\/product\/oil-free-makeup-remover","title":{"rendered":"Oliefri makeupfjerner"},"content":{"rendered":"<h2 class=\"wp-block-heading\">Oliefri makeupfjerner, der fremstiller almindelige formler<\/h2>\n\n\n\n<p>Kerneingredienserne i dette produkt inkluderer Poroxam 184 og Camellia sinensis-ekstrakt. Peloxam 184 er et ikke-ionisk overfladeaktivt stof med fremragende rense- og solubiliseringsevne, som effektivt kan opl\u00f8se alle former for kosmetik. Som en p\u00e5lidelig producent af oliefri makeupfjerner er Camellia Extract p\u00e5 den anden side rig p\u00e5 antioxidanter og n\u00e6ringsstoffer, der n\u00e6rer huden og lindrer t\u00f8rhed og stramhed for\u00e5rsaget af makeupfjernelsesprocessen.<\/p>\n\n\n\n<h2 class=\"wp-block-heading\">Anvendelige scenarier med oliefri makeupfjerner<\/h2>\n\n\n\n<p>Denne oliefri makeupfjerner kan bruges i en r\u00e6kke forskellige scenarier. Uanset om det drejer sig om at fjerne daglig makeup, dybderense ophobede urenheder efter en god nats s\u00f8vn eller rense huden for solcreme efter en aktiv dag udend\u00f8rs, g\u00f8r den et fantastisk stykke arbejde med at fjerne makeup. Den er ogs\u00e5 velegnet til personer med s\u00e6rlige hudbehov, s\u00e5som f\u00f8lsom hud, t\u00f8r hud osv., og yder sk\u00e5nsom pleje til huden.<\/p>\n\n\n\n<h2 class=\"wp-block-heading\">Hvem er oliefri makeupfjerner egnet til<\/h2>\n\n\n\n<p>Dette produkt henvender sig til kvinder med hvidkrave i byen, der leder efter sund hud. B\u00e5de kontoransatte og studerende kan v\u00e6lge at bruge det efter deres egne hudforhold. Til fedtet hud og kombineret hud kan det effektivt rense porer og kontrollere olie; til t\u00f8r hud eller f\u00f8lsom hud kan den ogs\u00e5 give sk\u00e5nsom n\u00e6ring for at vedligeholde hudbarrieren.<\/p>\n\n\n\n<h2 class=\"wp-block-heading\">Produktionsproces for oliefri makeupfjerner<\/h2>\n\n\n\n<p>Vores avancerede micell\u00e6re teknologi udnytter overfladeaktive stoffers unikke egenskaber til fuldt ud at emulgere vand- og oliefaserne for at danne sm\u00e5 micell\u00e6re partikler under fremstillingsprocessen. Denne teknologi reducerer ikke kun vand- og energiforbruget markant, men resulterer ogs\u00e5 i et produkt, der er frisk og bl\u00f8dt, uden at belaste huden. Som en p\u00e5lidelig producent af oliefri makeupfjerner har vi ogs\u00e5 valgt biologisk nedbrydeligt dinatrium EDTA som kompleksdannende middel, der erstatter de vanskeligt nedbrydelige ingredienser i traditionelle makeupfjernere for at minimere p\u00e5virkningen af milj\u00f8et.<\/p>","protected":false},"excerpt":{"rendered":"Oil free makeup remover manufacturing common formulas The core ingredients of this product include Poroxam 184 and Camellia sinensis extract. Peloxam 184 is a non-ionic surfactant with excellent cleansing and solubilizing ability, which can effectively dissolve all kinds of cosmetics. As a reliable Oil free makeup remover manufacturer, camellia Extract, on the other hand, is [&hellip;]","protected":false},"featured_media":547,"menu_order":0,"template":"","meta":[],"product-tag":[],"products":[66],"class_list":["post-546","product","type-product","status-publish","has-post-thumbnail","hentry","products-makeup-remover"],"acf":[],"_links":{"self":[{"href":"https:\/\/www.ruiqigo.com\/da\/wp-json\/wp\/v2\/product\/546","targetHints":{"allow":["GET"]}}],"collection":[{"href":"https:\/\/www.ruiqigo.com\/da\/wp-json\/wp\/v2\/product"}],"about":[{"href":"https:\/\/www.ruiqigo.com\/da\/wp-json\/wp\/v2\/types\/product"}],"version-history":[{"count":0,"href":"https:\/\/www.ruiqigo.com\/da\/wp-json\/wp\/v2\/product\/546\/revisions"}],"wp:featuredmedia":[{"embeddable":true,"href":"https:\/\/www.ruiqigo.com\/da\/wp-json\/wp\/v2\/media\/547"}],"wp:attachment":[{"href":"https:\/\/www.ruiqigo.com\/da\/wp-json\/wp\/v2\/media?parent=546"}],"wp:term":[{"taxonomy":"product-tag","embeddable":true,"href":"https:\/\/www.ruiqigo.com\/da\/wp-json\/wp\/v2\/product-tag?post=546"},{"taxonomy":"products","embeddable":true,"href":"https:\/\/www.ruiqigo.com\/da\/wp-json\/wp\/v2\/products?post=546"}],"curies":[{"name":"wp","href":"https:\/\/api.w.org\/{rel}","templated":true}]}}