{"id":551,"date":"2024-07-18T14:36:33","date_gmt":"2024-07-18T06:36:33","guid":{"rendered":"https:\/\/ruiqigo.com\/?post_type=product&#038;p=551"},"modified":"2024-11-15T17:00:56","modified_gmt":"2024-11-15T09:00:56","slug":"coconut-oil-makeup-remover","status":"publish","type":"product","link":"https:\/\/www.ruiqigo.com\/da\/product\/coconut-oil-makeup-remover","title":{"rendered":"Kokosolie makeupfjerner"},"content":{"rendered":"<h2 class=\"wp-block-heading\">Kokosolie makeup remover, der fremstiller almindelige formler<\/h2>\n\n\n\n<p>Kerneingredienserne i dette produkt omfatter kokosolie, tocoferoler og solsikkefr\u00f8olie. Kokosolie er rig p\u00e5 fedtsyrer s\u00e5som laurinsyre og stearinsyre, som har fremragende solubiliserende og rensende evner til at fjerne alle typer makeup. Tocopherol er en kraftfuld naturlig antioxidant, der reparerer og beskytter huden mod milj\u00f8skader. Som en p\u00e5lidelig producent af makeupfjerner for kokosolie ved vi, at solsikkefr\u00f8olie, rig p\u00e5 vitamin E og linolensyre, n\u00e6rer huden i dybden og lindrer t\u00f8rhed og stramhed.<\/p>\n\n\n\n<h2 class=\"wp-block-heading\">Anvendelige scenarier for makeupfjerner for kokosolie<\/h2>\n\n\n\n<p>Coconut Oil Makeup Remover er velegnet til en bred vifte af applikationer. Denne Coconut Oil Makeup Remover kan bruges i en lang r\u00e6kke scenarier. Uanset om det er at fjerne daglig makeup, dybderense ophobede urenheder eller rense huden inden sengetid, er det en fantastisk m\u00e5de at rense og n\u00e6re p\u00e5. Den er ogs\u00e5 ideel til dem, der elsker naturlig hudpleje, da den sk\u00e5nsomt plejer huden.<\/p>\n\n\n\n<h2 class=\"wp-block-heading\">Hvem er makeupfjerner for kokosolie egnet til<\/h2>\n\n\n\n<p>Dette produkt henvender sig til kvinder med hvidkrave i byerne, der s\u00f8ger sund og naturlig hud. Uanset om du er kontormedarbejder, studerende eller en naturlig plejer, kan du v\u00e6lge at bruge dette produkt alt efter din hudtilstand. Til t\u00f8r og f\u00f8lsom hud kan den give rig fugtgivende og n\u00e6rende, lindre t\u00f8rhed og stramhed; til kombineret eller fedtet hud kan den ogs\u00e5 rense porer og regulere olie.<\/p>\n\n\n\n<h2 class=\"wp-block-heading\">Kokosolie makeup remover produktionsproces<\/h2>\n\n\n\n<p>Vi bruger en avanceret koldpresningsproces til pr\u00e6cis at blande naturlige planteolier som kokosolie, tocopherol og solsikkefr\u00f8olie for at sikre, at alle n\u00e6ringsstoffer bevares under produktionsprocessen. Som en p\u00e5lidelig producent af makeupfjerner for kokosolie bruger vi ogs\u00e5 en lavtemperaturp\u00e5fyldningsproces for at undg\u00e5 \u00f8del\u00e6ggelse af n\u00e6ringsstoffer ved h\u00f8je temperaturer. Sammenlignet med traditionelle makeupfjernere er hele processen gr\u00f8n og milj\u00f8venlig.<\/p>","protected":false},"excerpt":{"rendered":"Coconut oil makeup remover manufacturing common formulas The core ingredients of this product include coconut oil, tocopherols and sunflower seed oil. Coconut oil is rich in fatty acids such as lauric acid and stearic acid, which have excellent solubilizing and cleansing abilities to remove all types of makeup. Tocopherol is a powerful natural antioxidant that [&hellip;]","protected":false},"featured_media":552,"menu_order":0,"template":"","meta":[],"product-tag":[],"products":[66],"class_list":["post-551","product","type-product","status-publish","has-post-thumbnail","hentry","products-makeup-remover"],"acf":[],"_links":{"self":[{"href":"https:\/\/www.ruiqigo.com\/da\/wp-json\/wp\/v2\/product\/551","targetHints":{"allow":["GET"]}}],"collection":[{"href":"https:\/\/www.ruiqigo.com\/da\/wp-json\/wp\/v2\/product"}],"about":[{"href":"https:\/\/www.ruiqigo.com\/da\/wp-json\/wp\/v2\/types\/product"}],"version-history":[{"count":0,"href":"https:\/\/www.ruiqigo.com\/da\/wp-json\/wp\/v2\/product\/551\/revisions"}],"wp:featuredmedia":[{"embeddable":true,"href":"https:\/\/www.ruiqigo.com\/da\/wp-json\/wp\/v2\/media\/552"}],"wp:attachment":[{"href":"https:\/\/www.ruiqigo.com\/da\/wp-json\/wp\/v2\/media?parent=551"}],"wp:term":[{"taxonomy":"product-tag","embeddable":true,"href":"https:\/\/www.ruiqigo.com\/da\/wp-json\/wp\/v2\/product-tag?post=551"},{"taxonomy":"products","embeddable":true,"href":"https:\/\/www.ruiqigo.com\/da\/wp-json\/wp\/v2\/products?post=551"}],"curies":[{"name":"wp","href":"https:\/\/api.w.org\/{rel}","templated":true}]}}