{"id":556,"date":"2024-07-18T14:56:34","date_gmt":"2024-07-18T06:56:34","guid":{"rendered":"https:\/\/ruiqigo.com\/?post_type=product&#038;p=556"},"modified":"2024-11-06T14:39:21","modified_gmt":"2024-11-06T06:39:21","slug":"moisturizing-body-lotion","status":"publish","type":"product","link":"https:\/\/www.ruiqigo.com\/da\/product\/moisturizing-body-lotion","title":{"rendered":"Fugtgivende bodylotion"},"content":{"rendered":"<h3 class=\"wp-block-heading\">Fugtgivende bodylotion fremstiller almindelige formler<\/h3>\n\n\n\n<p>Alginat har en unik molekyl\u00e6r struktur, der adsorberer og l\u00e5ser fugt ind i huden, hvilket giver kraftig fugt. Det styrker ogs\u00e5 hudens barrierefunktion og forbedrer hudens modstandsdygtighed over for modgang. Som en naturlig antioxidant kan tocopherol neutralisere frie radikaler, reparere hudskader og forbedre hudens tekstur. Som en f\u00f8rende Moisturizing body lotion-producent ved vi, at den ogs\u00e5 har fremragende fugtgivende og bl\u00f8dg\u00f8rende egenskaber, hvilket g\u00f8r huden mere n\u00e6ret og smidig. Ethylhexylglycerin er et s\u00e6rligt glycerinderivat med fremragende fugtighedsgennemtr\u00e6ngning, som kan tr\u00e6nge dybt ind i hornlaget for at genopbygge fugt, \u00f8ge hudens vandindhold og forbedre hudens t\u00f8rre og ru tilstand.<\/p>\n\n\n\n<h3 class=\"wp-block-heading\">Fugtgivende bodylotion Anvendelige scenarier<\/h3>\n\n\n\n<p>Denne fugtgivende bodylotion er velegnet til alle hudtyper, is\u00e6r til t\u00f8r og dehydreret hud. Uanset om det er daglig pleje eller s\u00e6rlig pleje under vejrskift, kan det effektivt genopbygge hudens fugt og n\u00e6ringsstoffer, der er n\u00f8dvendige for at holde din hud fugtet og glat.<\/p>\n\n\n\n<h3 class=\"wp-block-heading\">Hvem er Moisturizing body lotion dragt til<\/h3>\n\n\n\n<p>Denne bodylotion er velegnet til alle hudtyper, is\u00e6r t\u00f8r, dehydreret eller moden hud. Den er ideel til forbrugere, der leder efter naturlige ingredienser og h\u00f8j fugtgivende effekt. Forbrugere med sensitiv hud kan ogs\u00e5 drage fordel af det, da dets blide formel reducerer hudirritation.<\/p>\n\n\n\n<h3 class=\"wp-block-heading\">Fugtgivende bodylotion Produktionsproces<\/h3>\n\n\n\n<p>Som en p\u00e5lidelig Moisturizing body lotion-producent anvender produktet en lavtemperatur mikrokrystallinsk molekyl\u00e6r ekstraktionsproces, som effektivt kan bevare den oprindelige effekt af naturlige aktive ingredienser. Samtidig anvender den ogs\u00e5 den patenterede molekyl\u00e6re indlejringsteknologi, s\u00e5 de fugtgivende ingredienser lettere kan absorberes og penetreres for at maksimere de n\u00e6rende og reparerende effekter. Hele produktionsprocessen uden kemiske tils\u00e6tningsstoffer for at sikre, at produktet er gr\u00f8nt og sikkert.<\/p>\n\n\n\n<p><\/p>","protected":false},"excerpt":{"rendered":"Moisturizing body lotion manufacturing Common Formulas Alginate has a unique molecular structure that adsorbs and locks moisture into the skin, providing powerful moisturization. It also strengthens the skin&#8217;s barrier function and improves the skin&#8217;s resistance to adversity. As a natural antioxidant, tocopherol can neutralize free radicals, repair skin damage and improve skin texture. As a [&hellip;]","protected":false},"featured_media":557,"menu_order":0,"template":"","meta":[],"product-tag":[],"products":[70],"class_list":["post-556","product","type-product","status-publish","has-post-thumbnail","hentry","products-moisturizing-lotion"],"acf":[],"_links":{"self":[{"href":"https:\/\/www.ruiqigo.com\/da\/wp-json\/wp\/v2\/product\/556","targetHints":{"allow":["GET"]}}],"collection":[{"href":"https:\/\/www.ruiqigo.com\/da\/wp-json\/wp\/v2\/product"}],"about":[{"href":"https:\/\/www.ruiqigo.com\/da\/wp-json\/wp\/v2\/types\/product"}],"version-history":[{"count":0,"href":"https:\/\/www.ruiqigo.com\/da\/wp-json\/wp\/v2\/product\/556\/revisions"}],"wp:featuredmedia":[{"embeddable":true,"href":"https:\/\/www.ruiqigo.com\/da\/wp-json\/wp\/v2\/media\/557"}],"wp:attachment":[{"href":"https:\/\/www.ruiqigo.com\/da\/wp-json\/wp\/v2\/media?parent=556"}],"wp:term":[{"taxonomy":"product-tag","embeddable":true,"href":"https:\/\/www.ruiqigo.com\/da\/wp-json\/wp\/v2\/product-tag?post=556"},{"taxonomy":"products","embeddable":true,"href":"https:\/\/www.ruiqigo.com\/da\/wp-json\/wp\/v2\/products?post=556"}],"curies":[{"name":"wp","href":"https:\/\/api.w.org\/{rel}","templated":true}]}}