{"id":561,"date":"2024-07-18T15:02:16","date_gmt":"2024-07-18T07:02:16","guid":{"rendered":"https:\/\/ruiqigo.com\/?post_type=product&#038;p=561"},"modified":"2024-11-06T14:35:11","modified_gmt":"2024-11-06T06:35:11","slug":"moisturizing-facial-lotion","status":"publish","type":"product","link":"https:\/\/www.ruiqigo.com\/da\/product\/moisturizing-facial-lotion","title":{"rendered":"Fugtgivende ansigtslotion"},"content":{"rendered":"<h3 class=\"wp-block-heading\">Fremstilling af fugtgivende ansigtslotion Almindelige formler<\/h3>\n\n\n\n<p>Ethylhexylglycerin: en mild fugtighedscreme, der styrker hudens naturlige barriere og reducerer fugttab. Centella Asiatica bladekstrakt: Kendt for sine kraftfulde genoprettende og lindrende egenskaber, hj\u00e6lper det med at minimere r\u00f8dme og irritation. Som en p\u00e5lidelig producent af fugtgivende ansigtslotion ved vi, at nordamerikansk troldn\u00f8dvand: Indeholder naturlige botaniske ingredienser, der hj\u00e6lper med at regulere hudens olie og stramme porerne for at holde huden frisk. Camellia Sinensis blomsterekstrakt: Rig p\u00e5 antioxidanter, der hj\u00e6lper med at beskytte huden mod milj\u00f8m\u00e6ssige stressfaktorer, samtidig med at den giver n\u00e6ring og fugt.<\/p>\n\n\n\n<h3 class=\"wp-block-heading\">Fugtgivende ansigtslotion Anvendelige scenarier<\/h3>\n\n\n\n<p>Den fugtgivende ansigtslotion er velegnet til flere dele af din hudplejerutine. Uanset om det er om morgenen efter rensning eller om aftenen efter fjernelse af makeup, giver den huden langvarig fugt. Den er ogs\u00e5 velegnet til brug i t\u00f8rre \u00e5rstider eller lange perioder i airconditionerede omgivelser for at beskytte huden mod de negative virkninger fra det ydre milj\u00f8.<\/p>\n\n\n\n<h3 class=\"wp-block-heading\">Hvem er fugtgivende ansigtslotion-s\u00e6t til?<\/h3>\n\n\n\n<p>Denne lotion er velegnet til alle hudtyper, is\u00e6r t\u00f8r, dehydreret eller sensitiv hud. Den er ideel til forbrugere, der s\u00f8ger naturlig hudpleje og effektive fugtgivende effekter. Til hud, der har brug for ekstra beroligende og reparerende virkning, giver Centella Asiatica-bladekstrakt og Camellia Sinensis-blomstekstrakt ekstra pleje.<\/p>\n\n\n\n<h3 class=\"wp-block-heading\">Produktionsproces for fugtgivende ansigtslotion<\/h3>\n\n\n\n<p>Under produktionen af vores fugtgivende ansigtslotion bruger vi avanceret emulgeringsteknologi for at sikre lotionens stabilitet og hudvenlighed. Som en dygtig producent af fugtgivende ansigtslotion optimerer vi emulsionens tekstur og fugtgivende effekt ved pr\u00e6cist at kontrollere ingrediensforhold og produktionsforhold. Derudover bruger vi aseptisk p\u00e5fyldningsteknologi for at sikre vores produkters renhed og sikkerhed.<\/p>","protected":false},"excerpt":{"rendered":"Moisturizing Facial lotion manufacturing Common Formulas Ethylhexylglycerin: a gentle moisturizer that strengthens the skin&#8217;s natural barrier and reduces moisture loss. Centella Asiatica Leaf Extract: Known for its powerful restorative and soothing properties, it helps minimize redness and irritation. As a reliable Moisturizing Facial lotion manufacturer, we know that North American Witch Hazel Water: Contains natural [&hellip;]","protected":false},"featured_media":562,"menu_order":0,"template":"","meta":[],"product-tag":[],"products":[70],"class_list":["post-561","product","type-product","status-publish","has-post-thumbnail","hentry","products-moisturizing-lotion"],"acf":[],"_links":{"self":[{"href":"https:\/\/www.ruiqigo.com\/da\/wp-json\/wp\/v2\/product\/561","targetHints":{"allow":["GET"]}}],"collection":[{"href":"https:\/\/www.ruiqigo.com\/da\/wp-json\/wp\/v2\/product"}],"about":[{"href":"https:\/\/www.ruiqigo.com\/da\/wp-json\/wp\/v2\/types\/product"}],"version-history":[{"count":0,"href":"https:\/\/www.ruiqigo.com\/da\/wp-json\/wp\/v2\/product\/561\/revisions"}],"wp:featuredmedia":[{"embeddable":true,"href":"https:\/\/www.ruiqigo.com\/da\/wp-json\/wp\/v2\/media\/562"}],"wp:attachment":[{"href":"https:\/\/www.ruiqigo.com\/da\/wp-json\/wp\/v2\/media?parent=561"}],"wp:term":[{"taxonomy":"product-tag","embeddable":true,"href":"https:\/\/www.ruiqigo.com\/da\/wp-json\/wp\/v2\/product-tag?post=561"},{"taxonomy":"products","embeddable":true,"href":"https:\/\/www.ruiqigo.com\/da\/wp-json\/wp\/v2\/products?post=561"}],"curies":[{"name":"wp","href":"https:\/\/api.w.org\/{rel}","templated":true}]}}