{"id":566,"date":"2024-07-18T15:16:04","date_gmt":"2024-07-18T07:16:04","guid":{"rendered":"https:\/\/ruiqigo.com\/?post_type=product&#038;p=566"},"modified":"2024-11-06T14:05:41","modified_gmt":"2024-11-06T06:05:41","slug":"olive-oil-moisturizing-lotion","status":"publish","type":"product","link":"https:\/\/www.ruiqigo.com\/da\/product\/olive-oil-moisturizing-lotion","title":{"rendered":"Olivenolie fugtgivende lotion"},"content":{"rendered":"<h3 class=\"wp-block-heading\">Olivenolie fugtgivende lotion fremstiller almindelige formler<\/h3>\n\n\n\n<p>De aktive ingredienser i Olive Oil Moisturizing Lotion omfatter hovedsageligt olivenolieekstrakt, hyaluronsyre og moisturizing Factor. Olivenolieekstrakt er rig p\u00e5 um\u00e6ttede fedtsyrer s\u00e5som oliesyre, som hj\u00e6lper med at s\u00e6nke kolesterol, beskytter hjertesundheden og har antioxidantegenskaber. Som en f\u00f8rende producent af fugtgivende olivenolie ved vi, at hyaluronsyre er en overlegen fugtgivende ingrediens, som b\u00e6rer mere end 500 gange sin egen v\u00e6gt i vand for at fugte huden i dybden. Derudover hj\u00e6lper den fugtgivende faktor til, at huden l\u00e5ser fugt og opretholder hudens fugt.<\/p>\n\n\n\n<h3 class=\"wp-block-heading\">Olivenolie fugtgivende lotion Anvendelige scenarier<\/h3>\n\n\n\n<p>Olivenolie Moisturizing Lotion er velegnet til en lang r\u00e6kke scenarier, herunder daglig hudpleje, t\u00f8rre milj\u00f8er, v\u00e6relser med aircondition og efter udend\u00f8rsaktiviteter. Den er is\u00e6r velegnet til folk, der ofte befinder sig i t\u00f8rre omgivelser. Brugt to gange om ugen hj\u00e6lper det huden med bedre at bek\u00e6mpe t\u00f8rre omgivelser, forbedrer t\u00f8rhed og forst\u00f8rrede porer for\u00e5rsaget af soleksponering og holder huden frisk og fugtet.<\/p>\n\n\n\n<h3 class=\"wp-block-heading\">Hvem er Olivenolie fugtgivende lotiondragt til<\/h3>\n\n\n\n<p>Olivenolie Moisturizing Lotion er velegnet til alle typer mennesker, is\u00e6r dem der har brug for ekstra fugtgivende og n\u00e6rende hud. Den er velegnet til sp\u00e6db\u00f8rn, gravide og ammende m\u00f8dre, fordi n\u00e6ringsstofferne i olivenolie ligner moderm\u00e6lk, som let optages og fremmer v\u00e6kst og udvikling af sp\u00e6db\u00f8rns nerver og knogler. Den er ogs\u00e5 velegnet til kvinder, der elsker sk\u00f8nhed, fordi den indeholder antioxidantstoffer, der kan fjerne ansigtsrynker og forhindre hudens aldring. Til patienter med hjerte-kar- og cerebrovaskul\u00e6re sygdomme, diabetes-, gastritis- og maves\u00e5rpatienter samt sub-sunde mennesker kan olivenolie fugtgivende lotion desuden give passende hudpleje- og sundhedseffekter.<\/p>\n\n\n\n<h3 class=\"wp-block-heading\">Olivenolie fugtgivende lotion Produktionsproces<\/h3>\n\n\n\n<p>Olivenolie fugtgivende lotion vedtager unik h\u00f8jteknologisk ekstraktionsteknologi og originalt importeret professionelt emulgeringsudstyr. Under produktionsprocessen l\u00e6gges der s\u00e6rlig v\u00e6gt p\u00e5 at bevare olivenoliens naturlige n\u00e6ringsstoffer uden opvarmning og kemisk behandling for at sikre, at olivenolieekstrakten i produktet bevarer sin naturlige aktivitet. Derudover er produkterne, som en f\u00f8rende producent af olivenolie fugtgivende lotion, blevet godkendt af hudl\u00e6ger og markedstests under forsknings- og udviklingsprocessen for at sikre deres sikkerhed og effektivitet.<\/p>","protected":false},"excerpt":{"rendered":"Olive oil moisturizing lotion manufacturing Common Formulas The active ingredients of Olive Oil Moisturizing Lotion mainly include Olive Oil Extract, Hyaluronic Acid and Moisturizing Factor. Olive Oil Extract is rich in unsaturated fatty acids such as Oleic Acid, which helps lower cholesterol, protects heart health and has antioxidant properties. As a leading Olive oil moisturizing [&hellip;]","protected":false},"featured_media":567,"menu_order":0,"template":"","meta":[],"product-tag":[],"products":[70],"class_list":["post-566","product","type-product","status-publish","has-post-thumbnail","hentry","products-moisturizing-lotion"],"acf":[],"_links":{"self":[{"href":"https:\/\/www.ruiqigo.com\/da\/wp-json\/wp\/v2\/product\/566","targetHints":{"allow":["GET"]}}],"collection":[{"href":"https:\/\/www.ruiqigo.com\/da\/wp-json\/wp\/v2\/product"}],"about":[{"href":"https:\/\/www.ruiqigo.com\/da\/wp-json\/wp\/v2\/types\/product"}],"version-history":[{"count":0,"href":"https:\/\/www.ruiqigo.com\/da\/wp-json\/wp\/v2\/product\/566\/revisions"}],"wp:featuredmedia":[{"embeddable":true,"href":"https:\/\/www.ruiqigo.com\/da\/wp-json\/wp\/v2\/media\/567"}],"wp:attachment":[{"href":"https:\/\/www.ruiqigo.com\/da\/wp-json\/wp\/v2\/media?parent=566"}],"wp:term":[{"taxonomy":"product-tag","embeddable":true,"href":"https:\/\/www.ruiqigo.com\/da\/wp-json\/wp\/v2\/product-tag?post=566"},{"taxonomy":"products","embeddable":true,"href":"https:\/\/www.ruiqigo.com\/da\/wp-json\/wp\/v2\/products?post=566"}],"curies":[{"name":"wp","href":"https:\/\/api.w.org\/{rel}","templated":true}]}}