{"id":571,"date":"2024-07-18T15:56:32","date_gmt":"2024-07-18T07:56:32","guid":{"rendered":"https:\/\/ruiqigo.com\/?post_type=product&#038;p=571"},"modified":"2024-11-15T17:00:29","modified_gmt":"2024-11-15T09:00:29","slug":"marula-facial-oil","status":"publish","type":"product","link":"https:\/\/www.ruiqigo.com\/da\/product\/marula-facial-oil","title":{"rendered":"Marula ansigtsolie"},"content":{"rendered":"<h2 class=\"wp-block-heading\">Marula ansigtsolie fremstiller almindelige formler<\/h2>\n\n\n\n<p>Burr&#039;s Hard Walnut Seed Oil er rig p\u00e5 antioxidanter og essentielle fedtsyrer, denne olie n\u00e6rer huden i dybden og forbedrer dens elasticitet og fugtgivende evne. Jojoba Seed Oil: En fremragende fugtighedscreme, Jojoba Seed Oil tr\u00e6nger hurtigt ind i huden for at reducere t\u00f8rhed og ruhed, mens den regulerer hudens oliebalance. Som en f\u00f8rende producent af Marula-ansigtsolie ved vi, at entaerythritol Ester fungerer som en mild emulgator, der hj\u00e6lper med at bevare fugten og forbedre hudens barrierefunktion.<\/p>\n\n\n\n<h2 class=\"wp-block-heading\">Anvendelige scenarier for Marula ansigtsolie<\/h2>\n\n\n\n<p>Marula Facial Oil er velegnet til flere aspekter af din hudplejerutine. Om morgenen efter rensning eller om aftenen efter fjernelse af makeup, giver den langvarig fugt til huden. Den er ogs\u00e5 velegnet til brug i t\u00f8rre \u00e5rstider eller lange perioder i klimatiserede milj\u00f8er for at hj\u00e6lpe med at beskytte huden mod de negative virkninger af det ydre milj\u00f8.<\/p>\n\n\n\n<h2 class=\"wp-block-heading\">Hvem er Marula ansigtsolie velegnet til<\/h2>\n\n\n\n<p>Denne ansigtsolie er velegnet til alle hudtyper, is\u00e6r t\u00f8r, dehydreret eller f\u00f8lsom hud. Marula Facial Oil er ideel til forbrugere, der leder efter naturlige ingredienser og effektive fugtgivende effekter. Den er is\u00e6r velegnet til dem, der har brug for at forbedre t\u00f8r, ru eller moden hud.<\/p>\n\n\n\n<h2 class=\"wp-block-heading\">Marula-fremstillingsproces for ansigtsolie<\/h2>\n\n\n\n<p>I produktionen af Marula Facial Oil bruger vi avanceret koldpresningsteknologi til at udvinde Burr Hard Walnut Seed Oil og Jojoba Seed Oil for at bevare deres naturlige n\u00e6ringsstoffer. Ved pr\u00e6cist at kontrollere emulgeringsprocessen og produktionsbetingelserne sikrer vi, at ansigtsolierne er stabile og hudvenlige. Derudover bruger vi aseptisk p\u00e5fyldningsteknologi for at sikre renheden og sikkerheden af vores produkter. Som en professionel Marula-ansigtsolieproducent f\u00f8lger hele produktionsprocessen strenge kvalitetskontrolstandarder for at sikre, at hver flaske ansigtsolie leverer b\u00e5de effektiv fugtighed og sk\u00e5nsom pleje.<\/p>","protected":false},"excerpt":{"rendered":"Marula facial oil manufacturing common formulas Burr&#8217;s Hard Walnut Seed Oil is rich in antioxidants and essential fatty acids, this oil deeply nourishes the skin and improves its elasticity and moisturizing ability. Jojoba Seed Oil: An excellent moisturizer, Jojoba Seed Oil quickly penetrates the skin to reduce dryness and roughness while regulating the skin&#8217;s oil [&hellip;]","protected":false},"featured_media":572,"menu_order":0,"template":"","meta":[],"product-tag":[],"products":[62],"class_list":["post-571","product","type-product","status-publish","has-post-thumbnail","hentry","products-facial-oil"],"acf":[],"_links":{"self":[{"href":"https:\/\/www.ruiqigo.com\/da\/wp-json\/wp\/v2\/product\/571","targetHints":{"allow":["GET"]}}],"collection":[{"href":"https:\/\/www.ruiqigo.com\/da\/wp-json\/wp\/v2\/product"}],"about":[{"href":"https:\/\/www.ruiqigo.com\/da\/wp-json\/wp\/v2\/types\/product"}],"version-history":[{"count":0,"href":"https:\/\/www.ruiqigo.com\/da\/wp-json\/wp\/v2\/product\/571\/revisions"}],"wp:featuredmedia":[{"embeddable":true,"href":"https:\/\/www.ruiqigo.com\/da\/wp-json\/wp\/v2\/media\/572"}],"wp:attachment":[{"href":"https:\/\/www.ruiqigo.com\/da\/wp-json\/wp\/v2\/media?parent=571"}],"wp:term":[{"taxonomy":"product-tag","embeddable":true,"href":"https:\/\/www.ruiqigo.com\/da\/wp-json\/wp\/v2\/product-tag?post=571"},{"taxonomy":"products","embeddable":true,"href":"https:\/\/www.ruiqigo.com\/da\/wp-json\/wp\/v2\/products?post=571"}],"curies":[{"name":"wp","href":"https:\/\/api.w.org\/{rel}","templated":true}]}}