{"id":576,"date":"2024-07-18T16:27:29","date_gmt":"2024-07-18T08:27:29","guid":{"rendered":"https:\/\/ruiqigo.com\/?post_type=product&#038;p=576"},"modified":"2024-11-15T16:59:41","modified_gmt":"2024-11-15T08:59:41","slug":"coconut-facial-oil","status":"publish","type":"product","link":"https:\/\/www.ruiqigo.com\/da\/product\/coconut-facial-oil","title":{"rendered":"Kokos ansigtsolie"},"content":{"rendered":"<h2 class=\"wp-block-heading\">Almindelige formler til fremstilling af kokosolie til ansigtet<\/h2>\n\n\n\n<p>Kokosolie, udvundet af den tropiske kokosfrugt, er rig p\u00e5 en r\u00e6kke vitaminer og mineraler, har en god fugtgivende og genoprettende effekt, kan n\u00e6re huden i dybden og forbedre hudens barrierefunktion. Jojobafr\u00f8olie, udvundet af jojobaplanten, har en molekyl\u00e6r struktur, der ligner menneskelig talg, absorberes let af huden og regulerer effektivt hudens vand-oliebalance for at lindre t\u00f8rhed og ruhed. Som en f\u00f8rende producent af kokosolie til ansigtet har pentaerythritol tetramer, en naturlig olie af h\u00f8j kvalitet, gode fugtgivende egenskaber, kan binde hudens fugtighed og forhindre vandtab.<\/p>\n\n\n\n<h2 class=\"wp-block-heading\">Anvendelige scenarier for kokosolie til ansigtet<\/h2>\n\n\n\n<p>Kokosolie til ansigtet er velegnet til en r\u00e6kke forskellige situationer, s\u00e5som daglig hudpleje og specialpleje. P\u00e5f\u00f8r kokosolie om morgenen efter du er v\u00e5gnet, for at give huden energi og starte dagen; brug den om aftenen inden sengetid for at hj\u00e6lpe huden med at reparere beskadigede celler og forbedre hudens selvhelbredende evne. Derudover giver kokosolie ekstra n\u00e6ring til huden i den t\u00f8rre, kolde \u00e5rstid og forhindrer t\u00f8rhed og sprukken hud.<\/p>\n\n\n\n<h2 class=\"wp-block-heading\">Hvem er kokosolie til ansigtet egnet til<\/h2>\n\n\n\n<p>Kokosansigtsolie er velegnet til alle hudtyper, is\u00e6r t\u00f8r, dehydreret og sensitiv hud. Kokosansigtsolie er et ideelt hudplejevalg for forbrugere, der s\u00f8ger naturlig hudpleje og hudpleje. Den er sikker at bruge af gravide og ammende kvinder samt b\u00f8rn.<\/p>\n\n\n\n<h2 class=\"wp-block-heading\">Produktionsproces for kokosolie til ansigtet<\/h2>\n\n\n\n<p>For at sikre kvaliteten af kokosolie til ansigtet bruger vi en unik koldpresningsproces, der maksimerer tilbageholdelsen af de aktive ingredienser i kokosolie, jojobafr\u00f8olie og tetra-pentaerythritol. Under produktionsprocessen f\u00f8lger vi n\u00f8je standarderne for aseptisk og ikke-forurenende drift for at sikre vores produkters sikkerhed og effektivitet. Derudover bruger vi som professionel producent af kokosolie til ansigtet avanceret molekyl\u00e6r destillationsteknologi til at fjerne urenheder, hvilket g\u00f8r produktet renere og lettere for huden at absorbere. Gennem en r\u00e6kke sk\u00e5nsomme produktionsprocesser bringer vi dig denne naturlige, sk\u00e5nsomme og effektive kokosolie til ansigtet.<\/p>","protected":false},"excerpt":{"rendered":"Coconut facial oil manufacturing common formulas Coconut oil, derived from the tropical coconut fruit, is rich in a variety of vitamins and minerals, has a good moisturizing and restorative effect, can deeply nourish the skin, enhance the skin barrier function. Jojoba seed oil, extracted from the jojoba plant, its molecular structure is similar to human [&hellip;]","protected":false},"featured_media":577,"menu_order":0,"template":"","meta":[],"product-tag":[],"products":[62],"class_list":["post-576","product","type-product","status-publish","has-post-thumbnail","hentry","products-facial-oil"],"acf":[],"_links":{"self":[{"href":"https:\/\/www.ruiqigo.com\/da\/wp-json\/wp\/v2\/product\/576","targetHints":{"allow":["GET"]}}],"collection":[{"href":"https:\/\/www.ruiqigo.com\/da\/wp-json\/wp\/v2\/product"}],"about":[{"href":"https:\/\/www.ruiqigo.com\/da\/wp-json\/wp\/v2\/types\/product"}],"version-history":[{"count":0,"href":"https:\/\/www.ruiqigo.com\/da\/wp-json\/wp\/v2\/product\/576\/revisions"}],"wp:featuredmedia":[{"embeddable":true,"href":"https:\/\/www.ruiqigo.com\/da\/wp-json\/wp\/v2\/media\/577"}],"wp:attachment":[{"href":"https:\/\/www.ruiqigo.com\/da\/wp-json\/wp\/v2\/media?parent=576"}],"wp:term":[{"taxonomy":"product-tag","embeddable":true,"href":"https:\/\/www.ruiqigo.com\/da\/wp-json\/wp\/v2\/product-tag?post=576"},{"taxonomy":"products","embeddable":true,"href":"https:\/\/www.ruiqigo.com\/da\/wp-json\/wp\/v2\/products?post=576"}],"curies":[{"name":"wp","href":"https:\/\/api.w.org\/{rel}","templated":true}]}}