{"id":581,"date":"2024-07-19T09:37:08","date_gmt":"2024-07-19T01:37:08","guid":{"rendered":"https:\/\/ruiqigo.com\/?post_type=product&#038;p=581"},"modified":"2024-11-15T16:59:03","modified_gmt":"2024-11-15T08:59:03","slug":"vitamin-e-facial-oil","status":"publish","type":"product","link":"https:\/\/www.ruiqigo.com\/da\/product\/vitamin-e-facial-oil","title":{"rendered":"E-vitamin ansigtsolie"},"content":{"rendered":"<h2 class=\"wp-block-heading\">Vitamin E ansigtsolie fremstiller almindelige formler<\/h2>\n\n\n\n<p>Vitamin E, kendt som &quot;anti-aging vitaminet&quot;, er en kraftig antioxidant, der neutraliserer frie radikaler, beskytter huden mod milj\u00f8p\u00e5virkninger og bremser aldringsprocessen. E-vitamin fremmer ogs\u00e5 blodcirkulationen og forbedrer hudens evne til at reparere sig selv. Som f\u00f8rende producent af E-vitamin ansigtsolie ved vi, at Jojoba Seed Oil, en naturlig planteolie fra jojobaplanten, har en molekyl\u00e6r struktur, der ligner menneskelig talg, som let absorberes af huden og kan n\u00e6re huden i dybden, opretholde hudens vand-olie balance og reducere t\u00f8rhed og fine linjer.<\/p>\n\n\n\n<h2 class=\"wp-block-heading\">Vitamin E ansigtsolie anvendelige scenarier<\/h2>\n\n\n\n<p>Vitamin E ansigtsolie er velegnet til en lang r\u00e6kke hudplejescenarier, uanset om det er til daglig vedligeholdelse eller specielle behandlinger. Brug den om morgenen for at give din hud den n\u00e6ring og beskyttelse, den har brug for hele dagen; Brug den om natten for at hj\u00e6lpe din hud med at reparere sig selv om natten og forbedre dens regenerative kapacitet. I den t\u00f8rre s\u00e6son eller i v\u00e6relser med aircondition lindrer Vitamin E ansigtsolie effektivt t\u00f8r hud og holder den fugtet.<\/p>\n\n\n\n<h2 class=\"wp-block-heading\">Hvem er E-vitamin ansigtsolie velegnet til<\/h2>\n\n\n\n<p>Vitamin E ansigtsolie er velegnet til alle hudtyper, is\u00e6r til moden hud, t\u00f8r hud og forbrugere, der har brug for anti-aging pleje. For folk, der ofte bliver sent oppe, lever et stressende liv og har d\u00e5rlige hudforhold, kan E-vitamin Ansigtsolie give den n\u00f8dvendige n\u00e6ring og reparation for at hj\u00e6lpe med at forbedre hudforholdene.<\/p>\n\n\n\n<h2 class=\"wp-block-heading\">E-vitamin produktion af ansigtsolie<\/h2>\n\n\n\n<p>Som en f\u00f8rende producent af E-vitamin-ansigtsolie, for at sikre produktkvaliteten af E-vitamin Ansigtsolie, bruger vi en unik lavtemperatur-, koldpresse-ekstraktionsteknologi for at maksimere tilbageholdelsen af de aktive ingredienser i E-vitamin og Jojobafr\u00f8olie. Under produktionsprocessen kontrollerer vi strengt temperaturen og trykket for at undg\u00e5, at h\u00f8j temperatur \u00f8del\u00e6gger de aktive ingredienser. Samtidig f\u00f8lger vi aseptiske produktionsstandarder for at sikre renheden og sikkerheden af vores produkter.<\/p>\n\n\n\n<p><\/p>","protected":false},"excerpt":{"rendered":"Vitamin E facial oil manufacturing common formulas Vitamin E, known as the \u201canti-aging vitamin\u201d, is a powerful antioxidant that neutralizes free radicals, protects the skin from environmental aggressions and slows down the aging process. Vitamin E also promotes blood circulation and enhances the skin&#8217;s ability to repair itself. As a leading Vitamin E facial oil [&hellip;]","protected":false},"featured_media":583,"menu_order":0,"template":"","meta":[],"product-tag":[],"products":[62],"class_list":["post-581","product","type-product","status-publish","has-post-thumbnail","hentry","products-facial-oil"],"acf":[],"_links":{"self":[{"href":"https:\/\/www.ruiqigo.com\/da\/wp-json\/wp\/v2\/product\/581","targetHints":{"allow":["GET"]}}],"collection":[{"href":"https:\/\/www.ruiqigo.com\/da\/wp-json\/wp\/v2\/product"}],"about":[{"href":"https:\/\/www.ruiqigo.com\/da\/wp-json\/wp\/v2\/types\/product"}],"version-history":[{"count":0,"href":"https:\/\/www.ruiqigo.com\/da\/wp-json\/wp\/v2\/product\/581\/revisions"}],"wp:featuredmedia":[{"embeddable":true,"href":"https:\/\/www.ruiqigo.com\/da\/wp-json\/wp\/v2\/media\/583"}],"wp:attachment":[{"href":"https:\/\/www.ruiqigo.com\/da\/wp-json\/wp\/v2\/media?parent=581"}],"wp:term":[{"taxonomy":"product-tag","embeddable":true,"href":"https:\/\/www.ruiqigo.com\/da\/wp-json\/wp\/v2\/product-tag?post=581"},{"taxonomy":"products","embeddable":true,"href":"https:\/\/www.ruiqigo.com\/da\/wp-json\/wp\/v2\/products?post=581"}],"curies":[{"name":"wp","href":"https:\/\/api.w.org\/{rel}","templated":true}]}}