{"id":591,"date":"2024-07-23T17:48:12","date_gmt":"2024-07-23T09:48:12","guid":{"rendered":"https:\/\/ruiqigo.com\/?post_type=product&#038;p=591"},"modified":"2024-10-31T17:03:51","modified_gmt":"2024-10-31T09:03:51","slug":"hydroxyapatite-toothpaste","status":"publish","type":"product","link":"https:\/\/www.ruiqigo.com\/da\/product\/hydroxyapatite-toothpaste","title":{"rendered":"Hydroxyapatit tandpasta"},"content":{"rendered":"<h2 class=\"wp-block-heading\">Almindelige formler til fremstilling af hydroxyapatit-tandpasta<\/h2>\n\n\n\n<p><strong>Hydroxyapatit<\/strong>, kernen i Hydroxyapatit-tandpasta, er et biologisk aktivt mineral, der effektivt kan forbedre tandemaljens h\u00e5rdhed og forbedre t\u00e6ndernes modstandsdygtighed over for syre- og alkalikorrosion. Som en f\u00f8rende producent af Hydroxyapatit-tandpasta forst\u00e5r vi betydningen af denne ingrediens for at fremme mundhygiejne. Hydroxyapatit styrker ikke kun emaljen, men udviser ogs\u00e5 fremragende adsorptionsegenskaber, der g\u00f8r det muligt for den at tr\u00e6nge dybt ind i t\u00e6ndernes spr\u00e6kker for at fjerne plak og forebygge parodontale sygdomme.<\/p>\n\n\n\n<p>I kombination med hydreret silica danner hydroxyapatit et delikat skum, der sk\u00e5nsomt renser t\u00e6nderne, samtidig med at det plejer b\u00e5de t\u00e6nderne og det f\u00f8lsomme bl\u00f8de v\u00e6v i mundhulen. Vores formuleringer sikrer optimal effektivitet ved at anvende hydroxyapatit af h\u00f8j kvalitet, hvilket f\u00e5r vores produkter til at skille sig ud p\u00e5 markedet.<\/p>\n\n\n\n<p>Som en betroet producent af hydroxyapatit-tandpasta er vi forpligtet til at udvikle innovative og effektive formler, der fremmer tandhygiejne og -sundhed. Uanset om det er til daglig brug eller m\u00e5lrettet specifikke tandproblemer, leverer vores hydroxyapatit-tandpastaprodukter exceptionelle rensende og beskyttende egenskaber.<\/p>\n\n\n\n<p><\/p>\n\n\n\n<h2 class=\"wp-block-heading\">Anvendelige scenarier for hydroxyapatit-tandpasta<\/h2>\n\n\n\n<p>Hydroxyapatit-tandpasta er velegnet til daglig mundpleje og kan effektivt forebygge tandslid, bl\u00f8dende tandk\u00f8d, parodontitis og andre mundproblemer. <\/p>\n\n\n\n<p>Efter at du v\u00e5gner om morgenen, efter m\u00e5ltider og f\u00f8r du g\u00e5r i seng, kan du bruge dette produkt til mundrensning. <\/p>\n\n\n\n<p>Samtidig anvender produktet en naturlig plantesmag, der er velegnet til kontor, skole, familie og andre scener, s\u00e5 du kan bevare en frisk \u00e5nde og et selvsikkert smil n\u00e5r som helst og hvor som helst.<\/p>\n\n\n\n<p><\/p>\n\n\n\n<h2 class=\"wp-block-heading\">Hvem er Hydroxyapatit-tandpasta egnet til<\/h2>\n\n\n\n<p>Hydroxyapatit-tandpasta er velegnet til folk i alle aldre, is\u00e6r f\u00f8lgende personkategorier: <\/p>\n\n\n\n<p>1. personer, der lider af mundproblemer, s\u00e5som tandf\u00f8lsomhed, bl\u00f8dende tandk\u00f8d, mundlugt osv.; <\/p>\n\n\n\n<p>2. rygere, kaffeelskere, behovet for at passe ekstra godt p\u00e5 m\u00e6ngdens t\u00e6nder; <\/p>\n\n\n\n<p>3. b\u00f8rn og unge, forebyggelse af huller i t\u00e6nderne, og fra barnsben at danne gode mundvaner; <\/p>\n\n\n\n<p>4. Folk der elsker sk\u00f8nheden i jagten p\u00e5 sundhed, frisk \u00e5nde, viser et selvsikkert smil.<\/p>\n\n\n\n<p><\/p>\n\n\n\n<h2 class=\"wp-block-heading\">Produktionsproces for hydroxyapatit-tandpasta<\/h2>\n\n\n\n<p>For at sikre kvaliteten af hydroxyapatit-tandpasta anvender vi f\u00f8lgende s\u00e6rlige produktionsproces: <\/p>\n\n\n\n<p>1. streng screening af r\u00e5materialer for at sikre h\u00f8j renhed og aktivitet af hydroxyapatit; <\/p>\n\n\n\n<p>2. pr\u00e6cis proportionering, s\u00e5 de aktive ingredienser fuldt ud kan udfylde deres rolle; <\/p>\n\n\n\n<p>3. h\u00f8jhastighedsblanding, s\u00e5 hydroxyapatit og hydreret silica smelter fuldst\u00e6ndigt sammen for at forbedre reng\u00f8ringseffekten; <\/p>\n\n\n\n<p>4. aseptisk p\u00e5fyldning for at sikre, at produktet er sikkert og hygiejnisk; <\/p>\n\n\n\n<p>Hele kvalitetskontrolprocessen sikrer, at hver tandpasta opfylder den nationale standard.<\/p>","protected":false},"excerpt":{"rendered":"Hydroxyapatite Toothpaste Manufacturing Common Formulas Hydroxyapatite, the core ingredient of Hydroxyapatite Toothpaste, is a biologically active mineral that can effectively enhance the hardness of tooth enamel and improve the resistance of teeth to acid and alkali corrosion. As a leading Hydroxyapatite Toothpaste manufacturer, we understand the significance of this ingredient in promoting oral health. Hydroxyapatite [&hellip;]","protected":false},"featured_media":596,"menu_order":0,"template":"","meta":[],"product-tag":[],"products":[71],"class_list":["post-591","product","type-product","status-publish","has-post-thumbnail","hentry","products-toothpaste"],"acf":[],"_links":{"self":[{"href":"https:\/\/www.ruiqigo.com\/da\/wp-json\/wp\/v2\/product\/591","targetHints":{"allow":["GET"]}}],"collection":[{"href":"https:\/\/www.ruiqigo.com\/da\/wp-json\/wp\/v2\/product"}],"about":[{"href":"https:\/\/www.ruiqigo.com\/da\/wp-json\/wp\/v2\/types\/product"}],"version-history":[{"count":0,"href":"https:\/\/www.ruiqigo.com\/da\/wp-json\/wp\/v2\/product\/591\/revisions"}],"wp:featuredmedia":[{"embeddable":true,"href":"https:\/\/www.ruiqigo.com\/da\/wp-json\/wp\/v2\/media\/596"}],"wp:attachment":[{"href":"https:\/\/www.ruiqigo.com\/da\/wp-json\/wp\/v2\/media?parent=591"}],"wp:term":[{"taxonomy":"product-tag","embeddable":true,"href":"https:\/\/www.ruiqigo.com\/da\/wp-json\/wp\/v2\/product-tag?post=591"},{"taxonomy":"products","embeddable":true,"href":"https:\/\/www.ruiqigo.com\/da\/wp-json\/wp\/v2\/products?post=591"}],"curies":[{"name":"wp","href":"https:\/\/api.w.org\/{rel}","templated":true}]}}