{"id":593,"date":"2024-07-25T20:39:10","date_gmt":"2024-07-25T12:39:10","guid":{"rendered":"https:\/\/ruiqigo.com\/?post_type=product&#038;p=593"},"modified":"2024-11-01T14:19:50","modified_gmt":"2024-11-01T06:19:50","slug":"peppermint-breath-spray","status":"publish","type":"product","link":"https:\/\/www.ruiqigo.com\/da\/product\/peppermint-breath-spray","title":{"rendered":"Pebermynte \u00e5ndespray"},"content":{"rendered":"<h2 class=\"wp-block-heading\">Almindelige formler til fremstilling af pebermynte\u00e5ndespray<\/h2>\n\n\n\n<p>Peppermint Breath Sprays kerneingredienser, PEG-40 Hydrogenated Castor Oil og Pebermynteolie, har en unik og forfriskende aroma. Disse ingredienser kan effektivt h\u00e6mme v\u00e6ksten af bakterier i munden og forebygge mundsygdomme. PEG-40 Hydrogenated Castor Oil har en mild sm\u00f8rende effekt, som kan bidrage til at reducere madrester i munden, og pebermynteolie har en st\u00e6rk antibakteriel effekt, som bidrager til at forbedre mundmilj\u00f8et.<\/p>\n\n\n\n<h2 class=\"wp-block-heading\">Anvendelige scenarier for pebermynte\u00e5ndespray<\/h2>\n\n\n\n<p>Pebermynte \u00e5ndespray er velegnet til en r\u00e6kke forskellige scenarier, is\u00e6r til f\u00f8lgende lejligheder: <\/p>\n\n\n\n<p>1. brug efter m\u00e5ltider, effektivt rense madrester, for at opretholde frisk \u00e5nde; <\/p>\n\n\n\n<p>2. efter at have v\u00e6ret oppe hele natten, rygning, for at reducere lugten i munden, for at passe p\u00e5 t\u00e6ndernes sundhed; <\/p>\n\n\n\n<p>3. s\u00e6rlige lejligheder, s\u00e5som bryllupper, interviews osv., for at holde vejret frisk; <\/p>\n\n\n\n<p>4. efter behandling af mundsygdomme, for at hj\u00e6lpe med at rense mundhulen.<\/p>\n\n\n\n<h2 class=\"wp-block-heading\">Hvem er Pebermynte \u00e5ndespray egnet til<\/h2>\n\n\n\n<p>Pebermynte \u00e5ndespray er velegnet til en bred vifte af mennesker, is\u00e6r anbefalet til f\u00f8lgende forbrugere: <\/p>\n\n\n\n<p>1. mennesker, der er generet af oral lugt, s\u00e5som rygere, folk, der ofte bliver oppe til sent om natten; <\/p>\n\n\n\n<p>2. mennesker, der har f\u00f8lsomme t\u00e6nder og har brug for en sk\u00e5nsom reng\u00f8ring; <\/p>\n\n\n\n<p>3. diabetespatienter, som har h\u00f8j risiko for paradentose og skal v\u00e6re s\u00e6rlig opm\u00e6rksom p\u00e5 mundpleje; <\/p>\n\n\n\n<p>4. Forbrugere, der gerne vil pr\u00f8ve nye mundplejeprodukter, kan nyde fordelene ved Peppermint Breath Spray. Peppermint Breath Spray giver mundhygiejne.<\/p>\n\n\n\n<h2 class=\"wp-block-heading\">Produktionsproces for pebermynte\u00e5ndespray<\/h2>\n\n\n\n<p>Som professionel producent af pebermynte\u00e5ndespray anvender vi f\u00f8lgende s\u00e6rlige produktionsproces: <\/p>\n\n\n\n<p>1. Unders\u00f8g n\u00f8je r\u00e5materialerne til PEG-40 hydrogeneret ricinusolie og pebermynteolie for at sikre deres renhed og kvalitet; <\/p>\n\n\n\n<p>2. Kontroller n\u00f8jagtigt m\u00e6ngden af tilf\u00f8rte r\u00e5varer for at sikre, at produktet er sikkert og effektivt; <\/p>\n\n\n\n<p>3. Vedtag lavtemperaturblandingsteknologien for fuldt ud at frigive r\u00e5materialernes aktivitet; <\/p>\n\n\n\n<p>4. Aseptisk p\u00e5fyldning for at sikre, at produktet er sikkert og hygiejnisk; <\/p>\n\n\n\n<p>5. Fuld kvalitetskontrol for at sikre, at hver flaske Pebermynte\u00e5ndespray opfylder de nationale standarder. <\/p>\n\n\n\n<p>Gennem ovenst\u00e5ende proces, som en f\u00f8rende producent af pebermynte-\u00e5ndespray, kan vi tilbyde dig et produkt til mundpleje af h\u00f8j kvalitet og p\u00e5lidelighed.<\/p>\n\n\n\n<p><\/p>","protected":false},"excerpt":{"rendered":"Peppermint breath spray manufacturing common formulas Peppermint Breath Spray&#8217;s core ingredients, PEG-40 Hydrogenated Castor Oil and Peppermint Oil, have a unique and refreshing aroma. These ingredients can effectively inhibit the growth of bacteria in the mouth and prevent oral diseases. PEG-40 Hydrogenated Castor Oil has a mild lubricating effect, which can help to reduce food [&hellip;]","protected":false},"featured_media":709,"menu_order":0,"template":"","meta":[],"product-tag":[],"products":[73],"class_list":["post-593","product","type-product","status-publish","has-post-thumbnail","hentry","products-breath-spray"],"acf":[],"_links":{"self":[{"href":"https:\/\/www.ruiqigo.com\/da\/wp-json\/wp\/v2\/product\/593","targetHints":{"allow":["GET"]}}],"collection":[{"href":"https:\/\/www.ruiqigo.com\/da\/wp-json\/wp\/v2\/product"}],"about":[{"href":"https:\/\/www.ruiqigo.com\/da\/wp-json\/wp\/v2\/types\/product"}],"version-history":[{"count":0,"href":"https:\/\/www.ruiqigo.com\/da\/wp-json\/wp\/v2\/product\/593\/revisions"}],"wp:featuredmedia":[{"embeddable":true,"href":"https:\/\/www.ruiqigo.com\/da\/wp-json\/wp\/v2\/media\/709"}],"wp:attachment":[{"href":"https:\/\/www.ruiqigo.com\/da\/wp-json\/wp\/v2\/media?parent=593"}],"wp:term":[{"taxonomy":"product-tag","embeddable":true,"href":"https:\/\/www.ruiqigo.com\/da\/wp-json\/wp\/v2\/product-tag?post=593"},{"taxonomy":"products","embeddable":true,"href":"https:\/\/www.ruiqigo.com\/da\/wp-json\/wp\/v2\/products?post=593"}],"curies":[{"name":"wp","href":"https:\/\/api.w.org\/{rel}","templated":true}]}}