{"id":594,"date":"2024-07-24T16:45:46","date_gmt":"2024-07-24T08:45:46","guid":{"rendered":"https:\/\/ruiqigo.com\/?post_type=product&#038;p=594"},"modified":"2024-11-01T10:33:46","modified_gmt":"2024-11-01T02:33:46","slug":"xylitol-toothpaste","status":"publish","type":"product","link":"https:\/\/www.ruiqigo.com\/da\/product\/xylitol-toothpaste","title":{"rendered":"Xylitol tandpasta"},"content":{"rendered":"<h2 class=\"wp-block-heading\">Almindelige formler til fremstilling af xylitol-tandpasta<\/h2>\n\n\n\n<p>Xylitol, kerneingrediensen i Xylitol-tandpasta, er et naturligt s\u00f8demiddel med anti-kariesegenskaber. Xylitol kan h\u00e6mme v\u00e6ksten af kariesfremkaldende bakterier i mundhulen og reducere dannelsen af plak, hvilket reducerer forekomsten af huller i t\u00e6nderne. Samtidig kan xylitol ogs\u00e5 give en frisk smag, forbedre mundmilj\u00f8et og tage vare p\u00e5 tandsundheden.<\/p>\n\n\n\n<h2 class=\"wp-block-heading\">Anvendelige scenarier for xylitol-tandpasta<\/h2>\n\n\n\n<p>Xylitol-tandpasta er velegnet til daglig mundpleje, is\u00e6r i f\u00f8lgende tilf\u00e6lde: efter at v\u00e6re v\u00e5gnet om morgenen hj\u00e6lper den med at fjerne mundlugt og give frisk \u00e5nde; efter m\u00e5ltider renser den effektivt madrester og beskytter t\u00e6nderne; f\u00f8r sengetid giver den en fuld beskyttelse af t\u00e6nderne om natten og forebygger huller i t\u00e6nderne om natten.<\/p>\n\n\n\n<h2 class=\"wp-block-heading\">Hvem er Xylitol-tandpasta egnet til<\/h2>\n\n\n\n<p>Xylitol-tandpasta er velegnet til en bred vifte af mennesker og anbefales is\u00e6r til f\u00f8lgende forbrugere: <\/p>\n\n\n\n<p>1. b\u00f8rn, unge og voksne, for at forhindre huller i t\u00e6nderne og opretholde oral sundhed; <\/p>\n\n\n\n<p>2. Diabetespatienter skal p\u00e5 grund af den h\u00f8je risiko for parodontal sygdom v\u00e6re s\u00e6rligt opm\u00e6rksomme p\u00e5 mundhygiejne; <\/p>\n\n\n\n<p>3. f\u00f8lsomhed i munden, skal reng\u00f8res forsigtigt; <\/p>\n\n\n\n<p>4. Ligesom forbrugere af s\u00f8d tandpasta kan xylitol-tandpasta ikke kun tilfredsstille smagen, men ogs\u00e5 beskytte t\u00e6nderne.<\/p>\n\n\n\n<h2 class=\"wp-block-heading\">Produktionsproces for xylitol-tandpasta<\/h2>\n\n\n\n<p>Som en p\u00e5lidelig producent af Xylitol-tandpasta anvender vi f\u00f8lgende s\u00e6rlige produktionsproces: <\/p>\n\n\n\n<p>1. streng screening af xylitolr\u00e5materialer for at sikre dets renhed og kvalitet; <\/p>\n\n\n\n<p>2. pr\u00e6cis kontrol af m\u00e6ngden af tilsat xylitol for at sikre, at produktet er sikkert og effektivt; <\/p>\n\n\n\n<p>3. brug af lavtemperaturmalingsteknologi til fuldt ud at frigive xylitols aktivitet; <\/p>\n\n\n\n<p>4. aseptisk p\u00e5fyldning for at sikre produktets sikkerhed og hygiejniske egenskaber; <\/p>\n\n\n\n<p>5. Som en p\u00e5lidelig producent af Xylitol-tandpasta, gennemg\u00e5r vi hele kvalitetsprocessen for at sikre, at hver tandpasta opfylder de nationale standarder.<\/p>","protected":false},"excerpt":{"rendered":"Xylitol toothpaste manufacturing common formulas Xylitol, the core ingredient of Xylitol toothpaste, is a natural sweetener with anti-cavity properties. Xylitol can inhibit the growth of caries-causing bacteria in the oral cavity and reduce the formation of plaque, thus reducing the incidence of tooth decay. At the same time, xylitol can also provide a fresh taste, [&hellip;]","protected":false},"featured_media":616,"menu_order":0,"template":"","meta":[],"product-tag":[],"products":[71],"class_list":["post-594","product","type-product","status-publish","has-post-thumbnail","hentry","products-toothpaste"],"acf":[],"_links":{"self":[{"href":"https:\/\/www.ruiqigo.com\/da\/wp-json\/wp\/v2\/product\/594","targetHints":{"allow":["GET"]}}],"collection":[{"href":"https:\/\/www.ruiqigo.com\/da\/wp-json\/wp\/v2\/product"}],"about":[{"href":"https:\/\/www.ruiqigo.com\/da\/wp-json\/wp\/v2\/types\/product"}],"version-history":[{"count":0,"href":"https:\/\/www.ruiqigo.com\/da\/wp-json\/wp\/v2\/product\/594\/revisions"}],"wp:featuredmedia":[{"embeddable":true,"href":"https:\/\/www.ruiqigo.com\/da\/wp-json\/wp\/v2\/media\/616"}],"wp:attachment":[{"href":"https:\/\/www.ruiqigo.com\/da\/wp-json\/wp\/v2\/media?parent=594"}],"wp:term":[{"taxonomy":"product-tag","embeddable":true,"href":"https:\/\/www.ruiqigo.com\/da\/wp-json\/wp\/v2\/product-tag?post=594"},{"taxonomy":"products","embeddable":true,"href":"https:\/\/www.ruiqigo.com\/da\/wp-json\/wp\/v2\/products?post=594"}],"curies":[{"name":"wp","href":"https:\/\/api.w.org\/{rel}","templated":true}]}}