{"id":595,"date":"2024-07-24T16:23:41","date_gmt":"2024-07-24T08:23:41","guid":{"rendered":"https:\/\/ruiqigo.com\/?post_type=product&#038;p=595"},"modified":"2024-11-01T10:38:32","modified_gmt":"2024-11-01T02:38:32","slug":"fluoride-free-toothpaste","status":"publish","type":"product","link":"https:\/\/www.ruiqigo.com\/da\/product\/fluoride-free-toothpaste","title":{"rendered":"Tandpasta uden fluor"},"content":{"rendered":"<h2 class=\"wp-block-heading\">Almindelige formler til fremstilling af fluoridfri tandpasta<\/h2>\n\n\n\n<p>Calciumfosfat, kernen i fluoridfri tandpasta, har en god rensende effekt, kan effektivt fjerne plak og forebygge tandsten. Glycerin har en fugtgivende funktion, som kan danne en beskyttende film under tandb\u00f8rstning og reducere t\u00e6ndernes f\u00f8lsomhed. Produktet indeholder ikke fluor, hvilket forhindrer allergier og tandfluorose, der kan v\u00e6re for\u00e5rsaget af fluor, hvilket giver forbrugerne mulighed for at nyde tandrensningen uden at bekymre sig om overdreven fluorindtagelse.<\/p>\n\n\n\n<h2 class=\"wp-block-heading\">Anvendelsesscenarier for fluorfri tandpasta<\/h2>\n\n\n\n<p>Fluorfri tandpasta er velegnet til daglig mundpleje og kan bruges om morgenen efter at v\u00e6re v\u00e5gnet, efter m\u00e5ltider, f\u00f8r sengetid og p\u00e5 andre tidspunkter. Produktet er mildt og ikke-irriterende, velegnet til hjemmet, kontoret, skolen og andre scenarier. Uanset om du har travlt p\u00e5 arbejdet eller nyder fritiden, kan fluorfri tandpasta give dig frisk \u00e5nde og beskytte din mundhygiejne.<\/p>\n\n\n\n<h2 class=\"wp-block-heading\">Hvem er fluorfri tandpasta egnet til<\/h2>\n\n\n\n<p>Fluorfri tandpasta er velegnet til en bred vifte af mennesker, is\u00e6r f\u00f8lgende forbrugerkategorier: <\/p>\n\n\n\n<p>1. personer, der er allergiske over for fluorid; <\/p>\n\n\n\n<p>2. b\u00f8rn og unge, for at undg\u00e5 overdreven fluoridindtagelse, der p\u00e5virker v\u00e6kst og udvikling; <\/p>\n\n\n\n<p>3. Gravide kvinder skal v\u00e6re opm\u00e6rksomme p\u00e5 mundhygiejne under graviditeten; <\/p>\n\n\n\n<p>4. milj\u00f8fork\u00e6mpere, i jagten p\u00e5 fluoridfri og harml\u00f8se mundplejeprodukter. Fluorfri tandpasta, s\u00e5 alle forbrugere kan nyde en sund tandplejeoplevelse.<\/p>\n\n\n\n<h2 class=\"wp-block-heading\">Produktionsproces for fluoridfri tandpasta<\/h2>\n\n\n\n<p>Som professionel producent af fluoridfri tandpasta anvender vi f\u00f8lgende s\u00e6rlige produktionsproces: <\/p>\n\n\n\n<p>1. streng screening af r\u00e5materialer for at sikre renheden og kvaliteten af calciumfosfat og andre ingredienser; <\/p>\n\n\n\n<p>2. pr\u00e6cis dosering, s\u00e5 de aktive ingredienser spiller deres rolle fuldt ud for at opn\u00e5 den bedste reng\u00f8ringseffekt; <\/p>\n\n\n\n<p>3. h\u00f8jhastighedsblanding, s\u00e5 r\u00e5materialerne blandes fuldst\u00e6ndigt for at forbedre tandpastaens stabilitet; <\/p>\n\n\n\n<p>4. aseptisk p\u00e5fyldning for at sikre, at produktet er sikkert og hygiejnisk; <\/p>\n\n\n\n<p>5. Hele kvalitetskontrolprocessen for at sikre, at hver tandpasta opfylder de nationale standarder. Som professionel producent af fluorfri tandpasta opfylder hver tandpasta de nationale standarder.<\/p>","protected":false},"excerpt":{"rendered":"Fluoride free Toothpaste manufacturing common formulas Calcium phosphate, the core ingredient of fluoride-free toothpaste, has a good cleaning effect, can effectively remove plaque and prevent tartar. Glycerin has a moisturizing function, which can form a protective film during brushing and reduce tooth sensitivity. The product does not contain fluorine, which avoids allergies and dental fluorosis [&hellip;]","protected":false},"featured_media":601,"menu_order":0,"template":"","meta":[],"product-tag":[],"products":[71],"class_list":["post-595","product","type-product","status-publish","has-post-thumbnail","hentry","products-toothpaste"],"acf":[],"_links":{"self":[{"href":"https:\/\/www.ruiqigo.com\/da\/wp-json\/wp\/v2\/product\/595","targetHints":{"allow":["GET"]}}],"collection":[{"href":"https:\/\/www.ruiqigo.com\/da\/wp-json\/wp\/v2\/product"}],"about":[{"href":"https:\/\/www.ruiqigo.com\/da\/wp-json\/wp\/v2\/types\/product"}],"version-history":[{"count":0,"href":"https:\/\/www.ruiqigo.com\/da\/wp-json\/wp\/v2\/product\/595\/revisions"}],"wp:featuredmedia":[{"embeddable":true,"href":"https:\/\/www.ruiqigo.com\/da\/wp-json\/wp\/v2\/media\/601"}],"wp:attachment":[{"href":"https:\/\/www.ruiqigo.com\/da\/wp-json\/wp\/v2\/media?parent=595"}],"wp:term":[{"taxonomy":"product-tag","embeddable":true,"href":"https:\/\/www.ruiqigo.com\/da\/wp-json\/wp\/v2\/product-tag?post=595"},{"taxonomy":"products","embeddable":true,"href":"https:\/\/www.ruiqigo.com\/da\/wp-json\/wp\/v2\/products?post=595"}],"curies":[{"name":"wp","href":"https:\/\/api.w.org\/{rel}","templated":true}]}}