{"id":605,"date":"2024-07-24T16:33:31","date_gmt":"2024-07-24T08:33:31","guid":{"rendered":"https:\/\/ruiqigo.com\/?post_type=product&#038;p=605"},"modified":"2024-11-01T14:02:40","modified_gmt":"2024-11-01T06:02:40","slug":"fluoride-toothpaste","status":"publish","type":"product","link":"https:\/\/www.ruiqigo.com\/da\/product\/fluoride-toothpaste","title":{"rendered":"Fluor tandpasta"},"content":{"rendered":"<h2 class=\"wp-block-heading\">Fluortandpasta, der fremstiller almindelige formler<\/h2>\n\n\n\n<p>Natriummonofluorfosfat, kerneingrediensen i fluortandpasta, er en slags fluorid, der er meget udbredt i mundplejeprodukter, som effektivt kan forbedre syreresistensen af tandemalje og reducere forekomsten af huller. Derudover kan natriummonofluorphosphat ogs\u00e5 fremme tandremineralisering og reparere tidligt huller i t\u00e6nderne.<\/p>\n\n\n\n<h2 class=\"wp-block-heading\">Fluor tandpasta anvendelige scenarier<\/h2>\n\n\n\n<p>Fluortandpasta er velegnet til daglig mundpleje, is\u00e6r i f\u00f8lgende scenarier: efter at v\u00e6re v\u00e5gnet om morgenen hj\u00e6lper den med at fjerne oral lugt og genoprette frisk \u00e5nde; efter m\u00e5ltider renser det effektivt madrester og beskytter t\u00e6nderne; og inden du g\u00e5r i seng, giver den en hel nats beskyttelse af t\u00e6nderne og forhindrer huller om natten.<\/p>\n\n\n\n<h2 class=\"wp-block-heading\">Hvem passer fluortandpastaen til<\/h2>\n\n\n\n<p>Fluortandpasta er velegnet til en bred vifte af mennesker, is\u00e6r anbefalet til f\u00f8lgende forbrugere: <\/p>\n\n\n\n<p>1. b\u00f8rn, unge og voksne, for at forhindre huller i t\u00e6nderne og opretholde oral sundhed; <\/p>\n\n\n\n<p>2. mennesker med f\u00f8lsomme t\u00e6nder, der har brug for at forbedre emaljens h\u00e5rdhed; <\/p>\n\n\n\n<p>3. Diabetespatienter skal p\u00e5 grund af den h\u00f8je risiko for paradentose v\u00e6re s\u00e6rlig opm\u00e6rksomme p\u00e5 oral sundhedspleje; <\/p>\n\n\n\n<p>4. Familiehistorie med karies i m\u00e6ngden, for at styrke dental beskyttelse.<\/p>\n\n\n\n<h2 class=\"wp-block-heading\">Fremstillingsproces for fluortandpasta<\/h2>\n\n\n\n<p>Som en p\u00e5lidelig producent af fluortandpasta anvender vi f\u00f8lgende specielle produktionsproces: <\/p>\n\n\n\n<p>1. streng screening af r\u00e5materialer af natriummonofluorphosphat for at sikre dets renhed og kvalitet; <\/p>\n\n\n\n<p>2. pr\u00e6cis kontrol af m\u00e6ngden af tilsat fluor for at sikre, at produktet er sikkert og effektivt; <\/p>\n\n\n\n<p>3. Anvendelse af lavtemperaturformalingsteknologi for fuldt ud at frigive aktiviteten af fluorid; <\/p>\n\n\n\n<p>4. aseptisk p\u00e5fyldning for at sikre, at produktet er sikkert og hygiejnisk; <\/p>\n\n\n\n<p>5. Som en professionel fluortandpastaproducent sikrer hele processen med kvalitetskontrol, at hver tandpasta opfylder den nationale standard.<\/p>","protected":false},"excerpt":{"rendered":"Fluoride toothpaste manufacturing common formulas Sodium Monofluorophosphate, the core ingredient of fluoride toothpaste, is a kind of fluoride widely used in oral care products, which can effectively enhance the acid resistance of tooth enamel and reduce the incidence of cavities.0.10% fluorine content is in line with national and international standards, which can play a role [&hellip;]","protected":false},"featured_media":611,"menu_order":0,"template":"","meta":[],"product-tag":[],"products":[71],"class_list":["post-605","product","type-product","status-publish","has-post-thumbnail","hentry","products-toothpaste"],"acf":[],"_links":{"self":[{"href":"https:\/\/www.ruiqigo.com\/da\/wp-json\/wp\/v2\/product\/605","targetHints":{"allow":["GET"]}}],"collection":[{"href":"https:\/\/www.ruiqigo.com\/da\/wp-json\/wp\/v2\/product"}],"about":[{"href":"https:\/\/www.ruiqigo.com\/da\/wp-json\/wp\/v2\/types\/product"}],"version-history":[{"count":0,"href":"https:\/\/www.ruiqigo.com\/da\/wp-json\/wp\/v2\/product\/605\/revisions"}],"wp:featuredmedia":[{"embeddable":true,"href":"https:\/\/www.ruiqigo.com\/da\/wp-json\/wp\/v2\/media\/611"}],"wp:attachment":[{"href":"https:\/\/www.ruiqigo.com\/da\/wp-json\/wp\/v2\/media?parent=605"}],"wp:term":[{"taxonomy":"product-tag","embeddable":true,"href":"https:\/\/www.ruiqigo.com\/da\/wp-json\/wp\/v2\/product-tag?post=605"},{"taxonomy":"products","embeddable":true,"href":"https:\/\/www.ruiqigo.com\/da\/wp-json\/wp\/v2\/products?post=605"}],"curies":[{"name":"wp","href":"https:\/\/api.w.org\/{rel}","templated":true}]}}