{"id":606,"date":"2024-07-24T16:29:40","date_gmt":"2024-07-24T08:29:40","guid":{"rendered":"https:\/\/ruiqigo.com\/?post_type=product&#038;p=606"},"modified":"2024-11-01T10:36:30","modified_gmt":"2024-11-01T02:36:30","slug":"charcoal-toothpaste","status":"publish","type":"product","link":"https:\/\/www.ruiqigo.com\/da\/product\/charcoal-toothpaste","title":{"rendered":"Tr\u00e6kul tandpasta"},"content":{"rendered":"<h2 class=\"wp-block-heading\">Almindelige formler til fremstilling af tandpasta med kul<\/h2>\n\n\n\n<p>Kerneingrediensen i tr\u00e6kulstandpasta er naturligt tr\u00e6kul, hvis por\u00f8se struktur giver produktet en fremragende adsorptionsevne, som effektivt kan absorbere pigmenter, urenheder og lugte i munden. Polyethylenglycol-400 har en god sm\u00f8rende effekt, hvilket g\u00f8r tandpastaen lettere at fordele under tandb\u00f8rstning og forbedrer den rensende effekt. Glycerin har en fugtgivende funktion og kan danne en beskyttende film under tandb\u00f8rstning for at forhindre tandf\u00f8lsomhed og mundt\u00f8rhed.<\/p>\n\n\n\n<h2 class=\"wp-block-heading\">Anvendelige scenarier for tandpasta med kul<\/h2>\n\n\n\n<p>Kultandpasta er velegnet til daglig mundpleje, is\u00e6r i f\u00f8lgende scenarier: efter at v\u00e6re v\u00e5gnet om morgenen hj\u00e6lper den med at fjerne mundlugt og give frisk \u00e5nde; efter m\u00e5ltider renser den effektivt madrester og beskytter t\u00e6nderne; efter at have v\u00e6ret oppe sent, ryget og drukket, forbedrer den hurtigt mundmilj\u00f8et og reducerer ubehag i munden.<\/p>\n\n\n\n<h2 class=\"wp-block-heading\">Hvem er tr\u00e6kulstandpasta egnet til<\/h2>\n\n\n\n<p>Kultandpasta er velegnet til en bred vifte af mennesker, is\u00e6r anbefalet til f\u00f8lgende forbrugere: <\/p>\n\n\n\n<p>1. personer, der er plaget af d\u00e5rlig \u00e5nde, s\u00e5som rygere, folk, der ofte er oppe sent; <\/p>\n\n\n\n<p>2. personer med tandpigmentering, som har brug for dybdeg\u00e5ende reng\u00f8ring; <\/p>\n\n\n\n<p>3. b\u00f8rn og teenagere, at dyrke gode mundhygiejnevaner; <\/p>\n\n\n\n<p>4. milj\u00f8fork\u00e6mpere, jagten p\u00e5 naturlige, harml\u00f8se mundplejeprodukter.<\/p>\n\n\n\n<h2 class=\"wp-block-heading\">Produktionsproces for tandpasta med tr\u00e6kul<\/h2>\n\n\n\n<p>Som en v\u00e6rdig producent af tr\u00e6kulstandpasta anvender vi f\u00f8lgende s\u00e6rlige produktionsproces: <\/p>\n\n\n\n<p>1. streng screening af naturligt tr\u00e6kul for at sikre dets renhed og adsorptionsegenskaber; <\/p>\n\n\n\n<p>2. pr\u00e6cis dosering, s\u00e5 de aktive ingredienser spiller deres rolle fuldt ud for at opn\u00e5 den bedste reng\u00f8ringseffekt; <\/p>\n\n\n\n<p>3. Lavtemperaturfr\u00e6sningsteknologi for fuldt ud at frigive tr\u00e6kullets adsorptionskapacitet; <\/p>\n\n\n\n<p>4. aseptisk p\u00e5fyldning for at sikre, at produktet er sikkert og hygiejnisk; <\/p>\n\n\n\n<p>5. Som en f\u00f8rende producent af tr\u00e6kulstandpasta, gennemg\u00e5r vi hele kvalitetsprocessen for at sikre, at hver tandpasta opfylder de nationale standarder. Overholder den nationale standard.<\/p>","protected":false},"excerpt":{"rendered":"Charcoal toothpaste manufacturing common formulas The core ingredient of charcoal toothpaste is natural charcoal, whose porous structure gives the product excellent adsorption ability, which can effectively adsorb pigments, impurities and odors in the mouth. Polyethylene Glycol-400 has a good lubricating effect, which makes the toothpaste easier to spread when brushing and enhances the cleaning effect. [&hellip;]","protected":false},"featured_media":607,"menu_order":0,"template":"","meta":[],"product-tag":[],"products":[71],"class_list":["post-606","product","type-product","status-publish","has-post-thumbnail","hentry","products-toothpaste"],"acf":[],"_links":{"self":[{"href":"https:\/\/www.ruiqigo.com\/da\/wp-json\/wp\/v2\/product\/606","targetHints":{"allow":["GET"]}}],"collection":[{"href":"https:\/\/www.ruiqigo.com\/da\/wp-json\/wp\/v2\/product"}],"about":[{"href":"https:\/\/www.ruiqigo.com\/da\/wp-json\/wp\/v2\/types\/product"}],"version-history":[{"count":0,"href":"https:\/\/www.ruiqigo.com\/da\/wp-json\/wp\/v2\/product\/606\/revisions"}],"wp:featuredmedia":[{"embeddable":true,"href":"https:\/\/www.ruiqigo.com\/da\/wp-json\/wp\/v2\/media\/607"}],"wp:attachment":[{"href":"https:\/\/www.ruiqigo.com\/da\/wp-json\/wp\/v2\/media?parent=606"}],"wp:term":[{"taxonomy":"product-tag","embeddable":true,"href":"https:\/\/www.ruiqigo.com\/da\/wp-json\/wp\/v2\/product-tag?post=606"},{"taxonomy":"products","embeddable":true,"href":"https:\/\/www.ruiqigo.com\/da\/wp-json\/wp\/v2\/products?post=606"}],"curies":[{"name":"wp","href":"https:\/\/api.w.org\/{rel}","templated":true}]}}