{"id":615,"date":"2024-07-24T16:52:04","date_gmt":"2024-07-24T08:52:04","guid":{"rendered":"https:\/\/ruiqigo.com\/?post_type=product&#038;p=615"},"modified":"2024-11-01T10:33:36","modified_gmt":"2024-11-01T02:33:36","slug":"baking-soda-toothpaste","status":"publish","type":"product","link":"https:\/\/www.ruiqigo.com\/da\/product\/baking-soda-toothpaste","title":{"rendered":"Bagepulver tandpasta"},"content":{"rendered":"<h2 class=\"wp-block-heading\">Bagepulver tandpasta fremstiller almindelige formler<\/h2>\n\n\n\n<p>Kerneingrediensen i natrontandpasta, natriumbicarbonat, almindeligvis kendt som bagepulver, har en let slibende effekt, som effektivt fjerner pletter og plak fra overfladen af t\u00e6nder. Natriumbicarbonat kan ogs\u00e5 neutralisere orale syrer og forbedre det orale milj\u00f8, hvilket hj\u00e6lper med at forhindre huller i t\u00e6nderne og paradentose. Derudover er natriumbicarbonat uskadeligt for menneskekroppen og velegnet til langtidsbrug.<\/p>\n\n\n\n<h2 class=\"wp-block-heading\">Bagepulver tandpasta anvendelige scenarier<\/h2>\n\n\n\n<p>Bagepulvertandpasta er velegnet til en r\u00e6kke forskellige scenarier, is\u00e6r til f\u00f8lgende lejligheder: efter at v\u00e6re v\u00e5gnet om morgenen hj\u00e6lper den med at fjerne oral lugt og genoprette frisk \u00e5nde; efter m\u00e5ltider renser det effektivt madrester og beskytter t\u00e6nderne; efter at have v\u00e6ret v\u00e5gen hele natten og ryge, reducerer det oral lugt og tager sig af tandsundheden.<\/p>\n\n\n\n<h2 class=\"wp-block-heading\">Hvem passer Bagepulver tandpasta til<\/h2>\n\n\n\n<p>Bagepulver tandpasta er velegnet til en bred vifte af mennesker, is\u00e6r anbefalet til f\u00f8lgende forbrugere: <\/p>\n\n\n\n<p>1. mennesker med pletter p\u00e5 overfladen af t\u00e6nderne, behovet for blid dekontaminering; <\/p>\n\n\n\n<p>2. mennesker med h\u00f8j oral surhedsgrad, behovet for at forbedre det orale milj\u00f8; <\/p>\n\n\n\n<p>3. \u00e6ldre, behovet for sk\u00e5nsom rensning af t\u00e6nderne, forebyggelse af paradentose; <\/p>\n\n\n\n<p>4. b\u00f8rn og unge, at dyrke gode mundhygiejnevaner.<\/p>\n\n\n\n<h2 class=\"wp-block-heading\">Produktionsproces for bagepulver tandpasta<\/h2>\n\n\n\n<p>Som en p\u00e5lidelig producent af bagepulver tandpasta anvender vi f\u00f8lgende specielle produktionsproces: <\/p>\n\n\n\n<p>1. streng screening af r\u00e5materialer af natriumbicarbonat for at sikre dets renhed og kvalitet; <\/p>\n\n\n\n<p>2. pr\u00e6cis kontrol af m\u00e6ngden af tilsat natriumbicarbonat for at sikre, at produktet er sk\u00e5nsomt og dekontaminerende; <\/p>\n\n\n\n<p>3. lavtemperaturformalingsteknologi bruges til fuldt ud at frigive aktiviteten af natriumbicarbonat; <\/p>\n\n\n\n<p>4. aseptisk p\u00e5fyldning for at sikre, at produktet er sikkert og hygiejnisk; <\/p>\n\n\n\n<p>5. Hele processen med kvalitetskontrol for at sikre, at hver tandpasta opfylder de nationale standarder. Som en f\u00f8rende bagepulver-tandpastaproducent overholder hver tandpasta den nationale standard.<\/p>","protected":false},"excerpt":{"rendered":"Baking soda toothpaste manufacturing common formulas The core ingredient of baking soda toothpaste, sodium bicarbonate, commonly known as baking soda, has a slight abrasive effect, which effectively removes stains and plaque from the surface of teeth. Sodium bicarbonate can also neutralize oral acids and improve the oral environment, helping to prevent tooth decay and periodontal [&hellip;]","protected":false},"featured_media":620,"menu_order":0,"template":"","meta":[],"product-tag":[],"products":[71],"class_list":["post-615","product","type-product","status-publish","has-post-thumbnail","hentry","products-toothpaste"],"acf":[],"_links":{"self":[{"href":"https:\/\/www.ruiqigo.com\/da\/wp-json\/wp\/v2\/product\/615","targetHints":{"allow":["GET"]}}],"collection":[{"href":"https:\/\/www.ruiqigo.com\/da\/wp-json\/wp\/v2\/product"}],"about":[{"href":"https:\/\/www.ruiqigo.com\/da\/wp-json\/wp\/v2\/types\/product"}],"version-history":[{"count":0,"href":"https:\/\/www.ruiqigo.com\/da\/wp-json\/wp\/v2\/product\/615\/revisions"}],"wp:featuredmedia":[{"embeddable":true,"href":"https:\/\/www.ruiqigo.com\/da\/wp-json\/wp\/v2\/media\/620"}],"wp:attachment":[{"href":"https:\/\/www.ruiqigo.com\/da\/wp-json\/wp\/v2\/media?parent=615"}],"wp:term":[{"taxonomy":"product-tag","embeddable":true,"href":"https:\/\/www.ruiqigo.com\/da\/wp-json\/wp\/v2\/product-tag?post=615"},{"taxonomy":"products","embeddable":true,"href":"https:\/\/www.ruiqigo.com\/da\/wp-json\/wp\/v2\/products?post=615"}],"curies":[{"name":"wp","href":"https:\/\/api.w.org\/{rel}","templated":true}]}}