{"id":625,"date":"2024-07-24T17:02:08","date_gmt":"2024-07-24T09:02:08","guid":{"rendered":"https:\/\/ruiqigo.com\/?post_type=product&#038;p=625"},"modified":"2024-11-01T10:33:26","modified_gmt":"2024-11-01T02:33:26","slug":"mint-toothpaste","status":"publish","type":"product","link":"https:\/\/www.ruiqigo.com\/da\/product\/mint-toothpaste","title":{"rendered":"Mint tandpasta"},"content":{"rendered":"<h2 class=\"wp-block-heading\">Mint tandpasta, der fremstiller almindelige formler<\/h2>\n\n\n\n<p>Menthol, kerneingrediensen i Mint Tandpasta, er en naturlig forbindelse udvundet af mynteplanten, som har en unik k\u00f8lende fornemmelse og aroma. Menthol stimulerer mundslimhinden og fremmer blodcirkulationen, og hj\u00e6lper med at lindre bet\u00e6ndelse og smerte i munden. Derudover har mentol en bakteriedr\u00e6bende effekt, som effektivt kan reducere bakterier i munden og forebygge paradentose og karies i t\u00e6nderne.<\/p>\n\n\n\n<h2 class=\"wp-block-heading\">Mint tandpasta anvendelige scenarier<\/h2>\n\n\n\n<p>Mint tandpasta er velegnet til en r\u00e6kke forskellige scenarier, is\u00e6r til f\u00f8lgende lejligheder: efter at v\u00e6re v\u00e5gnet om morgenen hj\u00e6lper den med at fjerne oral lugt og forfriskning; efter m\u00e5ltider renser det effektivt madrester og holder \u00e5ndedr\u00e6ttet frisk; n\u00e5r du er tr\u00e6t fra arbejde eller studier, kan tandb\u00f8rstning friske dit sind op og lindre tr\u00e6thed; efter at have v\u00e6ret oppe sent eller ryge, kan det reducere den d\u00e5rlige smag af munden og tage sig af mundsundheden.<\/p>\n\n\n\n<h2 class=\"wp-block-heading\">Hvem passer Mint tandpasta til<\/h2>\n\n\n\n<p>Mint tandpasta er velegnet til en bred vifte af mennesker, is\u00e6r anbefalet til f\u00f8lgende forbrugere: <\/p>\n\n\n\n<p>1. mennesker, der \u00f8nsker at holde vejret frisk; <\/p>\n\n\n\n<p>2. mennesker, der er generet af d\u00e5rlig \u00e5nde, s\u00e5som rygere, folk, der ofte bliver sent oppe; <\/p>\n\n\n\n<p>3. mennesker, der har brug for at genopfriske deres sind, s\u00e5som kontoransatte, studerende; <\/p>\n\n\n\n<p>4. personer, der har en pr\u00e6ference for mintsmag, for at nyde en k\u00f8lig og behagelig b\u00f8rsteoplevelse.<\/p>\n\n\n\n<h2 class=\"wp-block-heading\">Mint tandpasta produktionsproces<\/h2>\n\n\n\n<p>Som en p\u00e5lidelig Mint-tandpastaproducent anvender vi f\u00f8lgende specielle produktionsproces:<\/p>\n\n\n\n<p>1) Streng screening af menthols r\u00e5materialer for at sikre dets renhed og kvalitet; <\/p>\n\n\n\n<p>2) Kontroller n\u00f8jagtigt m\u00e6ngden af tilsat menthol for at sikre produktets k\u00f8lighed og moderate aroma; <\/p>\n\n\n\n<p>3) Brug lavtemperaturfr\u00e6sningsteknologien for fuldt ud at frigive aktiviteten af menthol; <\/p>\n\n\n\n<p>4) Aseptisk p\u00e5fyldning for at sikre, at produktet er sikkert og hygiejnisk; <\/p>\n\n\n\n<p>5) Fuld kvalitetskontrol for at sikre, at hver tandpasta opfylder de nationale standarder. national standard.<\/p>","protected":false},"excerpt":{"rendered":"Mint toothpaste manufacturing common formulas Menthol, the core ingredient of Mint Toothpaste, is a natural compound extracted from the mint plant, which has a unique cooling sensation and aroma. Menthol stimulates the oral mucosa and promotes blood circulation, helping to relieve oral inflammation and pain. In addition, menthol has a bactericidal effect, which can effectively [&hellip;]","protected":false},"featured_media":626,"menu_order":0,"template":"","meta":[],"product-tag":[],"products":[71],"class_list":["post-625","product","type-product","status-publish","has-post-thumbnail","hentry","products-toothpaste"],"acf":[],"_links":{"self":[{"href":"https:\/\/www.ruiqigo.com\/da\/wp-json\/wp\/v2\/product\/625","targetHints":{"allow":["GET"]}}],"collection":[{"href":"https:\/\/www.ruiqigo.com\/da\/wp-json\/wp\/v2\/product"}],"about":[{"href":"https:\/\/www.ruiqigo.com\/da\/wp-json\/wp\/v2\/types\/product"}],"version-history":[{"count":0,"href":"https:\/\/www.ruiqigo.com\/da\/wp-json\/wp\/v2\/product\/625\/revisions"}],"wp:featuredmedia":[{"embeddable":true,"href":"https:\/\/www.ruiqigo.com\/da\/wp-json\/wp\/v2\/media\/626"}],"wp:attachment":[{"href":"https:\/\/www.ruiqigo.com\/da\/wp-json\/wp\/v2\/media?parent=625"}],"wp:term":[{"taxonomy":"product-tag","embeddable":true,"href":"https:\/\/www.ruiqigo.com\/da\/wp-json\/wp\/v2\/product-tag?post=625"},{"taxonomy":"products","embeddable":true,"href":"https:\/\/www.ruiqigo.com\/da\/wp-json\/wp\/v2\/products?post=625"}],"curies":[{"name":"wp","href":"https:\/\/api.w.org\/{rel}","templated":true}]}}