{"id":630,"date":"2024-07-24T17:29:38","date_gmt":"2024-07-24T09:29:38","guid":{"rendered":"https:\/\/ruiqigo.com\/?post_type=product&#038;p=630"},"modified":"2024-11-01T10:33:12","modified_gmt":"2024-11-01T02:33:12","slug":"tea-tree-oil-toothpaste","status":"publish","type":"product","link":"https:\/\/www.ruiqigo.com\/da\/product\/tea-tree-oil-toothpaste","title":{"rendered":"Tea tree olie tandpasta"},"content":{"rendered":"<h2 class=\"wp-block-heading\">Almindelige formler til fremstilling af tea tree-olie-tandpasta<\/h2>\n\n\n\n<p>Kerneingrediensen i tea tree-olietandpasta, Camellia Sinensis-fr\u00f8ekstrakt, er en naturlig olie udvundet af Camellia Sinensis-fr\u00f8, som har antiinflammatoriske og antibakterielle virkninger. Olie-te-fr\u00f8ekstrakt kan effektivt h\u00e6mme v\u00e6ksten af skadelige bakterier i mundhulen, reducere dannelsen af plak og derved reducere forekomsten af huller i t\u00e6nderne. Derudover har olie-te-fr\u00f8ekstrakt ogs\u00e5 en naturlig duft, der effektivt kan fjerne mundlugt og forbedre mundmilj\u00f8et.<\/p>\n\n\n\n<h2 class=\"wp-block-heading\">Anvendelige scenarier for tea tree-olie-tandpasta<\/h2>\n\n\n\n<p>Tandpasta med tea tree-olie er velegnet til en r\u00e6kke forskellige situationer, is\u00e6r f\u00f8lgende: efter at v\u00e6re v\u00e5gnet om morgenen, for at hj\u00e6lpe med at fjerne mundlugt og give frisk \u00e5nde; efter m\u00e5ltider, for effektivt at rense madrester og beskytte t\u00e6nderne; efter at have v\u00e6ret oppe hele natten, efter rygning, for at lindre mundlugt og pleje tandsundheden.<\/p>\n\n\n\n<h2 class=\"wp-block-heading\">Hvem er tea tree-olie-tandpasta egnet til?<\/h2>\n\n\n\n<p>Tea tree-olie tandpasta er velegnet til en bred vifte af mennesker, is\u00e6r anbefalet til f\u00f8lgende forbrugere: <\/p>\n\n\n\n<p>1. mennesker, der er plaget af oral lugt, s\u00e5som rygere, bliver ofte oppe til sent publikum; <\/p>\n\n\n\n<p>2. mennesker med f\u00f8lsomme t\u00e6nder, skal forsigtigt rense m\u00e6ngden; <\/p>\n\n\n\n<p>3. Diabetespatienter skal p\u00e5 grund af den h\u00f8je risiko for paradentose v\u00e6re s\u00e6rlig opm\u00e6rksomme p\u00e5 mundpleje; <\/p>\n\n\n\n<p>4. gerne pr\u00f8ve en ny type mundplejeprodukter til forbrugerne for at nyde den mundhygiejne, som tea tree-olie bringer.<\/p>\n\n\n\n<h2 class=\"wp-block-heading\">Produktionsproces for tea tree-olie tandpasta<\/h2>\n\n\n\n<p>Som en kvalitativ producent af tea tree-olie-tandpasta bruger vi f\u00f8lgende s\u00e6rlige produktionsproces: <\/p>\n\n\n\n<p>1. streng screening af r\u00e5materialer fra Camellia sinensis-fr\u00f8ekstrakt for at sikre dets renhed og kvalitet; <\/p>\n\n\n\n<p>2. pr\u00e6cis kontrol af m\u00e6ngden af tilsat Camellia sinensis-fr\u00f8ekstrakt for at sikre, at produktet er sikkert og effektivt; <\/p>\n\n\n\n<p>3. Lavtemperaturmalingsteknologi bruges til fuldt ud at frigive aktiviteten af Camellia sinensis-fr\u00f8ekstrakt; <\/p>\n\n\n\n<p>4. aseptisk p\u00e5fyldning for at sikre produktets sikkerhed og hygiejniske egenskaber;<\/p>\n\n\n\n<p>5. Hele kvalitetskontrolprocessen for at sikre, at hver tandpasta opfylder de nationale standarder. Som en kvalitativ producent af tea tree-olie-tandpasta opfylder hver tandpasta de nationale standarder.<\/p>","protected":false},"excerpt":{"rendered":"Tea tree oil toothpaste manufacturing common formulas The core ingredient of Tea Tree Oil Toothpaste, Camellia Sinensis Seed Extract, is a natural oil extracted from Camellia Sinensis seeds, which has anti-inflammatory and antibacterial effects. Oil tea seed extract can effectively inhibit the growth of harmful bacteria in the oral cavity, reduce the formation of plaque, [&hellip;]","protected":false},"featured_media":631,"menu_order":0,"template":"","meta":[],"product-tag":[],"products":[71],"class_list":["post-630","product","type-product","status-publish","has-post-thumbnail","hentry","products-toothpaste"],"acf":[],"_links":{"self":[{"href":"https:\/\/www.ruiqigo.com\/da\/wp-json\/wp\/v2\/product\/630","targetHints":{"allow":["GET"]}}],"collection":[{"href":"https:\/\/www.ruiqigo.com\/da\/wp-json\/wp\/v2\/product"}],"about":[{"href":"https:\/\/www.ruiqigo.com\/da\/wp-json\/wp\/v2\/types\/product"}],"version-history":[{"count":0,"href":"https:\/\/www.ruiqigo.com\/da\/wp-json\/wp\/v2\/product\/630\/revisions"}],"wp:featuredmedia":[{"embeddable":true,"href":"https:\/\/www.ruiqigo.com\/da\/wp-json\/wp\/v2\/media\/631"}],"wp:attachment":[{"href":"https:\/\/www.ruiqigo.com\/da\/wp-json\/wp\/v2\/media?parent=630"}],"wp:term":[{"taxonomy":"product-tag","embeddable":true,"href":"https:\/\/www.ruiqigo.com\/da\/wp-json\/wp\/v2\/product-tag?post=630"},{"taxonomy":"products","embeddable":true,"href":"https:\/\/www.ruiqigo.com\/da\/wp-json\/wp\/v2\/products?post=630"}],"curies":[{"name":"wp","href":"https:\/\/api.w.org\/{rel}","templated":true}]}}