{"id":635,"date":"2024-07-25T15:47:07","date_gmt":"2024-07-25T07:47:07","guid":{"rendered":"https:\/\/ruiqigo.com\/?post_type=product&#038;p=635"},"modified":"2025-09-03T15:22:48","modified_gmt":"2025-09-03T07:22:48","slug":"fluoride-mouthwash","status":"publish","type":"product","link":"https:\/\/www.ruiqigo.com\/da\/product\/fluoride-mouthwash","title":{"rendered":"Fluor mundskyl"},"content":{"rendered":"<h2 class=\"wp-block-heading\">F\u00e6lles formler<\/h2>\n\n\n\n<p><strong>Natriummonofluorophosphat<\/strong>, kerningrediensen i fluoridmundskyl, er en slags fluorid, der er meget anvendt i mundplejeprodukter, og som effektivt kan forbedre tandemaljens syreh\u00e6mmende evne og reducere forekomsten af huller i t\u00e6nderne. 0,02% fluorindhold er i overensstemmelse med nationale og internationale standarder, hvilket kan spille en rolle i fluorid, men ogs\u00e5 for at sikre sikkerheden ved brug. Derudover kan natriummonofluorophosphat ogs\u00e5 fremme tandremineralisering og reparere tidligt huller i t\u00e6nderne.<\/p>\n\n\n\n<h2 class=\"wp-block-heading\">G\u00e6ldende scenarier<\/h2>\n\n\n\n<p>Fluormundskyl er velegnet til en r\u00e6kke forskellige situationer, is\u00e6r til f\u00f8lgende lejligheder: <\/p>\n\n\n\n<p>1. efter m\u00e5ltider, effektiv reng\u00f8ring af madrester og beskyttelse af t\u00e6nder; <\/p>\n\n\n\n<p>2. efter at have v\u00e6ret oppe hele natten og ryge, for at reducere den d\u00e5rlige smag af munden og tage sig af t\u00e6ndernes sundhed; <\/p>\n\n\n\n<p>3. ved s\u00e6rlige lejligheder, s\u00e5som bryllupper, interviews osv., for at holde \u00e5ndedr\u00e6ttet friskt; <\/p>\n\n\n\n<p>4. efter behandling af mundsygdomme, for at hj\u00e6lpe med at rense mundhulen.<\/p>\n\n\n\n<h2 class=\"wp-block-heading\">Hvem er fluoridmundskyl til?<\/h2>\n\n\n\n<p>Fluoridmundskyllevand er velegnet til en bred vifte af mennesker, is\u00e6r anbefalet til f\u00f8lgende forbrugere: <\/p>\n\n\n\n<p>1. b\u00f8rn, unge og voksne for at forebygge huller i t\u00e6nderne og opretholde mundhygiejne; <\/p>\n\n\n\n<p>2. mennesker med f\u00f8lsomme t\u00e6nder, der har brug for at forbedre emaljens h\u00e5rdhed; <\/p>\n\n\n\n<p>3. diabetespatienter, der har h\u00f8j risiko for parodontal sygdom og har brug for at v\u00e6re s\u00e6rligt opm\u00e6rksomme p\u00e5 mundhygiejne; <\/p>\n\n\n\n<p>4. Forbrugere, der gerne vil pr\u00f8ve nye mundplejeprodukter, kan nyde fordelene ved fluoridmundskyl. Den mundhygiejne, som fluoridmundskyl giver.<\/p>\n\n\n\n<h2 class=\"wp-block-heading\">Produktionsproces<\/h2>\n\n\n\n<p>For at sikre kvaliteten af fluoridmundskyl anvender vi f\u00f8lgende s\u00e6rlige produktionsproces: <\/p>\n\n\n\n<p>1. streng screening af r\u00e5materialer af natriummonofluorphosphat for at sikre dets renhed og kvalitet; <\/p>\n\n\n\n<p>2. pr\u00e6cis kontrol af m\u00e6ngden af tilsat natriummonofluorophosphat for at sikre produktets sikkerhed og effektivitet; <\/p>\n\n\n\n<p>3. Lavtemperaturblandingsteknologi bruges til at frigive natriummonofluorophosphats aktivitet i videst muligt omfang; <\/p>\n\n\n\n<p>4. aseptisk p\u00e5fyldning for at sikre, at produktet er sikkert og hygiejnisk; <\/p>\n\n\n\n<p>5. Fuld kvalitetskontrol for at sikre, at hver flaske fluormundskyl er sikker og hygiejnisk. Kvalitetskontrol for at sikre, at hver flaske fluormundskyl opfylder den nationale standard. <\/p>\n\n\n\n<p>Gennem ovenst\u00e5ende proces tilbyder vi dig et mundplejeprodukt af h\u00f8j kvalitet og p\u00e5lidelighed.<\/p>","protected":false},"excerpt":{"rendered":"Common Formulas Sodium Monofluorophosphate, the core ingredient of Fluoride Mouthwash, is a kind of fluoride widely used in oral care products, which can effectively enhance the anti-acid ability of tooth enamel and reduce the incidence of tooth decay.0.02% fluorine content is in line with national and international standards, which can play a role in the [&hellip;]","protected":false},"featured_media":667,"menu_order":0,"template":"","meta":[],"product-tag":[201,206,207,208,212,213,214,216],"products":[72],"class_list":["post-635","product","type-product","status-publish","has-post-thumbnail","hentry","product-tag-mouthwash-manufacturer","product-tag-mouthwash-companies","product-tag-mouthwash-factory","product-tag-mouthwash-suppliers","product-tag-mouthwash-contract-manufacturer","product-tag-antiseptic-mouthwashes-manufacturer","product-tag-mouthwash-manufacturers-usa","product-tag-private-label-mouthwash-manufacturers","products-mouthwash"],"acf":[],"_links":{"self":[{"href":"https:\/\/www.ruiqigo.com\/da\/wp-json\/wp\/v2\/product\/635","targetHints":{"allow":["GET"]}}],"collection":[{"href":"https:\/\/www.ruiqigo.com\/da\/wp-json\/wp\/v2\/product"}],"about":[{"href":"https:\/\/www.ruiqigo.com\/da\/wp-json\/wp\/v2\/types\/product"}],"version-history":[{"count":0,"href":"https:\/\/www.ruiqigo.com\/da\/wp-json\/wp\/v2\/product\/635\/revisions"}],"wp:featuredmedia":[{"embeddable":true,"href":"https:\/\/www.ruiqigo.com\/da\/wp-json\/wp\/v2\/media\/667"}],"wp:attachment":[{"href":"https:\/\/www.ruiqigo.com\/da\/wp-json\/wp\/v2\/media?parent=635"}],"wp:term":[{"taxonomy":"product-tag","embeddable":true,"href":"https:\/\/www.ruiqigo.com\/da\/wp-json\/wp\/v2\/product-tag?post=635"},{"taxonomy":"products","embeddable":true,"href":"https:\/\/www.ruiqigo.com\/da\/wp-json\/wp\/v2\/products?post=635"}],"curies":[{"name":"wp","href":"https:\/\/api.w.org\/{rel}","templated":true}]}}