{"id":636,"date":"2024-07-24T18:01:18","date_gmt":"2024-07-24T10:01:18","guid":{"rendered":"https:\/\/ruiqigo.com\/?post_type=product&#038;p=636"},"modified":"2024-11-01T14:21:18","modified_gmt":"2024-11-01T06:21:18","slug":"floss-with-stick","status":"publish","type":"product","link":"https:\/\/www.ruiqigo.com\/da\/product\/floss-with-stick","title":{"rendered":"Floss med pind"},"content":{"rendered":"<h2 class=\"wp-block-heading\">Floss med stick-fremstilling, almindelige formler<\/h2>\n\n\n\n<p>Den aktive ingrediens i Floss with Stick, UHMWPE-fiber, har h\u00f8j styrke og h\u00f8j friktion, der kan tr\u00e6nge dybt ind i t\u00e6ndernes spr\u00e6kker og effektivt fjerne madrester og plak. Stick&#039;en er lavet af HIPS f\u00f8devaregodkendt plastik med et ergonomisk h\u00e5ndtag, der g\u00f8r den behagelig at holde og sparer energi. Som en f\u00f8rende producent af Floss with Stick kan den tilsatte mint-\/frugtfaktor give frisk \u00e5nde og fjerne madrester.<\/p>\n\n\n\n<h2 class=\"wp-block-heading\">Tandtr\u00e5d med pind, anvendelige scenarier<\/h2>\n\n\n\n<p>Tandtr\u00e5d med stift er velegnet til en r\u00e6kke forskellige situationer, is\u00e6r til f\u00f8lgende lejligheder: <\/p>\n\n\n\n<p>1. Reng\u00f8r effektivt madrester efter m\u00e5ltider og hold \u00e5ndedr\u00e6ttet friskt; <\/p>\n\n\n\n<p>2. under ortodonti, ekstra reng\u00f8ringsmellemrum; <\/p>\n\n\n\n<p>3. s\u00e6rlige lejligheder, s\u00e5som bryllupper, jobsamtaler osv., for at holde \u00e5ndedr\u00e6ttet friskt; <\/p>\n\n\n\n<p>4. Efter behandling af oral sygdom, ekstra reng\u00f8ringsgab.<\/p>\n\n\n\n<h2 class=\"wp-block-heading\">Hvem er tandtr\u00e5d med pind egnet til<\/h2>\n\n\n\n<p>Tandtr\u00e5d med stift er velegnet til en bred vifte af mennesker, is\u00e6r anbefalet til f\u00f8lgende forbrugere: <\/p>\n\n\n\n<p>1. personer med h\u00f8j bevidsthed om mundhygiejne; <\/p>\n\n\n\n<p>2. personer med s\u00e6rlige behov s\u00e5som ortodonti og tandimplantater; <\/p>\n\n\n\n<p>3. mennesker, der har brug for at holde vejret frisk ved s\u00e6rlige lejligheder; <\/p>\n\n\n\n<p>4. personer, der har brug for at rense deres t\u00e6nder efter behandling af mundsygdomme.<\/p>\n\n\n\n<h2 class=\"wp-block-heading\">Tandtr\u00e5d med stick produktionsproces<\/h2>\n\n\n\n<p>Som professionel producent af tandtr\u00e5d med pinde anvender vi f\u00f8lgende s\u00e6rlige produktionsproces: <\/p>\n\n\n\n<p>1. Streng screening af UHMWPE ultrah\u00f8jmolekyl\u00e6re polyethylenfiberr\u00e5materialer for at sikre dets renhed og kvalitet; <\/p>\n\n\n\n<p>2. Pr\u00e6cis kontrol af Floss-tr\u00e5dv\u00e6vningsprocessen for at sikre, at produktet ikke stopper og ikke falder fra hinanden; <\/p>\n\n\n\n<p>3. Brugen af HIPS f\u00f8devaregodkendt plast for at sikre Sticks sikkerhed; <\/p>\n\n\n\n<p>4. Aseptisk p\u00e5fyldning for at sikre, at produktet er sikkert og hygiejnisk; <\/p>\n\n\n\n<p>5. Fuld kvalitetskontrol for at sikre, at hver tandtr\u00e5d med stift opfylder den nationale standard.<\/p>","protected":false},"excerpt":{"rendered":"Floss with stick manufacturing common formulas The active ingredient in Floss with Stick, UHMWPE fiber, has the characteristics of high strength and high friction, which can penetrate deep into the crevices of the teeth and effectively remove food residues and plaque.Stick is made of HIPS food-grade plastic, with an ergonomic handle, which makes it comfortable [&hellip;]","protected":false},"featured_media":637,"menu_order":0,"template":"","meta":[],"product-tag":[],"products":[74],"class_list":["post-636","product","type-product","status-publish","has-post-thumbnail","hentry","products-floss-stick"],"acf":[],"_links":{"self":[{"href":"https:\/\/www.ruiqigo.com\/da\/wp-json\/wp\/v2\/product\/636","targetHints":{"allow":["GET"]}}],"collection":[{"href":"https:\/\/www.ruiqigo.com\/da\/wp-json\/wp\/v2\/product"}],"about":[{"href":"https:\/\/www.ruiqigo.com\/da\/wp-json\/wp\/v2\/types\/product"}],"version-history":[{"count":0,"href":"https:\/\/www.ruiqigo.com\/da\/wp-json\/wp\/v2\/product\/636\/revisions"}],"wp:featuredmedia":[{"embeddable":true,"href":"https:\/\/www.ruiqigo.com\/da\/wp-json\/wp\/v2\/media\/637"}],"wp:attachment":[{"href":"https:\/\/www.ruiqigo.com\/da\/wp-json\/wp\/v2\/media?parent=636"}],"wp:term":[{"taxonomy":"product-tag","embeddable":true,"href":"https:\/\/www.ruiqigo.com\/da\/wp-json\/wp\/v2\/product-tag?post=636"},{"taxonomy":"products","embeddable":true,"href":"https:\/\/www.ruiqigo.com\/da\/wp-json\/wp\/v2\/products?post=636"}],"curies":[{"name":"wp","href":"https:\/\/api.w.org\/{rel}","templated":true}]}}