{"id":641,"date":"2024-07-24T18:09:35","date_gmt":"2024-07-24T10:09:35","guid":{"rendered":"https:\/\/ruiqigo.com\/?post_type=product&#038;p=641"},"modified":"2024-11-01T14:23:37","modified_gmt":"2024-11-01T06:23:37","slug":"biodegradable-floss-sticks","status":"publish","type":"product","link":"https:\/\/www.ruiqigo.com\/da\/product\/biodegradable-floss-sticks","title":{"rendered":"Biologisk nedbrydelig tandtr\u00e5dsstift"},"content":{"rendered":"<h2 class=\"wp-block-heading\">Biologisk nedbrydelig tandtr\u00e5d, der fremstiller almindelige formler<\/h2>\n\n\n\n<p>Den aktive ingrediens i Biodegradable Floss Sticks, UHMWPE-fiber, har h\u00f8j styrke og h\u00f8j friktionsegenskaber, som kan tr\u00e6nge dybt ind i t\u00e6ndernes spr\u00e6kker og effektivt fjerne madrester og plak, mens PLA-nedbrydelig majsstivelse er lavet i Sticken, h\u00e5ndtaget er ergonomisk designet til at g\u00f8re det behageligt at holde og sparer kr\u00e6fter p\u00e5 at bruge. Den tilsatte mynte\/frugtfaktor kan opfriske \u00e5nde og fjerne madrester.<\/p>\n\n\n\n<h2 class=\"wp-block-heading\">Bionedbrydelige tandtr\u00e5d anvendelige scenarier<\/h2>\n\n\n\n<p>Biologisk nedbrydelige tandtr\u00e5dsstifter kan bruges i en r\u00e6kke forskellige scenarier, is\u00e6r i f\u00f8lgende lejligheder: <\/p>\n\n\n\n<p>1. efter m\u00e5ltider, for effektivt at rense madrester og holde \u00e5ndedr\u00e6ttet frisk; <\/p>\n\n\n\n<p>2. under ortodontisk behandling for at hj\u00e6lpe med at rense hullet; <\/p>\n\n\n\n<p>3. s\u00e6rlige lejligheder, s\u00e5som bryllupper, interviews osv., for at holde vejret frisk; <\/p>\n\n\n\n<p>4. efter oral sygdom behandling, for at hj\u00e6lpe med at rense hullet.<\/p>\n\n\n\n<h2 class=\"wp-block-heading\">Hvem er biologisk nedbrydelig tandtr\u00e5d egnet til<\/h2>\n\n\n\n<p>Biologisk nedbrydelige tandtr\u00e5dsstifter er velegnede til en bred vifte af mennesker, is\u00e6r anbefalet til f\u00f8lgende forbrugere: <\/p>\n\n\n\n<p>1. personer med h\u00f8j bevidsthed om mundhygiejne; <\/p>\n\n\n\n<p>2. s\u00e6rlige personer s\u00e5som tandregulering og tandimplantater; <\/p>\n\n\n\n<p>3. mennesker, der har brug for at holde vejret frisk ved s\u00e6rlige lejligheder; <\/p>\n\n\n\n<p>4. personer, der skal hj\u00e6lpe med reng\u00f8ring efter behandling af orale sygdomme.<\/p>\n\n\n\n<h2 class=\"wp-block-heading\">Bionedbrydelig tandtr\u00e5dsproduktionsproces<\/h2>\n\n\n\n<p>Som en v\u00e6rdig bionedbrydelig tandtr\u00e5dsproducent anvender vi f\u00f8lgende specielle produktionsproces: <\/p>\n\n\n\n<p>1. Sk\u00e6rm strengt r\u00e5materialerne af UHMWPE polyethylenfiber med ultrah\u00f8j molekylv\u00e6gt for at sikre dets renhed og kvalitet; <\/p>\n\n\n\n<p>2. Kontroller n\u00f8jagtigt v\u00e6veprocessen af flosstr\u00e5den for at sikre, at produktet ikke g\u00e5r i stykker og ikke falder fra hinanden; <\/p>\n\n\n\n<p>3. Brug af PLA biologisk nedbrydelig majsstivelse for at sikre, at Sticks er milj\u00f8venlige; <\/p>\n\n\n\n<p>4. Aseptisk p\u00e5fyldning sikrer, at produkterne er sikre og hygiejniske; <\/p>\n\n\n\n<p>Som en f\u00f8rende producent af biologisk nedbrydelig tandtr\u00e5d sikrer hele processen med kvalitetskontrol, at hver enkelt biologisk nedbrydelig tandtr\u00e5d opfylder de nationale standarder.<\/p>\n\n\n\n<p><\/p>","protected":false},"excerpt":{"rendered":"Biodegradable floss stick manufacturing common formulas The active ingredient in Biodegradable Floss Sticks, UHMWPE fiber, has high strength and high friction characteristics, which can penetrate deep into the crevices of the teeth, effectively removing food debris and plaque, while PLA degradable corn starch is made into the Stick, the handle is ergonomically designed to make [&hellip;]","protected":false},"featured_media":642,"menu_order":0,"template":"","meta":[],"product-tag":[],"products":[74],"class_list":["post-641","product","type-product","status-publish","has-post-thumbnail","hentry","products-floss-stick"],"acf":[],"_links":{"self":[{"href":"https:\/\/www.ruiqigo.com\/da\/wp-json\/wp\/v2\/product\/641","targetHints":{"allow":["GET"]}}],"collection":[{"href":"https:\/\/www.ruiqigo.com\/da\/wp-json\/wp\/v2\/product"}],"about":[{"href":"https:\/\/www.ruiqigo.com\/da\/wp-json\/wp\/v2\/types\/product"}],"version-history":[{"count":0,"href":"https:\/\/www.ruiqigo.com\/da\/wp-json\/wp\/v2\/product\/641\/revisions"}],"wp:featuredmedia":[{"embeddable":true,"href":"https:\/\/www.ruiqigo.com\/da\/wp-json\/wp\/v2\/media\/642"}],"wp:attachment":[{"href":"https:\/\/www.ruiqigo.com\/da\/wp-json\/wp\/v2\/media?parent=641"}],"wp:term":[{"taxonomy":"product-tag","embeddable":true,"href":"https:\/\/www.ruiqigo.com\/da\/wp-json\/wp\/v2\/product-tag?post=641"},{"taxonomy":"products","embeddable":true,"href":"https:\/\/www.ruiqigo.com\/da\/wp-json\/wp\/v2\/products?post=641"}],"curies":[{"name":"wp","href":"https:\/\/api.w.org\/{rel}","templated":true}]}}