{"id":646,"date":"2024-07-25T15:09:22","date_gmt":"2024-07-25T07:09:22","guid":{"rendered":"https:\/\/ruiqigo.com\/?post_type=product&#038;p=646"},"modified":"2024-11-01T14:14:29","modified_gmt":"2024-11-01T06:14:29","slug":"potassium-nitrate-toothpaste","status":"publish","type":"product","link":"https:\/\/www.ruiqigo.com\/da\/product\/potassium-nitrate-toothpaste","title":{"rendered":"Kaliumnitrat tandpasta"},"content":{"rendered":"<h2 class=\"wp-block-heading\">Kaliumnitrat tandpasta fremstiller almindelige formler<\/h2>\n\n\n\n<p>Kaliumnitrat Tandpastaens kerneingrediens, Kaliumnitrat, har den virkning at lindre tandf\u00f8lsomhed. Kaliumnitrat kan effektivt reducere t\u00e6ndernes f\u00f8lsomhed over for kolde, varme, s\u00f8de og andre stimuli og har samtidig antibakterielle og anti-inflammatoriske virkninger, som er med til at forebygge orale sygdomme. Derudover kan kaliumnitrat ogs\u00e5 hj\u00e6lpe med at forbedre det mundtlige milj\u00f8 og reducere dannelsen af plak og dermed reducere forekomsten af huller i t\u00e6nderne.<\/p>\n\n\n\n<h2 class=\"wp-block-heading\">Kaliumnitrat tandpasta anvendelige scenarier<\/h2>\n\n\n\n<p>Kaliumnitrat-tandpasta er velegnet til en r\u00e6kke forskellige scenarier, is\u00e6r til f\u00f8lgende lejligheder: 1. personer med f\u00f8lsomme t\u00e6nder, for effektivt at reducere tandf\u00f8lsomhed; <\/p>\n\n\n\n<p>2. efter m\u00e5ltider, for effektivt at rense madrester, for at opretholde frisk \u00e5nde; <\/p>\n\n\n\n<p>3. efter at have v\u00e6ret oppe hele natten, efter rygning, for at reducere den d\u00e5rlige smag af munden, for at tage sig af t\u00e6ndernes sundhed; <\/p>\n\n\n\n<p>4. s\u00e6rlige lejligheder, s\u00e5som bryllupper, jobsamtaler, osv., for at bevare frisk \u00e5nde.<\/p>\n\n\n\n<h2 class=\"wp-block-heading\">Hvem er Kaliumnitrat tandpasta egnet til<\/h2>\n\n\n\n<p>Kaliumnitrat tandpasta er velegnet til en bred vifte af mennesker, is\u00e6r anbefalet til f\u00f8lgende forbrugere: <\/p>\n\n\n\n<p>1. mennesker med f\u00f8lsomme t\u00e6nder, som har brug for at lindre tandf\u00f8lsomhed; <\/p>\n\n\n\n<p>2. mennesker, der er plaget af oral lugt, s\u00e5som rygere, bliver ofte oppe hele natten; <\/p>\n\n\n\n<p>3. diabetespatienter, som har h\u00f8j risiko for paradentose og skal v\u00e6re s\u00e6rlig opm\u00e6rksom p\u00e5 mundpleje; <\/p>\n\n\n\n<p>4. forbrugere, der kan lide at pr\u00f8ve nye mundplejeprodukter; <\/p>\n\n\n\n<p>5. forbrugere, der kan lide at nyde kaliumnitrat-tandpasta og nyde fordelene ved kaliumnitrat-tandpasta. <\/p>\n\n\n\n<h2 class=\"wp-block-heading\">Kaliumnitrat tandpasta produktionsproces<\/h2>\n\n\n\n<p>Som en professionel producent af kaliumnitrat tandpasta anvender vi f\u00f8lgende specielle produktionsproces: <\/p>\n\n\n\n<p>1. Streng screening af kaliumnitratr\u00e5materialer for at sikre dets renhed og kvalitet; <\/p>\n\n\n\n<p>2. Pr\u00e6cis kontrol af m\u00e6ngden af tilsat kaliumnitrat for at sikre, at produktet er sikkert og effektivt; <\/p>\n\n\n\n<p>3. Lavtemperaturfr\u00e6sningsteknologi er vedtaget for fuldt ud at frigive aktiviteten af kaliumnitrat; <\/p>\n\n\n\n<p>4. Aseptisk p\u00e5fyldning sikrer, at produktet er sikkert og hygiejnisk; <\/p>\n\n\n\n<p>5. Fuld kvalitetskontrol for at sikre, at hver kaliumnitrat-tandpasta opfylder den nationale standard. Gennem ovenst\u00e5ende proces, som en professionel kaliumnitrat-tandpastaproducent, vil vi bringe dig et h\u00f8jkvalitets og p\u00e5lideligt mundplejeprodukt.<\/p>\n\n\n\n<p><\/p>","protected":false},"excerpt":{"rendered":"Potassium nitrate toothpaste manufacturing common formulas Potassium Nitrate Toothpaste&#8217;s core ingredient, Potassium Nitrate, has the effect of relieving tooth sensitivity. Potassium nitrate can effectively reduce the sensitivity of teeth to cold, hot, sweet and other stimuli, and at the same time has antibacterial and anti-inflammatory effects, which helps to prevent oral diseases. In addition, potassium [&hellip;]","protected":false},"featured_media":653,"menu_order":0,"template":"","meta":[],"product-tag":[],"products":[71],"class_list":["post-646","product","type-product","status-publish","has-post-thumbnail","hentry","products-toothpaste"],"acf":[],"_links":{"self":[{"href":"https:\/\/www.ruiqigo.com\/da\/wp-json\/wp\/v2\/product\/646","targetHints":{"allow":["GET"]}}],"collection":[{"href":"https:\/\/www.ruiqigo.com\/da\/wp-json\/wp\/v2\/product"}],"about":[{"href":"https:\/\/www.ruiqigo.com\/da\/wp-json\/wp\/v2\/types\/product"}],"version-history":[{"count":0,"href":"https:\/\/www.ruiqigo.com\/da\/wp-json\/wp\/v2\/product\/646\/revisions"}],"wp:featuredmedia":[{"embeddable":true,"href":"https:\/\/www.ruiqigo.com\/da\/wp-json\/wp\/v2\/media\/653"}],"wp:attachment":[{"href":"https:\/\/www.ruiqigo.com\/da\/wp-json\/wp\/v2\/media?parent=646"}],"wp:term":[{"taxonomy":"product-tag","embeddable":true,"href":"https:\/\/www.ruiqigo.com\/da\/wp-json\/wp\/v2\/product-tag?post=646"},{"taxonomy":"products","embeddable":true,"href":"https:\/\/www.ruiqigo.com\/da\/wp-json\/wp\/v2\/products?post=646"}],"curies":[{"name":"wp","href":"https:\/\/api.w.org\/{rel}","templated":true}]}}