{"id":647,"date":"2024-07-25T15:05:08","date_gmt":"2024-07-25T07:05:08","guid":{"rendered":"https:\/\/ruiqigo.com\/?post_type=product&#038;p=647"},"modified":"2024-11-01T14:16:04","modified_gmt":"2024-11-01T06:16:04","slug":"coconut-oil-toothpaste","status":"publish","type":"product","link":"https:\/\/www.ruiqigo.com\/da\/product\/coconut-oil-toothpaste","title":{"rendered":"Kokosolie tandpasta"},"content":{"rendered":"<h2 class=\"wp-block-heading\">Kokosolie tandpasta fremstiller almindelige formler<\/h2>\n\n\n\n<p>Coconut Oil Tandpastas kerneingrediens, kokosolie, har naturlige antibakterielle og anti-inflammatoriske egenskaber, som effektivt kan reducere bakterier i munden og forebygge mundsygdomme. Kokosolie har ogs\u00e5 funktionen til at fugte og reparere mundslimhinden, hvilket er med til at forbedre mundmilj\u00f8et. Natriumklorid har en mild skrubbeeffekt, som effektivt kan fjerne pletter og plak p\u00e5 overfladen af t\u00e6nderne, og samtidig er det ikke-irriterende for t\u00e6nder og tandk\u00f8d.<\/p>\n\n\n\n<h2 class=\"wp-block-heading\">Kokosolie tandpasta anvendelige scenarier<\/h2>\n\n\n\n<p>Kokosolietandpasta er velegnet til en r\u00e6kke forskellige scenarier, is\u00e6r til f\u00f8lgende lejligheder: <\/p>\n\n\n\n<p>1. brug efter m\u00e5ltider, effektivt rense madrester, for at opretholde frisk \u00e5nde; <\/p>\n\n\n\n<p>2. efter at have v\u00e6ret oppe hele natten, rygning, for at lindre den d\u00e5rlige smag af munden, for at tage sig af t\u00e6ndernes sundhed; <\/p>\n\n\n\n<p>3. s\u00e6rlige lejligheder, s\u00e5som bryllupper, jobsamtaler osv., for at holde vejret frisk; <\/p>\n\n\n\n<p>4. oral sygdomsbehandling, for at hj\u00e6lpe med at rense mundhulen.<\/p>\n\n\n\n<h2 class=\"wp-block-heading\">Hvem er kokosolie tandpasta egnet til<\/h2>\n\n\n\n<p>Coconut Oil Tandpasta er velegnet til en bred vifte af mennesker, is\u00e6r anbefalet til f\u00f8lgende forbrugere: <\/p>\n\n\n\n<p>1. mennesker, der er plaget af oral lugt, s\u00e5som rygere, bliver ofte oppe til sent publikum; <\/p>\n\n\n\n<p>2. mennesker med f\u00f8lsomme t\u00e6nder, skal forsigtigt rense m\u00e6ngden; <\/p>\n\n\n\n<p>3. Diabetespatienter skal p\u00e5 grund af den h\u00f8je risiko for paradentose v\u00e6re s\u00e6rlig opm\u00e6rksomme p\u00e5 mundpleje; <\/p>\n\n\n\n<p>4. kan lide at pr\u00f8ve en ny type mundplejeprodukter, som forbrugerne kan nyde. Coconut Oil Tandpasta bringer oral sundhed.<\/p>\n\n\n\n<h2 class=\"wp-block-heading\">Kokosolie tandpasta produktionsproces<\/h2>\n\n\n\n<p>Som en kvalitativ kokosolie-tandpastaproducent anvender vi f\u00f8lgende specielle produktionsproces: <\/p>\n\n\n\n<p>1. Streng screening af r\u00e5materialerne af kokosolie og natriumchlorid for at sikre deres renhed og kvalitet; <\/p>\n\n\n\n<p>2. Kontroller n\u00f8jagtigt m\u00e6ngden af tilsat kokosolie og natriumchlorid for at sikre produktets sikkerhed og effektivitet; <\/p>\n\n\n\n<p>3. Adopter lavtemperaturfr\u00e6sningsteknologien for fuldt ud at frigive kokosoliens aktivitet; <\/p>\n\n\n\n<p>4. Aseptisk p\u00e5fyldning for at sikre, at produktet er sikkert og hygiejnisk. <\/p>\n\n\n\n<p>5. Hele processen med kvalitetskontrol for at sikre, at hver kokosolietandpasta opfylder de nationale standarder. Som en kvalitativ kokosolie-tandpastaproducent giver vi dig gennem ovenst\u00e5ende proces et p\u00e5lideligt mundplejeprodukt af h\u00f8j kvalitet.<\/p>","protected":false},"excerpt":{"rendered":"Coconut oil toothpaste manufacturing common formulas Coconut Oil Toothpaste&#8217;s core ingredient, coconut oil, has natural antibacterial and anti-inflammatory properties, which can effectively reduce bacteria in the mouth and prevent oral diseases. Coconut oil also has the function of moisturizing and repairing the oral mucosa, helping to improve the oral environment. Sodium chloride has a mild [&hellip;]","protected":false},"featured_media":648,"menu_order":0,"template":"","meta":[],"product-tag":[],"products":[71],"class_list":["post-647","product","type-product","status-publish","has-post-thumbnail","hentry","products-toothpaste"],"acf":[],"_links":{"self":[{"href":"https:\/\/www.ruiqigo.com\/da\/wp-json\/wp\/v2\/product\/647","targetHints":{"allow":["GET"]}}],"collection":[{"href":"https:\/\/www.ruiqigo.com\/da\/wp-json\/wp\/v2\/product"}],"about":[{"href":"https:\/\/www.ruiqigo.com\/da\/wp-json\/wp\/v2\/types\/product"}],"version-history":[{"count":0,"href":"https:\/\/www.ruiqigo.com\/da\/wp-json\/wp\/v2\/product\/647\/revisions"}],"wp:featuredmedia":[{"embeddable":true,"href":"https:\/\/www.ruiqigo.com\/da\/wp-json\/wp\/v2\/media\/648"}],"wp:attachment":[{"href":"https:\/\/www.ruiqigo.com\/da\/wp-json\/wp\/v2\/media?parent=647"}],"wp:term":[{"taxonomy":"product-tag","embeddable":true,"href":"https:\/\/www.ruiqigo.com\/da\/wp-json\/wp\/v2\/product-tag?post=647"},{"taxonomy":"products","embeddable":true,"href":"https:\/\/www.ruiqigo.com\/da\/wp-json\/wp\/v2\/products?post=647"}],"curies":[{"name":"wp","href":"https:\/\/api.w.org\/{rel}","templated":true}]}}