{"id":652,"date":"2024-07-25T15:14:31","date_gmt":"2024-07-25T07:14:31","guid":{"rendered":"https:\/\/ruiqigo.com\/?post_type=product&#038;p=652"},"modified":"2024-11-01T14:14:59","modified_gmt":"2024-11-01T06:14:59","slug":"stannous-fluoride-toothpaste","status":"publish","type":"product","link":"https:\/\/www.ruiqigo.com\/da\/product\/stannous-fluoride-toothpaste","title":{"rendered":"Stannous fluor tandpasta"},"content":{"rendered":"<h3 class=\"wp-block-heading\">Stannofluorid-tandpasta, der fremstiller almindelige formler<\/h3>\n\n\n\n<p>Stannous Fluoride Tandpastas kerneingrediens, Stannous Fluoride, er et fluorid, der er meget udbredt i mundplejeprodukter, som effektivt kan forbedre emaljens evne til at modst\u00e5 surhed og reducere forekomsten af huller i t\u00e6nderne. Stann(II)fluorid fremmer ogs\u00e5 remineralisering af t\u00e6nder og genopretning af tidlige huller. Derudover er stannofluorid uskadeligt for menneskekroppen og velegnet til langtidsbrug.<\/p>\n\n\n\n<h3 class=\"wp-block-heading\">Tannfluortandpasta anvendelige scenarier<\/h3>\n\n\n\n<p>Tannfluortandpasta er velegnet til en r\u00e6kke forskellige scenarier, is\u00e6r til f\u00f8lgende lejligheder: <\/p>\n\n\n\n<p>1. efter m\u00e5ltider, effektiv reng\u00f8ring af madrester og beskyttelse af t\u00e6nder; <\/p>\n\n\n\n<p>2. efter at have v\u00e6ret oppe hele natten og ryge, for at lindre den d\u00e5rlige smag af munden og passe p\u00e5 t\u00e6ndernes sundhed; <\/p>\n\n\n\n<p>3. s\u00e6rlige lejligheder, s\u00e5som bryllupper, interviews osv., for at holde vejret frisk; <\/p>\n\n\n\n<p>4. efter behandling af mundsygdomme, for at hj\u00e6lpe med at rense mundhulen.<\/p>\n\n\n\n<h3 class=\"wp-block-heading\">Hvem er Stannous fluor tandpasta velegnet til<\/h3>\n\n\n\n<p>Tannfluortandpasta er velegnet til en bred vifte af mennesker, is\u00e6r anbefalet til f\u00f8lgende forbrugere:<\/p>\n\n\n\n<p>1. b\u00f8rn, unge og voksne for at forebygge huller og opretholde mundsundheden; <\/p>\n\n\n\n<p>2. mennesker med f\u00f8lsomme t\u00e6nder, som har brug for at forbedre h\u00e5rdheden af emalje; <\/p>\n\n\n\n<p>3. Diabetespatienter skal p\u00e5 grund af den h\u00f8je risiko for paradentose v\u00e6re s\u00e6rlig opm\u00e6rksomme p\u00e5 mundpleje; <\/p>\n\n\n\n<p>4. forbrugere, der kan lide at pr\u00f8ve nye mundplejeprodukter, nyder tinfluortandpasta og nyder den gode smag af tinfluortandpasta. Forbrugere, der kan lide at pr\u00f8ve nye mundplejeprodukter og nyde den mundhygiejne, som Stannous Fluoride Tandpasta bringer.<\/p>\n\n\n\n<h3 class=\"wp-block-heading\">Stannofluorid-tandpastaproduktionsproces<\/h3>\n\n\n\n<p>Som en professionel stannofluorid-tandpastaproducent anvender vi f\u00f8lgende specielle produktionsproces: <\/p>\n\n\n\n<p>1) Streng screening af r\u00e5materialerne af tinfluorid for at sikre dets renhed og kvalitet; <\/p>\n\n\n\n<p>2) Pr\u00e6cis kontrol af m\u00e6ngden af tilsat tinfluorid for at sikre produktets sikkerhed og effektivitet; <\/p>\n\n\n\n<p>3) Vedtagelse af lavtemperaturformalingsteknologi for at frigive aktiviteten af tinfluorid i det fulde omfang; <\/p>\n\n\n\n<p>4) Aseptisk p\u00e5fyldning for at sikre produktets sikkerhed og hygiejne; <\/p>\n\n\n\n<p>5) Fuld kvalitetskontrol for at sikre produktets sikkerhed og hygiejne. Som en stor stannous fluor tandpasta producent, hele processen med kvalitetskontrol for at sikre, at hver Stannous fluor tandpasta opfylder den nationale standard. Gennem ovenst\u00e5ende proces giver vi dig et p\u00e5lideligt mundplejeprodukt af h\u00f8j kvalitet.<\/p>","protected":false},"excerpt":{"rendered":"Stannous fluoride toothpaste manufacturing common formulas Stannous Fluoride Toothpaste&#8217;s core ingredient, Stannous Fluoride, is a fluoride widely used in oral care products, which can effectively enhance the enamel&#8217;s ability to resist acidity and reduce the incidence of tooth decay. Stannous fluoride also promotes remineralization of teeth and restoration of early cavities. In addition, stannous fluoride [&hellip;]","protected":false},"featured_media":657,"menu_order":0,"template":"","meta":[],"product-tag":[],"products":[71],"class_list":["post-652","product","type-product","status-publish","has-post-thumbnail","hentry","products-toothpaste"],"acf":[],"_links":{"self":[{"href":"https:\/\/www.ruiqigo.com\/da\/wp-json\/wp\/v2\/product\/652","targetHints":{"allow":["GET"]}}],"collection":[{"href":"https:\/\/www.ruiqigo.com\/da\/wp-json\/wp\/v2\/product"}],"about":[{"href":"https:\/\/www.ruiqigo.com\/da\/wp-json\/wp\/v2\/types\/product"}],"version-history":[{"count":0,"href":"https:\/\/www.ruiqigo.com\/da\/wp-json\/wp\/v2\/product\/652\/revisions"}],"wp:featuredmedia":[{"embeddable":true,"href":"https:\/\/www.ruiqigo.com\/da\/wp-json\/wp\/v2\/media\/657"}],"wp:attachment":[{"href":"https:\/\/www.ruiqigo.com\/da\/wp-json\/wp\/v2\/media?parent=652"}],"wp:term":[{"taxonomy":"product-tag","embeddable":true,"href":"https:\/\/www.ruiqigo.com\/da\/wp-json\/wp\/v2\/product-tag?post=652"},{"taxonomy":"products","embeddable":true,"href":"https:\/\/www.ruiqigo.com\/da\/wp-json\/wp\/v2\/products?post=652"}],"curies":[{"name":"wp","href":"https:\/\/api.w.org\/{rel}","templated":true}]}}