{"id":661,"date":"2024-07-25T15:18:07","date_gmt":"2024-07-25T07:18:07","guid":{"rendered":"https:\/\/ruiqigo.com\/?post_type=product&#038;p=661"},"modified":"2024-11-01T10:32:29","modified_gmt":"2024-11-01T02:32:29","slug":"berryoxide-toothpaste","status":"publish","type":"product","link":"https:\/\/www.ruiqigo.com\/da\/product\/berryoxide-toothpaste","title":{"rendered":"Berryoxid tandpasta"},"content":{"rendered":"<h2 class=\"wp-block-heading\">Berryoxide tandpasta fremstiller almindelige formler<\/h2>\n\n\n\n<p>Kerneingrediensen i Berryoxide Tandpasta, peroxid, har en st\u00e6rk oxiderende effekt, som effektivt kan dr\u00e6be bakterier i munden og forebygge orale sygdomme. Peroxid kan ogs\u00e5 hj\u00e6lpe med at neutralisere orale syrer og forbedre det orale milj\u00f8, hvilket hj\u00e6lper med at forhindre huller i t\u00e6nderne og paradentose. Derudover er peroxid uskadeligt for menneskekroppen og egnet til langvarig brug.<\/p>\n\n\n\n<h2 class=\"wp-block-heading\">Berryoxid tandpasta anvendelige scenarier<\/h2>\n\n\n\n<p>Berryoxide Tandpasta er velegnet til en r\u00e6kke forskellige scenarier, is\u00e6r til f\u00f8lgende lejligheder: 1. efter m\u00e5ltider, for effektivt at rense madrester og holde frisk \u00e5nde; 2. efter at have v\u00e6ret oppe hele natten og ryge, for at reducere den d\u00e5rlige smag af munden og tage sig af t\u00e6ndernes sundhed; 3. ved s\u00e6rlige lejligheder, s\u00e5som bryllupper, interviews osv., for at holde pusten frisk; 4. efter behandling af mundsygdomme, for at hj\u00e6lpe med at rense mundhulen.<\/p>\n\n\n\n<h2 class=\"wp-block-heading\">Hvem er Berryoxide tandpasta egnet til<\/h2>\n\n\n\n<p>Berryoxide Tandpasta er velegnet til en bred vifte af mennesker, is\u00e6r anbefalet til f\u00f8lgende forbrugere:<\/p>\n\n\n\n<p> 1. mennesker, der er plaget af oral lugt, s\u00e5som rygere, bliver ofte oppe til sent publikum; <\/p>\n\n\n\n<p>2. mennesker med f\u00f8lsomme t\u00e6nder, skal forsigtigt rense m\u00e6ngden; <\/p>\n\n\n\n<p>3. Diabetespatienter skal p\u00e5 grund af den h\u00f8je risiko for paradentose v\u00e6re s\u00e6rlig opm\u00e6rksomme p\u00e5 mundpleje; <\/p>\n\n\n\n<p>4. kan lide at pr\u00f8ve en ny type mundplejeprodukter, som forbrugerne kan nyde. Berryoxide Tandpasta bringer oral sundhed.<\/p>\n\n\n\n<h2 class=\"wp-block-heading\">Berryoxid-tandpastaproduktionsproces<\/h2>\n\n\n\n<p>Som en professionel Berryoxide-tandpastaproducent anvender vi f\u00f8lgende specielle produktionsproces:<\/p>\n\n\n\n<p> 1. Streng screening af peroxidr\u00e5materialer for at sikre dets renhed og kvalitet; <\/p>\n\n\n\n<p>2. Pr\u00e6cis kontrol af m\u00e6ngden af tilsat peroxid for at sikre produktets sikkerhed og effektivitet; <\/p>\n\n\n\n<p>3. Vedtagelse af lavtemperaturblandingsteknologi for fuldt ud at frigive aktiviteten af peroxider; <\/p>\n\n\n\n<p>4. Aseptisk p\u00e5fyldning for at sikre, at produktet er sikkert og hygiejnisk; <\/p>\n\n\n\n<p>5. Fuldt udvalg af kvalitetskontrol for at sikre, at hver Berryoxide tandpasta er sikker og hygiejnisk. Som en f\u00f8rende Berryoxide-tandpasta-producent, kvalitetskontrol for at sikre, at hver Berryoxide-tandpasta opfylder den nationale standard. Gennem ovenst\u00e5ende proces giver vi dig et p\u00e5lideligt mundplejeprodukt af h\u00f8j kvalitet.<\/p>","protected":false},"excerpt":{"rendered":"Berryoxide toothpaste manufacturing common formulas The core ingredient of Berryoxide Toothpaste, peroxide, has a strong oxidizing effect, which can effectively kill bacteria in the mouth and prevent oral diseases. Peroxide can also help neutralize oral acids and improve the oral environment, which helps prevent tooth decay and periodontal disease. In addition, peroxide is harmless to [&hellip;]","protected":false},"featured_media":662,"menu_order":0,"template":"","meta":[],"product-tag":[],"products":[71],"class_list":["post-661","product","type-product","status-publish","has-post-thumbnail","hentry","products-toothpaste"],"acf":[],"_links":{"self":[{"href":"https:\/\/www.ruiqigo.com\/da\/wp-json\/wp\/v2\/product\/661","targetHints":{"allow":["GET"]}}],"collection":[{"href":"https:\/\/www.ruiqigo.com\/da\/wp-json\/wp\/v2\/product"}],"about":[{"href":"https:\/\/www.ruiqigo.com\/da\/wp-json\/wp\/v2\/types\/product"}],"version-history":[{"count":0,"href":"https:\/\/www.ruiqigo.com\/da\/wp-json\/wp\/v2\/product\/661\/revisions"}],"wp:featuredmedia":[{"embeddable":true,"href":"https:\/\/www.ruiqigo.com\/da\/wp-json\/wp\/v2\/media\/662"}],"wp:attachment":[{"href":"https:\/\/www.ruiqigo.com\/da\/wp-json\/wp\/v2\/media?parent=661"}],"wp:term":[{"taxonomy":"product-tag","embeddable":true,"href":"https:\/\/www.ruiqigo.com\/da\/wp-json\/wp\/v2\/product-tag?post=661"},{"taxonomy":"products","embeddable":true,"href":"https:\/\/www.ruiqigo.com\/da\/wp-json\/wp\/v2\/products?post=661"}],"curies":[{"name":"wp","href":"https:\/\/api.w.org\/{rel}","templated":true}]}}