{"id":666,"date":"2024-07-25T15:56:03","date_gmt":"2024-07-25T07:56:03","guid":{"rendered":"https:\/\/ruiqigo.com\/?post_type=product&#038;p=666"},"modified":"2025-09-03T15:22:37","modified_gmt":"2025-09-03T07:22:37","slug":"chlorhexidine-gluconate-mouthwash","status":"publish","type":"product","link":"https:\/\/www.ruiqigo.com\/da\/product\/chlorhexidine-gluconate-mouthwash","title":{"rendered":"Klorhexidin gluconat mundskyl"},"content":{"rendered":"<h2 class=\"wp-block-heading\">F\u00e6lles formler<\/h2>\n\n\n\n<p>Chlorhexidin Gluconate Mundskyls kerneingrediens, <strong>Klorhexidin gluconat<\/strong>, er et bredspektret antimikrobielt middel, der effektivt kan h\u00e6mme v\u00e6ksten af bakterier i munden og forebygge orale sygdomme. Chlorhexidin Gluconate er harml\u00f8s og velegnet til langtidsbrug. Derudover har klorhexidingluconat en mild desinficerende effekt, som effektivt kan fjerne oral lugt og forbedre det orale milj\u00f8.<\/p>\n\n\n\n<h2 class=\"wp-block-heading\">G\u00e6ldende scenarier<\/h2>\n\n\n\n<p>Chlorhexidin Gluconate Mundskyl er velegnet til en r\u00e6kke forskellige scenarier, is\u00e6r til f\u00f8lgende lejligheder: <\/p>\n\n\n\n<p>1. Brug efter m\u00e5ltider til effektivt at rense madrester og holde \u00e5ndedr\u00e6ttet frisk; <\/p>\n\n\n\n<p>2. Efter at have v\u00e6ret oppe sent og ryge, for at reducere oral lugt og tage sig af t\u00e6ndernes sundhed; <\/p>\n\n\n\n<p>3. Ved s\u00e6rlige lejligheder, s\u00e5som bryllupper, interviews osv., for at holde vejret frisk; <\/p>\n\n\n\n<p>4. Efter behandling af orale sygdomme, for at hj\u00e6lpe med at rense munden. Rens mundhulen.<\/p>\n\n\n\n<h2 class=\"wp-block-heading\">Hvem er klorhexidin gluconat mundskyl til<\/h2>\n\n\n\n<p>Chlorhexidin Gluconate Mundskyl er velegnet til en bred vifte af mennesker, is\u00e6r anbefalet til f\u00f8lgende forbrugere: <\/p>\n\n\n\n<p>1. mennesker, der er generet af oral lugt, s\u00e5som rygere, folk, der ofte bliver sent oppe; <\/p>\n\n\n\n<p>2. personer med f\u00f8lsomme t\u00e6nder, som har brug for sk\u00e5nsom reng\u00f8ring; <\/p>\n\n\n\n<p>3. Diabetespatienter, som har h\u00f8j risiko for paradentose, skal v\u00e6re s\u00e6rlig opm\u00e6rksomme p\u00e5 mundpleje;<\/p>\n\n\n\n<p> 4. forbrugere, der kan lide at pr\u00f8ve nye mundplejeprodukter, nyder Chlorhexidin Gluconate Mundskyl; <\/p>\n\n\n\n<p>5. forbrugere, der kan lide at pr\u00f8ve nye mundplejeprodukter. Forbrugere, der kan lide at pr\u00f8ve nye mundplejeprodukter og nyde den mundhygiejne, som Chlorhexidin Gluconate Mundskyllev\u00e6sker giver.<\/p>\n\n\n\n<h2 class=\"wp-block-heading\">Produktionsproces<\/h2>\n\n\n\n<p>For at sikre kvaliteten af Chlorhexidin Gluconate Mundskyl, anvender vi f\u00f8lgende specielle produktionsproces: <\/p>\n\n\n\n<p>1. Streng screening af r\u00e5materialer af Chlorhexidin Gluconate for at sikre dets renhed og kvalitet; <\/p>\n\n\n\n<p>2. Pr\u00e6cis kontrol af m\u00e6ngden af tilsat klorhexidingluconat for at sikre produktets sikkerhed og effektivitet; <\/p>\n\n\n\n<p>3. Vedtagelse af lavtemperaturblandingsteknologi for at frigive aktiviteten af klorhexidingluconat i fuldt omfang; <\/p>\n\n\n\n<p>4. Aseptisk p\u00e5fyldning for at sikre produktsikkerhed og hygiejne; <\/p>\n\n\n\n<p>5. Fuld kvalitetskontrol for at sikre, at hver flaske Chlorhexidin Gluconate Mundskyl opfylder den nationale standard. <\/p>\n\n\n\n<p>Gennem ovenst\u00e5ende proces bringer vi dig et h\u00f8jkvalitets og sikkert mundplejeprodukt.<\/p>","protected":false},"excerpt":{"rendered":"Common Formulas Chlorhexidine Gluconate Mouthwash&#8217;s core ingredient, Chlorhexidine Gluconate, is a broad-spectrum antimicrobial agent that can effectively inhibit the growth of bacteria in the mouth and prevent oral diseases. Chlorhexidine Gluconate is harmless and suitable for long-term use. In addition, chlorhexidine gluconate has a mild disinfecting effect, which can effectively remove oral odor and improve [&hellip;]","protected":false},"featured_media":673,"menu_order":0,"template":"","meta":[],"product-tag":[201,206,208,209,212,213,215],"products":[72],"class_list":["post-666","product","type-product","status-publish","has-post-thumbnail","hentry","product-tag-mouthwash-manufacturer","product-tag-mouthwash-companies","product-tag-mouthwash-suppliers","product-tag-chlorhexidine-gluconate-mouthwash-manufacturer","product-tag-mouthwash-contract-manufacturer","product-tag-antiseptic-mouthwashes-manufacturer","product-tag-chlorhexidine-mouthwash-manufacturer","products-mouthwash"],"acf":[],"_links":{"self":[{"href":"https:\/\/www.ruiqigo.com\/da\/wp-json\/wp\/v2\/product\/666","targetHints":{"allow":["GET"]}}],"collection":[{"href":"https:\/\/www.ruiqigo.com\/da\/wp-json\/wp\/v2\/product"}],"about":[{"href":"https:\/\/www.ruiqigo.com\/da\/wp-json\/wp\/v2\/types\/product"}],"version-history":[{"count":0,"href":"https:\/\/www.ruiqigo.com\/da\/wp-json\/wp\/v2\/product\/666\/revisions"}],"wp:featuredmedia":[{"embeddable":true,"href":"https:\/\/www.ruiqigo.com\/da\/wp-json\/wp\/v2\/media\/673"}],"wp:attachment":[{"href":"https:\/\/www.ruiqigo.com\/da\/wp-json\/wp\/v2\/media?parent=666"}],"wp:term":[{"taxonomy":"product-tag","embeddable":true,"href":"https:\/\/www.ruiqigo.com\/da\/wp-json\/wp\/v2\/product-tag?post=666"},{"taxonomy":"products","embeddable":true,"href":"https:\/\/www.ruiqigo.com\/da\/wp-json\/wp\/v2\/products?post=666"}],"curies":[{"name":"wp","href":"https:\/\/api.w.org\/{rel}","templated":true}]}}