{"id":677,"date":"2024-07-25T16:01:02","date_gmt":"2024-07-25T08:01:02","guid":{"rendered":"https:\/\/ruiqigo.com\/?post_type=product&#038;p=677"},"modified":"2025-09-03T15:22:29","modified_gmt":"2025-09-03T07:22:29","slug":"xylitol-mouthwash","status":"publish","type":"product","link":"https:\/\/www.ruiqigo.com\/da\/product\/xylitol-mouthwash","title":{"rendered":"Xylitol mundskyl"},"content":{"rendered":"<h2 class=\"wp-block-heading\">F\u00e6lles formler<\/h2>\n\n\n\n<p>Xylitol mundskyllevandets kerneingrediens,<strong> Xylitol<\/strong>, er et naturligt s\u00f8demiddel med anti-kariesegenskaber. Xylitol h\u00e6mmer v\u00e6ksten af kariesfremkaldende bakterier i munden og reducerer dannelsen af plak, hvilket reducerer forekomsten af huller i t\u00e6nderne. Derudover kan xylitol give en frisk smag, forbedre mundmilj\u00f8et og tage vare p\u00e5 tandsundheden.<\/p>\n\n\n\n<h2 class=\"wp-block-heading\">G\u00e6ldende scenarier<\/h2>\n\n\n\n<p>Xylitol mundskyl er velegnet til en r\u00e6kke forskellige situationer, is\u00e6r til f\u00f8lgende lejligheder: <\/p>\n\n\n\n<p>1. efter m\u00e5ltider, effektiv reng\u00f8ring af madrester, beskyttelse af t\u00e6nder; <\/p>\n\n\n\n<p>2. efter at have v\u00e6ret oppe hele natten og ryget for at mindske den d\u00e5rlige smag i munden og passe p\u00e5 tandhygienen; <\/p>\n\n\n\n<p>3. ved s\u00e6rlige lejligheder, s\u00e5som bryllupper, jobsamtaler osv., for at holde \u00e5ndedr\u00e6ttet friskt; <\/p>\n\n\n\n<p>4. efter behandling af mundsygdomme, for at hj\u00e6lpe med at rense mundhulen.<\/p>\n\n\n\n<h2 class=\"wp-block-heading\">Hvem er Xylitol mundskyl til<\/h2>\n\n\n\n<p>Xylitol mundskyl er velegnet til en bred vifte af mennesker, is\u00e6r anbefalet til f\u00f8lgende forbrugere: <\/p>\n\n\n\n<p>1. b\u00f8rn, unge og voksne, for at forhindre huller i t\u00e6nderne og opretholde oral sundhed; <\/p>\n\n\n\n<p>2. personer med f\u00f8lsomme t\u00e6nder, der har brug for sk\u00e5nsom reng\u00f8ring; <\/p>\n\n\n\n<p>3. Diabetespatienter skal p\u00e5 grund af den h\u00f8je risiko for paradentose v\u00e6re s\u00e6rlig opm\u00e6rksomme p\u00e5 oral sundhedspleje; <\/p>\n\n\n\n<p>4. Forbrugere, der gerne vil pr\u00f8ve nye mundhygiejneprodukter, skal have det sjovt! Xylitol mundskyl giver mundhygiejne.<\/p>\n\n\n\n<h2 class=\"wp-block-heading\">Produktionsproces<\/h2>\n\n\n\n<p>For at sikre kvaliteten af Xylitol Mundskyl anvender vi f\u00f8lgende s\u00e6rlige produktionsproces: <\/p>\n\n\n\n<p>1. streng screening af xylitolr\u00e5materialer for at sikre dets renhed og kvalitet; <\/p>\n\n\n\n<p>2. pr\u00e6cis kontrol af m\u00e6ngden af tilsat xylitol for at sikre, at produktet er sikkert og effektivt; <\/p>\n\n\n\n<p>3. brugen af lavtemperaturblandingsteknologi, fuld frigivelse af xylitols aktivitet; <\/p>\n\n\n\n<p>4. aseptisk p\u00e5fyldning for at sikre produktets sikkerhed og hygiejniske egenskaber; <\/p>\n\n\n\n<p>5. hele kvalitetskontrolprocessen for at sikre, at hver flaske Xylitol Mundskyl er sikker og hygiejnisk. Hver flaske Xylitol Mundskyl opfylder de nationale standarder. <\/p>\n\n\n\n<p>Gennem ovenst\u00e5ende proces tilbyder vi dig et mundplejeprodukt af h\u00f8j kvalitet og p\u00e5lidelighed.<\/p>","protected":false},"excerpt":{"rendered":"Common Formulas Xylitol Mouthwash&#8217;s core ingredient, Xylitol, is a natural sweetener with anti-cavity properties. Xylitol inhibits the growth of caries-causing bacteria in the mouth and reduces the formation of plaque, thus reducing the incidence of tooth decay. In addition, xylitol can provide a fresh taste, improve the oral environment and take care of dental health. [&hellip;]","protected":false},"featured_media":678,"menu_order":0,"template":"","meta":[],"product-tag":[201,206,207,208,212,213,216],"products":[72],"class_list":["post-677","product","type-product","status-publish","has-post-thumbnail","hentry","product-tag-mouthwash-manufacturer","product-tag-mouthwash-companies","product-tag-mouthwash-factory","product-tag-mouthwash-suppliers","product-tag-mouthwash-contract-manufacturer","product-tag-antiseptic-mouthwashes-manufacturer","product-tag-private-label-mouthwash-manufacturers","products-mouthwash"],"acf":[],"_links":{"self":[{"href":"https:\/\/www.ruiqigo.com\/da\/wp-json\/wp\/v2\/product\/677","targetHints":{"allow":["GET"]}}],"collection":[{"href":"https:\/\/www.ruiqigo.com\/da\/wp-json\/wp\/v2\/product"}],"about":[{"href":"https:\/\/www.ruiqigo.com\/da\/wp-json\/wp\/v2\/types\/product"}],"version-history":[{"count":0,"href":"https:\/\/www.ruiqigo.com\/da\/wp-json\/wp\/v2\/product\/677\/revisions"}],"wp:featuredmedia":[{"embeddable":true,"href":"https:\/\/www.ruiqigo.com\/da\/wp-json\/wp\/v2\/media\/678"}],"wp:attachment":[{"href":"https:\/\/www.ruiqigo.com\/da\/wp-json\/wp\/v2\/media?parent=677"}],"wp:term":[{"taxonomy":"product-tag","embeddable":true,"href":"https:\/\/www.ruiqigo.com\/da\/wp-json\/wp\/v2\/product-tag?post=677"},{"taxonomy":"products","embeddable":true,"href":"https:\/\/www.ruiqigo.com\/da\/wp-json\/wp\/v2\/products?post=677"}],"curies":[{"name":"wp","href":"https:\/\/api.w.org\/{rel}","templated":true}]}}