{"id":683,"date":"2024-07-25T16:08:00","date_gmt":"2024-07-25T08:08:00","guid":{"rendered":"https:\/\/ruiqigo.com\/?post_type=product&#038;p=683"},"modified":"2025-09-03T15:22:21","modified_gmt":"2025-09-03T07:22:21","slug":"antibiotic-mouthwash","status":"publish","type":"product","link":"https:\/\/www.ruiqigo.com\/da\/product\/antibiotic-mouthwash","title":{"rendered":"Antibiotisk mundskyl"},"content":{"rendered":"<h2 class=\"wp-block-heading\">F\u00e6lles formler<\/h2>\n\n\n\n<p>Kerneingredienserne i Antibiotisk Mundskyl, <strong>PEG-40 hydrogeneret ricinusolie<\/strong>, <strong>Pebermynteolie<\/strong> og <strong>Didecyldimethylammoniumchlorid<\/strong>, er bredspektrede antimikrobielle midler, der effektivt kan h\u00e6mme v\u00e6ksten af bakterier i mundhulen og forebygge mundsygdomme. PEG-40 hydrogeneret ricinusolie og pebermynteolie har en mild desinficerende effekt, som effektivt kan fjerne d\u00e5rlig lugt og forbedre milj\u00f8et i mundhulen. Didecyldimethylammoniumchlorid er uskadeligt for menneskekroppen og velegnet til langtidsbrug.<\/p>\n\n\n\n<h2 class=\"wp-block-heading\">G\u00e6ldende scenarier<\/h2>\n\n\n\n<p>Antibiotisk mundskyl er velegnet til en r\u00e6kke forskellige scenarier, is\u00e6r til f\u00f8lgende lejligheder: <\/p>\n\n\n\n<p>1. Brug efter m\u00e5ltider til effektivt at rense madrester og holde frisk \u00e5nde; <\/p>\n\n\n\n<p>2. efter at have v\u00e6ret oppe hele natten og ryge, for at reducere den d\u00e5rlige smag af munden og tage sig af t\u00e6ndernes sundhed; <\/p>\n\n\n\n<p>3. ved s\u00e6rlige lejligheder, s\u00e5som bryllupper, interviews osv., for at holde frisk \u00e5nde; <\/p>\n\n\n\n<p>4. efter behandling af mundsygdomme, for at hj\u00e6lpe med at rense mundhulen.<\/p>\n\n\n\n<h2 class=\"wp-block-heading\">Hvem er Antibiotisk mundskyl til<\/h2>\n\n\n\n<p>Antibiotisk mundskyl er velegnet til en bred vifte af mennesker, is\u00e6r anbefalet til f\u00f8lgende forbrugere: <\/p>\n\n\n\n<p>1. mennesker, der er plaget af oral lugt, s\u00e5som rygere, bliver ofte oppe til sent publikum; <\/p>\n\n\n\n<p>2. mennesker med f\u00f8lsomme t\u00e6nder, behovet for en sk\u00e5nsom reng\u00f8ring af m\u00e6ngden; <\/p>\n\n\n\n<p>3. Diabetespatienter skal p\u00e5 grund af den h\u00f8je risiko for paradentose v\u00e6re s\u00e6rlig opm\u00e6rksomme p\u00e5 oral sundhedspleje; <\/p>\n\n\n\n<p>4. kan lide at pr\u00f8ve en ny type mundsundhedsprodukter, som forbrugerne kan nyde! Antibiotisk mundskyl giver mundsundhed.<\/p>\n\n\n\n<h2 class=\"wp-block-heading\">Produktionsproces<\/h2>\n\n\n\n<p>For at sikre kvaliteten af Antibiotisk Mundskyl anvender vi f\u00f8lgende specielle produktionsproces: <\/p>\n\n\n\n<p>1. Sk\u00e6r strengt r\u00e5materialerne af PEG-40 hydrogeneret ricinusolie, pebermynteolie og Didecyldimethylammoniumchlorid for at sikre dets renhed og kvalitet; <\/p>\n\n\n\n<p>2. Pr\u00e6cis kontrol af m\u00e6ngden af tilf\u00f8rte r\u00e5varer for at sikre, at produktet er sikkert og effektivt; <\/p>\n\n\n\n<p>3. Vedtagelse af lavtemperaturblandingsteknologi for at frigive r\u00e5materialernes aktivitet fuldt ud; <\/p>\n\n\n\n<p>4. Aseptisk p\u00e5fyldning, for at sikre, at produktet er sikkert og hygiejnisk;<\/p>\n\n\n\n<p>5. Fuld kvalitetskontrol for at sikre, at hver flaske Antibiotisk Mundskyl opfylder de nationale standarder. Gennem ovenst\u00e5ende proces giver vi dig et p\u00e5lideligt mundplejeprodukt af h\u00f8j kvalitet.<\/p>","protected":false},"excerpt":{"rendered":"Common Formulas The core ingredients of Antibiotic Mouthwash, PEG-40 Hydrogenated Castor Oil, Peppermint Oil and Didecyldimethylammonium Chloride, are broad-spectrum antimicrobial agents that can effectively inhibit the growth of bacteria in the oral cavity and prevent oral diseases. PEG-40 Hydrogenated Castor Oil and Peppermint Oil have a mild disinfectant effect, which can effectively remove bad odors [&hellip;]","protected":false},"featured_media":684,"menu_order":0,"template":"","meta":[],"product-tag":[201,206,207,208,212,213,214],"products":[72],"class_list":["post-683","product","type-product","status-publish","has-post-thumbnail","hentry","product-tag-mouthwash-manufacturer","product-tag-mouthwash-companies","product-tag-mouthwash-factory","product-tag-mouthwash-suppliers","product-tag-mouthwash-contract-manufacturer","product-tag-antiseptic-mouthwashes-manufacturer","product-tag-mouthwash-manufacturers-usa","products-mouthwash"],"acf":[],"_links":{"self":[{"href":"https:\/\/www.ruiqigo.com\/da\/wp-json\/wp\/v2\/product\/683","targetHints":{"allow":["GET"]}}],"collection":[{"href":"https:\/\/www.ruiqigo.com\/da\/wp-json\/wp\/v2\/product"}],"about":[{"href":"https:\/\/www.ruiqigo.com\/da\/wp-json\/wp\/v2\/types\/product"}],"version-history":[{"count":0,"href":"https:\/\/www.ruiqigo.com\/da\/wp-json\/wp\/v2\/product\/683\/revisions"}],"wp:featuredmedia":[{"embeddable":true,"href":"https:\/\/www.ruiqigo.com\/da\/wp-json\/wp\/v2\/media\/684"}],"wp:attachment":[{"href":"https:\/\/www.ruiqigo.com\/da\/wp-json\/wp\/v2\/media?parent=683"}],"wp:term":[{"taxonomy":"product-tag","embeddable":true,"href":"https:\/\/www.ruiqigo.com\/da\/wp-json\/wp\/v2\/product-tag?post=683"},{"taxonomy":"products","embeddable":true,"href":"https:\/\/www.ruiqigo.com\/da\/wp-json\/wp\/v2\/products?post=683"}],"curies":[{"name":"wp","href":"https:\/\/api.w.org\/{rel}","templated":true}]}}