{"id":692,"date":"2024-07-25T20:26:42","date_gmt":"2024-07-25T12:26:42","guid":{"rendered":"https:\/\/ruiqigo.com\/?post_type=product&#038;p=692"},"modified":"2025-09-03T15:22:06","modified_gmt":"2025-09-03T07:22:06","slug":"nystatin-mouthwash","status":"publish","type":"product","link":"https:\/\/www.ruiqigo.com\/da\/product\/nystatin-mouthwash","title":{"rendered":"Nystatin mundskyl"},"content":{"rendered":"<h2 class=\"wp-block-heading\">F\u00e6lles formler<\/h2>\n\n\n\n<p>Kerneingrediensen i Nystatin Mundskyl, <strong>mykotoksin<\/strong>, er et bredspektret antimikrobielt middel, der effektivt kan h\u00e6mme v\u00e6ksten af bakterier i munden og forebygge mundsygdomme. Det er harml\u00f8st for menneskekroppen og egnet til langvarig brug. <\/p>\n\n\n\n<p><strong>PEG-40 hydrogeneret ricinusolie<\/strong> har en mild desinficerende effekt, som effektivt kan fjerne mundlugt og forbedre mundmilj\u00f8et. <\/p>\n\n\n\n<p>Derudover, <strong>jordb\u00e6r, appelsin, kanel, gr\u00f8n te, mynte og andre smagsvarianter<\/strong> kan give en frisk smag og hj\u00e6lpe med at lindre ubehag i munden.<\/p>\n\n\n\n<h2 class=\"wp-block-heading\">G\u00e6ldende scenarier<\/h2>\n\n\n\n<p>Nystatin mundskyl kan bruges i en r\u00e6kke forskellige situationer, is\u00e6r i f\u00f8lgende tilf\u00e6lde: <\/p>\n\n\n\n<p>1. efter m\u00e5ltider, for effektivt at rense madrester og holde \u00e5ndedr\u00e6ttet frisk; <\/p>\n\n\n\n<p>2. efter at have v\u00e6ret oppe hele natten og ryget, for at reducere d\u00e5rlig \u00e5nde og passe p\u00e5 t\u00e6ndernes sundhed; <\/p>\n\n\n\n<p>3. ved s\u00e6rlige lejligheder s\u00e5som bryllupper, interviews osv. for at holde vejret frisk; <\/p>\n\n\n\n<p>4. efter behandling af mundsygdomme, for at hj\u00e6lpe med at rense mundhulen.<\/p>\n\n\n\n<h2 class=\"wp-block-heading\">Hvem er Nystatin Mundskyl til?<\/h2>\n\n\n\n<p>Nystatin mundskyl er velegnet til en bred vifte af mennesker, is\u00e6r anbefalet til f\u00f8lgende forbrugere: <\/p>\n\n\n\n<p>1. mennesker, der er plaget af oral lugt, s\u00e5som rygere, bliver ofte oppe til sent publikum; <\/p>\n\n\n\n<p>2. mennesker med f\u00f8lsomme t\u00e6nder, skal forsigtigt rense m\u00e6ngden; <\/p>\n\n\n\n<p>3. Diabetespatienter skal p\u00e5 grund af den h\u00f8je risiko for paradentose v\u00e6re s\u00e6rlig opm\u00e6rksomme p\u00e5 mundpleje; <\/p>\n\n\n\n<p>4. Vil gerne pr\u00f8ve en ny type mundplejeprodukter, som forbrugerne kan nyde! Nystatin mundskyl bringer mundhygiejne.<\/p>\n\n\n\n<h2 class=\"wp-block-heading\">Produktionsproces<\/h2>\n\n\n\n<p>For at sikre kvaliteten af nystatin mundskyl, anvender vi f\u00f8lgende s\u00e6rlige produktionsproces: <\/p>\n\n\n\n<p>1. Streng screening af r\u00e5materialer til mycophenolsyre og PEG-40 hydrogeneret ricinusolie for at sikre deres renhed og kvalitet; <\/p>\n\n\n\n<p>2. Pr\u00e6cis kontrol af m\u00e6ngden af tilsatte r\u00e5varer for at sikre, at produktet er sikkert og effektivt; <\/p>\n\n\n\n<p>3. Brugen af lavtemperatur-blandingsteknologi, hvor r\u00e5materialerne fuldt ud frigiver den aseptiske fyldnings aktivitet for at sikre, at produktet er sikkert og hygiejnisk. <\/p>\n\n\n\n<p>4. Fuld kvalitetskontrol for at sikre, at produktet er sikkert og hygiejnisk; <\/p>\n\n\n\n<p>5. Hele kvalitetskontrolprocessen for at sikre, at hver flaske Nystatin mundskyl opfylder de nationale standarder. <\/p>\n\n\n\n<p>Gennem ovenst\u00e5ende proces tilbyder vi dig et mundplejeprodukt af h\u00f8j kvalitet og p\u00e5lidelighed.<\/p>","protected":false},"excerpt":{"rendered":"Common Formulas The core ingredient of Nystatin Mouthwash, mycotoxin, is a broad-spectrum antimicrobial agent that can effectively inhibit the growth of bacteria in the mouth and prevent oral diseases. It is harmless to human body and suitable for long-term use. PEG-40 hydrogenated castor oil has a mild disinfectant effect, which can effectively remove oral odor [&hellip;]","protected":false},"featured_media":698,"menu_order":0,"template":"","meta":[],"product-tag":[201,206,207,208,212,213,216],"products":[72],"class_list":["post-692","product","type-product","status-publish","has-post-thumbnail","hentry","product-tag-mouthwash-manufacturer","product-tag-mouthwash-companies","product-tag-mouthwash-factory","product-tag-mouthwash-suppliers","product-tag-mouthwash-contract-manufacturer","product-tag-antiseptic-mouthwashes-manufacturer","product-tag-private-label-mouthwash-manufacturers","products-mouthwash"],"acf":[],"_links":{"self":[{"href":"https:\/\/www.ruiqigo.com\/da\/wp-json\/wp\/v2\/product\/692","targetHints":{"allow":["GET"]}}],"collection":[{"href":"https:\/\/www.ruiqigo.com\/da\/wp-json\/wp\/v2\/product"}],"about":[{"href":"https:\/\/www.ruiqigo.com\/da\/wp-json\/wp\/v2\/types\/product"}],"version-history":[{"count":0,"href":"https:\/\/www.ruiqigo.com\/da\/wp-json\/wp\/v2\/product\/692\/revisions"}],"wp:featuredmedia":[{"embeddable":true,"href":"https:\/\/www.ruiqigo.com\/da\/wp-json\/wp\/v2\/media\/698"}],"wp:attachment":[{"href":"https:\/\/www.ruiqigo.com\/da\/wp-json\/wp\/v2\/media?parent=692"}],"wp:term":[{"taxonomy":"product-tag","embeddable":true,"href":"https:\/\/www.ruiqigo.com\/da\/wp-json\/wp\/v2\/product-tag?post=692"},{"taxonomy":"products","embeddable":true,"href":"https:\/\/www.ruiqigo.com\/da\/wp-json\/wp\/v2\/products?post=692"}],"curies":[{"name":"wp","href":"https:\/\/api.w.org\/{rel}","templated":true}]}}