{"id":693,"date":"2024-07-25T17:01:57","date_gmt":"2024-07-25T09:01:57","guid":{"rendered":"https:\/\/ruiqigo.com\/?post_type=product&#038;p=693"},"modified":"2024-11-01T14:20:14","modified_gmt":"2024-11-01T06:20:14","slug":"cinnamon-breath-spray","status":"publish","type":"product","link":"https:\/\/www.ruiqigo.com\/da\/product\/cinnamon-breath-spray","title":{"rendered":"Kanel \u00e5ndespray"},"content":{"rendered":"<h2 class=\"wp-block-heading\">Cinnamon Breath spray fremstiller almindelige formler<\/h2>\n\n\n\n<p>Kerneingredienserne i Cinnamon Breath Spray, herunder Melaleuca alternifolia bladolie, tebladekstrakt, myrraolie og kanelolie, har en unik og forfriskende aroma. Disse ingredienser kan effektivt h\u00e6mme v\u00e6ksten af bakterier i munden og forhindre orale sygdomme. Tebladekstrakt, som er rig p\u00e5 antioxidanter, kan effektivt fjerne orale lugte, mens myrraolie og kanelolie har st\u00e6rke antibakterielle virkninger, der hj\u00e6lper med at forbedre det orale milj\u00f8.<\/p>\n\n\n\n<h2 class=\"wp-block-heading\">Kanel Breath spray anvendelige scenarier<\/h2>\n\n\n\n<p>Cinnamon Breath Spray kan bruges i en r\u00e6kke forskellige scenarier, is\u00e6r ved f\u00f8lgende lejligheder: <\/p>\n\n\n\n<p>1. efter m\u00e5ltider, for effektivt at rense madrester og holde frisk \u00e5nde; <\/p>\n\n\n\n<p>2. efter at have v\u00e6ret oppe hele natten og ryge, for at reducere lugten af munden og tage sig af t\u00e6ndernes sundhed; <\/p>\n\n\n\n<p>3. ved s\u00e6rlige lejligheder s\u00e5som bryllupper, interviews osv. for at holde frisk \u00e5nde; <\/p>\n\n\n\n<p>4. efter behandling af mundsygdomme, for at hj\u00e6lpe med at rense mundhulen.<\/p>\n\n\n\n<h2 class=\"wp-block-heading\">Hvem er Cinnamon Breath spray egnet til<\/h2>\n\n\n\n<p>Cinnamon Breath Spray er velegnet til en bred vifte af mennesker, is\u00e6r anbefalet til f\u00f8lgende forbrugere: <\/p>\n\n\n\n<p>1. mennesker, der er generet af oral lugt, s\u00e5som rygere, folk, der ofte bliver oppe til sent om natten; <\/p>\n\n\n\n<p>2. mennesker, der har f\u00f8lsomme t\u00e6nder og har brug for en sk\u00e5nsom reng\u00f8ring; <\/p>\n\n\n\n<p>3. diabetespatienter, som har h\u00f8j risiko for paradentose og skal v\u00e6re s\u00e6rlig opm\u00e6rksom p\u00e5 mundpleje; <\/p>\n\n\n\n<p>4. forbrugere, der kan lide at pr\u00f8ve nye mundplejeprodukter og nyde fordelene ved Cinnamon Breath Spray. Cinnamon Breath Spray bringer oral sundhed.<\/p>\n\n\n\n<h2 class=\"wp-block-heading\">Produktionsproces for Cinnamon Breath spray<\/h2>\n\n\n\n<p>Som en professionel Cinnamon Breath spray producent anvender vi f\u00f8lgende specielle produktionsproces: <\/p>\n\n\n\n<p>1. Sk\u00e6r strengt r\u00e5materialerne af Melaleuca alternifolia bladolie, tebladekstrakt, myrraolie og kanelolie for at sikre deres renhed og kvalitet; <\/p>\n\n\n\n<p>2. Kontroller n\u00f8jagtigt m\u00e6ngden af tilf\u00f8rte r\u00e5varer for at sikre, at produktet er sikkert og effektivt; <\/p>\n\n\n\n<p>3. Vedtagelse af lavtemperaturblandingsteknologi for fuldt ud at frigive r\u00e5materialernes aktivitet; <\/p>\n\n\n\n<p>4. Aseptisk p\u00e5fyldning for at sikre, at produktet er sikkert og hygiejnisk;  <\/p>\n\n\n\n<p>5. Fuld kvalitetskontrol for at sikre, at hver flaske Cinnamon Breath Spray opfylder de nationale standarder. <\/p>\n\n\n\n<p>Gennem ovenst\u00e5ende proces, som en v\u00e6rdig Cinnamon Breath spray producent, giver vi dig et h\u00f8jkvalitets og p\u00e5lideligt mundplejeprodukt.<\/p>","protected":false},"excerpt":{"rendered":"Cinnamon Breath spray manufacturing common formulas The core ingredients of Cinnamon Breath Spray, including Melaleuca alternifolia leaf oil, tea leaf extract, myrrh oil and cinnamon oil, have a unique and refreshing aroma. These ingredients can effectively inhibit the growth of bacteria in the mouth and prevent oral diseases. Tea leaf extract, which is rich in [&hellip;]","protected":false},"featured_media":694,"menu_order":0,"template":"","meta":[],"product-tag":[],"products":[73],"class_list":["post-693","product","type-product","status-publish","has-post-thumbnail","hentry","products-breath-spray"],"acf":[],"_links":{"self":[{"href":"https:\/\/www.ruiqigo.com\/da\/wp-json\/wp\/v2\/product\/693","targetHints":{"allow":["GET"]}}],"collection":[{"href":"https:\/\/www.ruiqigo.com\/da\/wp-json\/wp\/v2\/product"}],"about":[{"href":"https:\/\/www.ruiqigo.com\/da\/wp-json\/wp\/v2\/types\/product"}],"version-history":[{"count":0,"href":"https:\/\/www.ruiqigo.com\/da\/wp-json\/wp\/v2\/product\/693\/revisions"}],"wp:featuredmedia":[{"embeddable":true,"href":"https:\/\/www.ruiqigo.com\/da\/wp-json\/wp\/v2\/media\/694"}],"wp:attachment":[{"href":"https:\/\/www.ruiqigo.com\/da\/wp-json\/wp\/v2\/media?parent=693"}],"wp:term":[{"taxonomy":"product-tag","embeddable":true,"href":"https:\/\/www.ruiqigo.com\/da\/wp-json\/wp\/v2\/product-tag?post=693"},{"taxonomy":"products","embeddable":true,"href":"https:\/\/www.ruiqigo.com\/da\/wp-json\/wp\/v2\/products?post=693"}],"curies":[{"name":"wp","href":"https:\/\/api.w.org\/{rel}","templated":true}]}}