{"id":702,"date":"2024-07-25T20:34:12","date_gmt":"2024-07-25T12:34:12","guid":{"rendered":"https:\/\/ruiqigo.com\/?post_type=product&#038;p=702"},"modified":"2025-09-03T15:21:59","modified_gmt":"2025-09-03T07:21:59","slug":"biotin-mouthwash","status":"publish","type":"product","link":"https:\/\/www.ruiqigo.com\/da\/product\/biotin-mouthwash","title":{"rendered":"Biotin mundskyl"},"content":{"rendered":"<h2 class=\"wp-block-heading\">F\u00e6lles formler<\/h2>\n\n\n\n<p>Biotin Mouthwashs kerneingrediens, PEG-40 Hydrogenated Castor Oil, har en mild desinficerende effekt, som effektivt kan fjerne oral lugt og forbedre det orale milj\u00f8. <\/p>\n\n\n\n<p>Biotin er et vitamin B-kompleks, som kan fremme reparationen af mundslimhinden, forbedre oral immunitet og forebygge orale sygdomme. <\/p>\n\n\n\n<p>Derudover kan jordb\u00e6r, appelsin, kanel, gr\u00f8n te, mynte og andre smage give en frisk smag og hj\u00e6lpe med at lindre ubehag i munden.<\/p>\n\n\n\n<h2 class=\"wp-block-heading\">G\u00e6ldende scenarier<\/h2>\n\n\n\n<p>Biotin Mundskyl kan bruges i en r\u00e6kke forskellige scenarier, is\u00e6r ved f\u00f8lgende lejligheder: <\/p>\n\n\n\n<p>1. efter m\u00e5ltider, for effektivt at rense madrester og holde \u00e5ndedr\u00e6ttet frisk; <\/p>\n\n\n\n<p>2. efter at have v\u00e6ret oppe hele natten og ryge, for at lindre den d\u00e5rlige smag af munden, og passe p\u00e5 t\u00e6ndernes sundhed; <\/p>\n\n\n\n<p>3. ved s\u00e6rlige lejligheder s\u00e5som bryllupper, interviews osv. for at holde vejret frisk; <\/p>\n\n\n\n<p>4. efter behandling af mundsygdomme, for at hj\u00e6lpe med at rense mundhulen.<\/p>\n\n\n\n<h2 class=\"wp-block-heading\">Hvem er Biotin Mundskyl til<\/h2>\n\n\n\n<p>Biotin Mundskyl er velegnet til en bred vifte af mennesker, is\u00e6r anbefalet til f\u00f8lgende forbrugere: <\/p>\n\n\n\n<p>1. mennesker, der er generet af oral lugt, s\u00e5som rygere, folk, der ofte bliver sent oppe; <\/p>\n\n\n\n<p>2. mennesker, der har f\u00f8lsomme t\u00e6nder og skal rense dem forsigtigt; <\/p>\n\n\n\n<p>3. personer med diabetes, som er i h\u00f8j risiko for paradentose og skal v\u00e6re s\u00e6rlig opm\u00e6rksomme p\u00e5 mundpleje; <\/p>\n\n\n\n<p>4. forbrugere, der kan lide at pr\u00f8ve nye mundplejeprodukter for at nyde de mundsundhedsm\u00e6ssige fordele, som Biotin Mundskyl giver; <\/p>\n\n\n\n<p>5. forbrugere, der kan lide at pr\u00f8ve nye mundplejeprodukter for at nyde de mundsundhedsm\u00e6ssige fordele, som Biotin Mundskyl giver. Mundskyl bringer mundsundhed.<\/p>\n\n\n\n<h2 class=\"wp-block-heading\">Produktionsproces<\/h2>\n\n\n\n<p>For at sikre kvaliteten af Biotin Mundskyl anvender vi f\u00f8lgende specielle produktionsproces: <\/p>\n\n\n\n<p>1. Streng screening af r\u00e5materialerne af PEG-40 hydrogeneret ricinusolie og biotin for at sikre deres renhed og kvalitet; <\/p>\n\n\n\n<p>2. Kontroller n\u00f8jagtigt m\u00e6ngden af tilf\u00f8rte r\u00e5varer for at sikre, at produktet er sikkert og effektivt; <\/p>\n\n\n\n<p>3. Vedtag lavtemperaturblandingsteknologien for fuldt ud at frigive r\u00e5materialernes aktivitet; <\/p>\n\n\n\n<p>4. Aseptisk p\u00e5fyldning, for at sikre, at produktet er sikkert og hygiejnisk; <\/p>\n\n\n\n<p>5. Fuld kvalitetskontrol for at sikre, at hver flaske Biotin Mundskyl opfylder den nationale standard. Gennem ovenst\u00e5ende proces giver vi dig et p\u00e5lideligt mundplejeprodukt af h\u00f8j kvalitet.<\/p>","protected":false},"excerpt":{"rendered":"Common Formulas Biotin Mouthwash&#8217;s core ingredient, PEG-40 Hydrogenated Castor Oil, has a mild disinfecting effect, which can effectively remove oral odor and improve the oral environment. Biotin is a vitamin B complex, which can promote the repair of oral mucosa, improve oral immunity and prevent oral diseases. In addition, strawberry, orange, cinnamon, green tea, mint [&hellip;]","protected":false},"featured_media":703,"menu_order":0,"template":"","meta":[],"product-tag":[201,206,208,211,212,216],"products":[72],"class_list":["post-702","product","type-product","status-publish","has-post-thumbnail","hentry","product-tag-mouthwash-manufacturer","product-tag-mouthwash-companies","product-tag-mouthwash-suppliers","product-tag-alkaline-mouthwash-manufacturer","product-tag-mouthwash-contract-manufacturer","product-tag-private-label-mouthwash-manufacturers","products-mouthwash"],"acf":[],"_links":{"self":[{"href":"https:\/\/www.ruiqigo.com\/da\/wp-json\/wp\/v2\/product\/702","targetHints":{"allow":["GET"]}}],"collection":[{"href":"https:\/\/www.ruiqigo.com\/da\/wp-json\/wp\/v2\/product"}],"about":[{"href":"https:\/\/www.ruiqigo.com\/da\/wp-json\/wp\/v2\/types\/product"}],"version-history":[{"count":0,"href":"https:\/\/www.ruiqigo.com\/da\/wp-json\/wp\/v2\/product\/702\/revisions"}],"wp:featuredmedia":[{"embeddable":true,"href":"https:\/\/www.ruiqigo.com\/da\/wp-json\/wp\/v2\/media\/703"}],"wp:attachment":[{"href":"https:\/\/www.ruiqigo.com\/da\/wp-json\/wp\/v2\/media?parent=702"}],"wp:term":[{"taxonomy":"product-tag","embeddable":true,"href":"https:\/\/www.ruiqigo.com\/da\/wp-json\/wp\/v2\/product-tag?post=702"},{"taxonomy":"products","embeddable":true,"href":"https:\/\/www.ruiqigo.com\/da\/wp-json\/wp\/v2\/products?post=702"}],"curies":[{"name":"wp","href":"https:\/\/api.w.org\/{rel}","templated":true}]}}