{"id":708,"date":"2024-07-25T20:42:48","date_gmt":"2024-07-25T12:42:48","guid":{"rendered":"https:\/\/ruiqigo.com\/?post_type=product&#038;p=708"},"modified":"2024-11-01T14:19:30","modified_gmt":"2024-11-01T06:19:30","slug":"xylitol-breath-spray","status":"publish","type":"product","link":"https:\/\/www.ruiqigo.com\/da\/product\/xylitol-breath-spray","title":{"rendered":"Xylitol \u00e5ndedr\u00e6tsspray"},"content":{"rendered":"<h2 class=\"wp-block-heading\">Almindelige formler til fremstilling af Xylitol-\u00e5ndespray<\/h2>\n\n\n\n<p>Xylitol Breath Sprays kerneingrediens, xylitol, er et naturligt s\u00f8demiddel med anti-kariesegenskaber. Xylitol h\u00e6mmer v\u00e6ksten af kariesfremkaldende bakterier i munden og reducerer dannelsen af plak, hvilket reducerer forekomsten af huller i t\u00e6nderne. Derudover kan xylitol give en frisk smag, forbedre mundmilj\u00f8et og tage vare p\u00e5 tandsundheden.<\/p>\n\n\n\n<h2 class=\"wp-block-heading\">Anvendelige scenarier for Xylitol \u00e5ndespray<\/h2>\n\n\n\n<p>Xylitol \u00e5ndespray kan bruges i en r\u00e6kke forskellige situationer, is\u00e6r i f\u00f8lgende tilf\u00e6lde: <\/p>\n\n\n\n<p>1. Reng\u00f8r effektivt madrester efter m\u00e5ltider og hold \u00e5ndedr\u00e6ttet friskt; <\/p>\n\n\n\n<p>2. efter at have v\u00e6ret oppe sent, ryget, reducer den d\u00e5rlige smag i munden, pas p\u00e5 t\u00e6ndernes sundhed; <\/p>\n\n\n\n<p>3. s\u00e6rlige lejligheder, s\u00e5som bryllupper, jobsamtaler osv., for at holde vejret frisk; <\/p>\n\n\n\n<p>4. efter behandling af mundsygdomme, for at hj\u00e6lpe med at rense mundhulen.<\/p>\n\n\n\n<h2 class=\"wp-block-heading\">Hvem er Xylitol \u00e5ndespray egnet til<\/h2>\n\n\n\n<p>Xylitol \u00e5ndespray er velegnet til en bred vifte af mennesker og anbefales is\u00e6r til f\u00f8lgende forbrugere: <\/p>\n\n\n\n<p>1. mennesker, der er generet af oral lugt, s\u00e5som rygere, folk, der ofte bliver oppe til sent om natten; <\/p>\n\n\n\n<p>2. mennesker, der har f\u00f8lsomme t\u00e6nder og har brug for en sk\u00e5nsom reng\u00f8ring; <\/p>\n\n\n\n<p>3. diabetespatienter, som har h\u00f8j risiko for paradentose og skal v\u00e6re s\u00e6rlig opm\u00e6rksom p\u00e5 mundpleje; <\/p>\n\n\n\n<p>4. Forbrugere, der gerne vil pr\u00f8ve nye mundplejeprodukter, kan nyde godt af produktets fordele. Xylitol \u00e5ndespray bringer mundhygiejne.<\/p>\n\n\n\n<h2 class=\"wp-block-heading\">Produktionsproces for Xylitol-\u00e5ndespray<\/h2>\n\n\n\n<p>Som en v\u00e6rdig producent af Xylitol-\u00e5ndespray anvender vi f\u00f8lgende s\u00e6rlige produktionsproces: <\/p>\n\n\n\n<p>1. streng screening af xylitolr\u00e5materialer for at sikre dets renhed og kvalitet; <\/p>\n\n\n\n<p>2. pr\u00e6cis kontrol af m\u00e6ngden af tilsat xylitol for at sikre produktets sikkerhed og effektivitet;<\/p>\n\n\n\n<p>3. brugen af lavtemperaturblandingsteknologi, fuld frigivelse af xylitols aktivitet; <\/p>\n\n\n\n<p>4. aseptisk p\u00e5fyldning for at sikre, at produktet er sikkert og hygiejnisk; <\/p>\n\n\n\n<p>5. hele kvalitetskontrolprocessen. S\u00f8rg for, at hver flaske Xylitol \u00e5ndedr\u00e6tsspray opfylder den nationale standard.<\/p>\n\n\n\n<p>Gennem ovenst\u00e5ende proces, som en professionel producent af Xylitol \u00e5ndespray, tilbyder vi dig et produkt af h\u00f8j kvalitet og p\u00e5lidelighed til mundpleje.<\/p>","protected":false},"excerpt":{"rendered":"Xylitol breath spray manufacturing common formulas Xylitol Breath Spray&#8217;s core ingredient, xylitol, is a natural sweetener with anti-cavity properties. Xylitol inhibits the growth of caries-causing bacteria in the mouth and reduces the formation of plaque, thus reducing the incidence of tooth decay. In addition, xylitol can provide a fresh taste, improve the oral environment and [&hellip;]","protected":false},"featured_media":713,"menu_order":0,"template":"","meta":[],"product-tag":[],"products":[73],"class_list":["post-708","product","type-product","status-publish","has-post-thumbnail","hentry","products-breath-spray"],"acf":[],"_links":{"self":[{"href":"https:\/\/www.ruiqigo.com\/da\/wp-json\/wp\/v2\/product\/708","targetHints":{"allow":["GET"]}}],"collection":[{"href":"https:\/\/www.ruiqigo.com\/da\/wp-json\/wp\/v2\/product"}],"about":[{"href":"https:\/\/www.ruiqigo.com\/da\/wp-json\/wp\/v2\/types\/product"}],"version-history":[{"count":0,"href":"https:\/\/www.ruiqigo.com\/da\/wp-json\/wp\/v2\/product\/708\/revisions"}],"wp:featuredmedia":[{"embeddable":true,"href":"https:\/\/www.ruiqigo.com\/da\/wp-json\/wp\/v2\/media\/713"}],"wp:attachment":[{"href":"https:\/\/www.ruiqigo.com\/da\/wp-json\/wp\/v2\/media?parent=708"}],"wp:term":[{"taxonomy":"product-tag","embeddable":true,"href":"https:\/\/www.ruiqigo.com\/da\/wp-json\/wp\/v2\/product-tag?post=708"},{"taxonomy":"products","embeddable":true,"href":"https:\/\/www.ruiqigo.com\/da\/wp-json\/wp\/v2\/products?post=708"}],"curies":[{"name":"wp","href":"https:\/\/api.w.org\/{rel}","templated":true}]}}