{"id":10,"date":"2024-04-24T15:45:14","date_gmt":"2024-04-24T07:45:14","guid":{"rendered":"https:\/\/ruiqigo.com\/?page_id=10"},"modified":"2024-12-24T09:57:03","modified_gmt":"2024-12-24T01:57:03","slug":"service","status":"publish","type":"page","link":"https:\/\/www.ruiqigo.com\/de\/service","title":{"rendered":"Service"},"content":{"rendered":"<div class=\"wp-block-columns are-vertically-aligned-center mb-60 is-layout-flex wp-container-core-columns-is-layout-9d6595d7 wp-block-columns-is-layout-flex\">\n<div class=\"wp-block-column is-vertically-aligned-center is-layout-flow wp-block-column-is-layout-flow\" style=\"flex-basis:40%\">\n<figure class=\"wp-block-image size-full pr-40\"><img fetchpriority=\"high\" decoding=\"async\" width=\"1000\" height=\"667\" src=\"https:\/\/www.ruiqigo.com\/wp-content\/uploads\/2024\/07\/P4-2-S2-.jpg\" alt=\"Service\" class=\"wp-image-785\" srcset=\"https:\/\/www.ruiqigo.com\/wp-content\/uploads\/2024\/07\/P4-2-S2-.jpg 1000w, https:\/\/www.ruiqigo.com\/wp-content\/uploads\/2024\/07\/P4-2-S2--768x512.jpg 768w\" sizes=\"(max-width: 1000px) 100vw, 1000px\" \/><\/figure>\n<\/div>\n\n\n\n<div class=\"wp-block-column is-vertically-aligned-center is-layout-flow wp-block-column-is-layout-flow\" style=\"flex-basis:60%\">\n<h2 class=\"wp-block-heading\">L\u00f6sung verpackt, Erwartungen \u00fcbertroffen<\/h2>\n\n\n\n<div class=\"wp-block-columns mb-40 is-layout-flex wp-container-core-columns-is-layout-9d6595d7 wp-block-columns-is-layout-flex\">\n<div class=\"wp-block-column is-layout-flow wp-block-column-is-layout-flow\">\n<h3 class=\"wp-block-heading\">Einheitliches Design<\/h3>\n\n\n\n<p>Team von Designexperten<\/p>\n<\/div>\n\n\n\n<div class=\"wp-block-column is-layout-flow wp-block-column-is-layout-flow\">\n<h3 class=\"wp-block-heading\">Verschiedene Verpackungsmaterialien<\/h3>\n\n\n\n<p>\u00dcber 6 Arten von Optionen<\/p>\n<\/div>\n<\/div>\n\n\n\n<div class=\"wp-block-columns mb-40 is-layout-flex wp-container-core-columns-is-layout-9d6595d7 wp-block-columns-is-layout-flex\">\n<div class=\"wp-block-column is-layout-flow wp-block-column-is-layout-flow\">\n<h3 class=\"wp-block-heading\">Verschiedene Formen<\/h3>\n\n\n\n<p>Bleiben Sie \u00fcber Trends auf dem Laufenden<\/p>\n<\/div>\n\n\n\n<div class=\"wp-block-column is-layout-flow wp-block-column-is-layout-flow\">\n<h3 class=\"wp-block-heading\">Effektive Kommunikation<\/h3>\n\n\n\n<p>Eine kooperative Lieferkette<\/p>\n<\/div>\n<\/div>\n\n\n\n<div class=\"wp-block-columns is-layout-flex wp-container-core-columns-is-layout-9d6595d7 wp-block-columns-is-layout-flex\">\n<div class=\"wp-block-column is-layout-flow wp-block-column-is-layout-flow\">\n<h3 class=\"wp-block-heading\">Qualit\u00e4tssicherung<\/h3>\n\n\n\n<p>Spezialisierte QC-Ausr\u00fcstung<\/p>\n<\/div>\n\n\n\n<div class=\"wp-block-column is-layout-flow wp-block-column-is-layout-flow\">\n<h3 class=\"wp-block-heading\">Zufriedenstellender Verkaufsservice<\/h3>\n\n\n\n<p>Antwort innerhalb von 8 Stunden<\/p>\n<\/div>\n<\/div>\n<\/div>\n<\/div>\n\n\n\n<h2 class=\"wp-block-heading\">Auf individuelle Bed\u00fcrfnisse zugeschnittene L\u00f6sungen<\/h2>\n\n\n\n<p>Wir h\u00f6ren zu, analysieren und helfen unseren Kunden, mit \u00fcberlegener Produktqualit\u00e4t einen breiteren Markt zu erschlie\u00dfen.<\/p>\n\n\n\n<div class=\"wp-block-columns mb-60 is-layout-flex wp-container-core-columns-is-layout-9d6595d7 wp-block-columns-is-layout-flex\">\n<div class=\"wp-block-column is-layout-flow wp-block-column-is-layout-flow\">\n<div class=\"wp-block-group pl-40 pr-40 pt-40 pb-40 has-white-color has-text-color has-background has-link-color wp-elements-89fe601cef7688092ae9c6d48f43f356\" style=\"background-color:#007f44\"><div class=\"wp-block-group__inner-container is-layout-constrained wp-block-group-is-layout-constrained\">\n<h3 class=\"wp-block-heading\">Wir verleihen Ihrer Marke Besonderheit<\/h3>\n\n\n\n<p>In unserer High-End-Fabrik wenden wir verschiedene Farben, Oberfl\u00e4chendrucke und andere benutzerdefinierte Optionen an, um Ihr Logo und Ihre Verpackung f\u00fcr hochwertige Kosmetika und Hautpflegeprodukte erkennbarer zu machen.<\/p>\n<\/div><\/div>\n<\/div>\n\n\n\n<div class=\"wp-block-column is-layout-flow wp-block-column-is-layout-flow\">\n<div class=\"wp-block-group pl-40 pr-40 pt-40 pb-40 has-background\" style=\"background-color:#007f44\"><div class=\"wp-block-group__inner-container is-layout-constrained wp-block-group-is-layout-constrained\">\n<h3 class=\"wp-block-heading has-white-color has-text-color has-link-color wp-elements-79e67b2ce6c99588385d2c8c46194a6b\">Wir versprechen Qualit\u00e4t f\u00fcr Ihren Vertrieb<\/h3>\n\n\n\n<p class=\"has-white-color has-text-color has-link-color wp-elements-b964fd86f34e6f5a1022559ebd826640\">Dank unserer hocheffizienten und automatisierten Ausr\u00fcstung zur t\u00e4glichen Produktion chemischer Produkte sind wir in der Lage, mit den Markttrends Schritt zu halten und sicherzustellen, dass gro\u00dfe Auftr\u00e4ge termingerecht ausgeliefert werden k\u00f6nnen.<\/p>\n<\/div><\/div>\n<\/div>\n<\/div>\n\n\n\n<h2 class=\"wp-block-heading\">Durchdachter Service, der Ihre kostbare Zeit spart<\/h2>\n\n\n\n<p>Wir sind darauf spezialisiert, Ihr Gesch\u00e4ft durch strategische L\u00f6sungen und kompetente Beratung zum Erfolg zu f\u00fchren. Durch hochwertige Kosmetikverpackungen k\u00f6nnen Sie erhebliche Anfangsinvestitionskosten sparen, w\u00e4hrend ein zeitnaher und aufmerksamer Service Ihnen nach dem Verkauf Zeitkosten ersparen kann.<\/p>\n\n\n\n<div class=\"wp-block-columns mb-40 is-layout-flex wp-container-core-columns-is-layout-9d6595d7 wp-block-columns-is-layout-flex\">\n<div class=\"wp-block-column is-layout-flow wp-block-column-is-layout-flow\">\n<h2 class=\"wp-block-heading\">Nr.1<\/h2>\n\n\n\n<h4 class=\"wp-block-heading\">Beratung &amp; Kommunikation<\/h4>\n\n\n\n<p>Expertenteam f\u00fcr Reaktion<\/p>\n<\/div>\n\n\n\n<div class=\"wp-block-column is-layout-flow wp-block-column-is-layout-flow\">\n<h2 class=\"wp-block-heading\">Nr.2<\/h2>\n\n\n\n<h4 class=\"wp-block-heading\">Fertigung &amp; Bemusterung<\/h4>\n\n\n\n<p>Moderne Technologie<\/p>\n<\/div>\n<\/div>\n\n\n\n<div class=\"wp-block-columns is-layout-flex wp-container-core-columns-is-layout-9d6595d7 wp-block-columns-is-layout-flex\">\n<div class=\"wp-block-column is-layout-flow wp-block-column-is-layout-flow\">\n<h2 class=\"wp-block-heading\">Nr.3<\/h2>\n\n\n\n<h4 class=\"wp-block-heading\">Produktion &amp; Lagerhaltung<\/h4>\n\n\n\n<p>Hervorragende Qualit\u00e4tskontrolle<\/p>\n<\/div>\n\n\n\n<div class=\"wp-block-column is-layout-flow wp-block-column-is-layout-flow\">\n<h2 class=\"wp-block-heading\">Nr.4<\/h2>\n\n\n\n<h4 class=\"wp-block-heading\">Inspektion und Versand<\/h4>\n\n\n\n<p>Optimierte Verwaltung<\/p>\n<\/div>\n<\/div>","protected":false},"excerpt":{"rendered":"Solution Packed, Expectation Exceeded Design Unity Team of design experts Various Packing Materials Over 6 types of options Assorted Molding Staying on top of trends Effective Communication A cooperative supply chain Quality Assurance Specialized QC equipment Satisfactory Sales Service Response in 8 hours Solutions Tailored to Individual Needs We listen, analyze, and help our customers [&hellip;]","protected":false},"author":9,"featured_media":784,"parent":0,"menu_order":0,"comment_status":"closed","ping_status":"closed","template":"","meta":{"footnotes":""},"class_list":["post-10","page","type-page","status-publish","has-post-thumbnail","hentry"],"acf":[],"_links":{"self":[{"href":"https:\/\/www.ruiqigo.com\/de\/wp-json\/wp\/v2\/pages\/10","targetHints":{"allow":["GET"]}}],"collection":[{"href":"https:\/\/www.ruiqigo.com\/de\/wp-json\/wp\/v2\/pages"}],"about":[{"href":"https:\/\/www.ruiqigo.com\/de\/wp-json\/wp\/v2\/types\/page"}],"author":[{"embeddable":true,"href":"https:\/\/www.ruiqigo.com\/de\/wp-json\/wp\/v2\/users\/9"}],"replies":[{"embeddable":true,"href":"https:\/\/www.ruiqigo.com\/de\/wp-json\/wp\/v2\/comments?post=10"}],"version-history":[{"count":0,"href":"https:\/\/www.ruiqigo.com\/de\/wp-json\/wp\/v2\/pages\/10\/revisions"}],"wp:featuredmedia":[{"embeddable":true,"href":"https:\/\/www.ruiqigo.com\/de\/wp-json\/wp\/v2\/media\/784"}],"wp:attachment":[{"href":"https:\/\/www.ruiqigo.com\/de\/wp-json\/wp\/v2\/media?parent=10"}],"curies":[{"name":"wp","href":"https:\/\/api.w.org\/{rel}","templated":true}]}}