{"id":63,"date":"2024-04-26T00:53:00","date_gmt":"2024-04-25T16:53:00","guid":{"rendered":"https:\/\/ruiqigo.com\/?page_id=63"},"modified":"2024-12-24T10:13:44","modified_gmt":"2024-12-24T02:13:44","slug":"terms-conditions","status":"publish","type":"page","link":"https:\/\/www.ruiqigo.com\/de\/terms-conditions","title":{"rendered":"Allgemeine Gesch\u00e4ftsbedingungen"},"content":{"rendered":"<p>Diese Nutzungsbedingungen (im Folgenden \u201eNutzungsbedingungen\u201c) gelten f\u00fcr die Websites \u2013 www.ruiqigo.com \u2013 (zusammen die \u201e3TOP-Website\u201c), die Eigentum von 3TOP, Inc. (im Folgenden \u201e3TOP\u201c) sind und von diesem Unternehmen betrieben werden. Diese Nutzungsbedingungen bilden zusammen mit unserer Datenschutzrichtlinie und Cookie-Richtlinie eine Vereinbarung (im Folgenden \u201eVereinbarung\u201c) zwischen Ihnen, dem Endbenutzer, und 3TOP.<\/p>\n\n\n\n<p>Ihre Nutzung der 3TOP-Website setzt voraus, dass Sie die in dieser Vereinbarung enthaltenen Bedingungen und Hinweise ohne \u00c4nderungen akzeptieren. Indem Sie auf Website-Inhalte der 3TOP-Website oder auf Website-Dienste, die auf der 3TOP-Website angeboten werden, zugreifen, diese verwenden, herunterladen, anzeigen und\/oder installieren, best\u00e4tigen Sie, dass Sie diese Vereinbarung vollst\u00e4ndig gelesen und verstanden haben und dass Sie den in dieser Vereinbarung enthaltenen Nutzungsbedingungen, Datenschutzrichtlinien und Cookie-Richtlinien zustimmen.<\/p>\n\n\n\n<p>Sie erkl\u00e4ren sich au\u00dferdem damit einverstanden, dass keine schriftliche oder m\u00fcndliche Erkl\u00e4rung von 3TOP und seinen Vertriebsh\u00e4ndlern, Vertretern oder Mitarbeitern den Umfang der in dieser Vereinbarung weiter unten aufgef\u00fchrten Abschnitte zur eingeschr\u00e4nkten Garantie und Haftungsbeschr\u00e4nkungen erweitert.<\/p>\n\n\n\n<p>Durch die Nutzung der 3TOP-Website erkl\u00e4ren Sie sich mit den Bedingungen dieser Vereinbarung einverstanden. Wenn Sie mit den Bedingungen dieser Vereinbarung nicht einverstanden sind, d\u00fcrfen Sie nicht auf die 3TOP-Website zugreifen und keine Website-Inhalte oder Website-Dienste verwenden, herunterladen, speichern, anzeigen oder installieren.<\/p>\n\n\n\n<p>I. Begriffsbestimmungen<br>\u201eDigitale Informationen\u201c bezeichnet s\u00e4mtliche Daten, auf die \u00fcber die 3TOP-Website zugegriffen werden kann, darunter insbesondere Texte, Tabellen, Kalkulationstabellen, Grafiken, Dokumente, Bilder oder Fotos sowie in digitalen Dateien enthaltene Software.<\/p>\n\n\n\n<p>\u201eWebsite-Inhalte\u201c sind digitale Informationen, die durch Herunterladen, Speichern oder Kopieren von der 3TOP-Website abgerufen werden k\u00f6nnen und die dann von Ihnen, dem Endbenutzer, gespeichert, installiert, ausgef\u00fchrt, verwendet, angezeigt, bearbeitet oder manipuliert werden. Solche Website-Inhalte k\u00f6nnen zus\u00e4tzliche Bedingungen enthalten, die in einer separaten Vereinbarung festgelegt sind, die diesen Teilen beigef\u00fcgt ist.<\/p>\n\n\n\n<p>\u201eWebsite-Dienste\u201c bezeichnet digitale Informationen, die Ihnen, dem Endbenutzer, zum Herunterladen, Speichern oder Kopieren von der 3TOP-Website zur Verf\u00fcgung gestellt werden.<\/p>\n\n\n\n<p>II. \u00c4nderung<br>3TOP beh\u00e4lt sich das Recht vor, diese Nutzungsbedingungen jederzeit mit oder ohne Vorank\u00fcndigung zu erg\u00e4nzen und zu \u00e4ndern. Ihr fortgesetzter Zugriff auf oder Ihre fortgesetzte Nutzung der Website-Inhalte oder Website-Dienste bedeutet, dass Sie alle neuen Bedingungen akzeptieren. Wenn Sie mit einer neuen Bedingung nicht einverstanden sind: (a) stellen Sie den Zugriff und die Nutzung der 3TOP-Website und aller Website-Inhalte und Website-Dienste ein; und (b) geben Sie alle Website-Inhalte an 3TOP zur\u00fcck oder vernichten Sie alle Website-Inhalte in Ihrem Besitz oder unter Ihrer Kontrolle.<\/p>\n\n\n\n<p>3TOP kann jederzeit und ohne Vorank\u00fcndigung \u00c4nderungen an den Website-Inhalten, den Website-Diensten oder darin verwiesenen Elementen vornehmen und ist nicht verpflichtet, die Website-Inhalte oder Website-Dienste zu unterst\u00fctzen oder zu aktualisieren.<\/p>\n\n\n\n<p>Verbotenes Verhalten<br>Der Zugriff auf und die Nutzung der 3TOP-Website und der Website-Inhalte werden als Lizenz und nicht als \u00dcbertragung des Eigentumsrechts gew\u00e4hrt und sind streng auf Informationszwecke und keine anderen Zwecke beschr\u00e4nkt. Alle hierin nicht ausdr\u00fccklich gew\u00e4hrten Rechte sind ausdr\u00fccklich 3TOP vorbehalten und es werden keine anderen Rechte impliziert. Ohne Einschr\u00e4nkung des Vorstehenden und sofern nicht anderweitig schriftlich mit 3TOP vereinbart, erkennen Sie die folgenden spezifischen Einschr\u00e4nkungen Ihrer Nutzung der 3TOP-Website und der Website-Inhalte an:<\/p>\n\n\n\n<p>Sie d\u00fcrfen keinen Teil der Website-Inhalte oder digitalen Informationen kopieren, modifizieren, ver\u00e4ndern, anpassen, vermieten, verkaufen, verteilen, \u00f6ffentlich anzeigen, vorf\u00fchren oder \u00fcbertragen, keine abgeleiteten Werke auf der Grundlage von Teilen der Website-Inhalte oder digitalen Informationen erstellen oder Teile der Website-Inhalte oder digitalen Informationen f\u00fcr gewerbliche Zwecke verwenden, au\u00dfer wie oben vorgesehen;<br>Sie d\u00fcrfen keine Materialien oder Informationen auf eine Art und Weise beschaffen oder zu beschaffen versuchen, die nicht absichtlich auf der 3TOP-Website verf\u00fcgbar gemacht oder bereitgestellt wurden;<br>Sie d\u00fcrfen keine Versuche unternehmen, Website-Inhalte, digitale Informationen oder Teile der 3TOP-Website zur\u00fcckzuentwickeln, zu dekompilieren oder zu disassemblieren oder Ger\u00e4te oder Materialien einzuf\u00fchren, die b\u00f6sartig oder technologisch sch\u00e4dlich f\u00fcr die 3TOP-Website, die Website-Inhalte oder digitalen Informationen sind, wie beispielsweise, aber nicht beschr\u00e4nkt auf Viren, Trojaner, W\u00fcrmer und Logikbomben;<br>Sie d\u00fcrfen keine Website-Inhalte, digitalen Informationen oder Teile davon in andere Materialien, Produkte oder Dienstleistungen integrieren oder die Website-Inhalte oder digitalen Informationen f\u00fcr Produktionszwecke verwenden;<br>Sie d\u00fcrfen keine Eigentumshinweise, Patente, Markenzeichen oder Urheberrechtshinweise entfernen, ver\u00e4ndern oder verdecken, die auf der 3TOP-Website, in den Website-Inhalten oder in den digitalen Informationen enthalten sind.<br>Sie d\u00fcrfen die 3TOP-Website nicht in einer Weise nutzen, die die 3TOP-Website besch\u00e4digen, deaktivieren, \u00fcberlasten oder beeintr\u00e4chtigen oder die Nutzung und den Genuss der 3TOP-Website durch andere Parteien st\u00f6ren k\u00f6nnte;<br>Sie d\u00fcrfen nicht versuchen, unbefugten Zugriff auf Teile der 3TOP-Website, die Server, auf denen die 3TOP-Website gespeichert ist, oder auf Server, Computer oder Datenbanken, die mit der 3TOP-Website verbunden sind, zu erlangen, diese zu st\u00f6ren, zu besch\u00e4digen oder zu unterbrechen oder anderweitig die ordnungsgem\u00e4\u00dfe Funktion der 3TOP-Website zu beeintr\u00e4chtigen;<br>Sie d\u00fcrfen die 3TOP-Website, Website-Inhalte oder digitalen Informationen nicht f\u00fcr Zwecke nutzen, die in irgendeiner Weise gegen geltende Bundes-, Landes-, Kommunal- oder internationale Gesetze oder Vorschriften versto\u00dfen (einschlie\u00dflich, aber nicht beschr\u00e4nkt auf Gesetze bez\u00fcglich des Exports von Daten oder Software in und aus den USA oder anderen L\u00e4ndern) oder die durch diese Vereinbarung verboten sind.<br>Sie verpflichten sich au\u00dferdem, angemessene Anstrengungen zu unternehmen, um die unbefugte Nutzung, Reproduktion, Verteilung oder Ver\u00f6ffentlichung von Website-Inhalten oder digitalen Informationen zu verhindern. Jede unbefugte Nutzung, Reproduktion, Verteilung oder Ver\u00f6ffentlichung von Website-Inhalten oder digitalen Informationen ist verboten und stellt einen Versto\u00df gegen diese Vereinbarung dar.<\/p>\n\n\n\n<p>IV. An 3TOP gelieferte Materialien<br>3TOP erhebt keinen Eigentumsanspruch auf die Materialien, die Sie 3TOP zur Verf\u00fcgung stellen (einschlie\u00dflich Feedback und Vorschl\u00e4ge) oder die Sie auf einer 3TOP-Website oder den zugeh\u00f6rigen Diensten ver\u00f6ffentlichen, hochladen, eingeben oder \u00fcbermitteln (zusammen \u201eEinreichungen\u201c). Indem Sie jedoch Ihre Einreichung ver\u00f6ffentlichen, hochladen, eingeben, bereitstellen oder \u00fcbermitteln, erteilen Sie 3TOP, seinen verbundenen Unternehmen und erforderlichen Unterlizenznehmern die Erlaubnis, Ihre Einreichung im Zusammenhang mit dem Betrieb ihrer Internetgesch\u00e4fte zu verwenden, einschlie\u00dflich, ohne Einschr\u00e4nkung, der Rechte zum Kopieren, Verteilen, \u00dcbertragen, \u00f6ffentlichen Anzeigen, \u00f6ffentlichen Vorf\u00fchren, Reproduzieren, Bearbeiten, \u00dcbersetzen und Neuformatieren Ihrer Einreichung sowie zur Ver\u00f6ffentlichung Ihres Namens im Zusammenhang mit Ihrer Einreichung.<\/p>\n\n\n\n<p>Es wird keine Verg\u00fctung f\u00fcr die Verwendung Ihres Beitrags wie hier vorgesehen gezahlt. 3TOP ist nicht verpflichtet, die von Ihnen bereitgestellten Beitr\u00e4ge zu ver\u00f6ffentlichen oder zu verwenden und kann Beitr\u00e4ge jederzeit im alleinigen Ermessen von 3TOP entfernen.<\/p>\n\n\n\n<p>Indem Sie Ihren Beitrag ver\u00f6ffentlichen, hochladen, eingeben, bereitstellen oder \u00fcbermitteln, gew\u00e4hrleisten und erkl\u00e4ren Sie, dass Sie alle Rechte an Ihrem Beitrag besitzen oder anderweitig kontrollieren, wie in diesem Abschnitt beschrieben, einschlie\u00dflich und ohne Einschr\u00e4nkung das Urheberrecht und alle erforderlichen Rechte zum Bereitstellen, Ver\u00f6ffentlichen, Hochladen, Eingeben oder \u00dcbermitteln der Beitr\u00e4ge.<\/p>\n\n\n\n<p>V. Geistiges Eigentum und Eigentumsrechte<br>Sie haben keine Eigentumsrechte an der 3TOP-Website, den Website-Inhalten oder digitalen Informationen. Sie k\u00f6nnen die Website-Inhalte und digitalen Informationen verwenden, solange Sie den Bedingungen dieser Vereinbarung zustimmen und diese einhalten. 3TOP beh\u00e4lt sich alle Rechte, Titel und Anspr\u00fcche an den Website-Inhalten und digitalen Informationen vor, einschlie\u00dflich aller geistigen Eigentumsrechte daran. Sofern nicht ausdr\u00fccklich anders angegeben, gew\u00e4hrt 3TOP durch diese Vereinbarung keine ausdr\u00fccklichen oder stillschweigenden Rechte an Patenten, Urheberrechten, Marken oder anderen geistigen Eigentumsrechten von 3TOP. Alle Rechte, die durch diese Vereinbarung nicht ausdr\u00fccklich gew\u00e4hrt werden, sind 3TOP zur alleinigen und vollst\u00e4ndigen Nutzung und zum alleinigen Eigentum vorbehalten.<\/p>\n\n\n\n<p>Alle Website-Inhalte und digitalen Informationen unterliegen dem Urheberrechtsschutz durch die Gesetze der Vereinigten Staaten und anderer L\u00e4nder sowie durch internationale Vertragsbestimmungen. Das Herunterladen, Kopieren und \u00c4ndern von urheberrechtlich gesch\u00fctztem Material ohne entsprechende Genehmigung kann einen Versto\u00df gegen das Urheberrecht darstellen.<\/p>\n\n\n\n<p>3TOP\u00ae und verschiedene Produktnamen, Handelsnamen, Servicenamen, Slogans und Logos, die auf der 3TOP-Website erscheinen, sind eingetragene oder nicht eingetragene Marken von 3TOP. Die Marken und Handelsaufmachungen von 3TOP d\u00fcrfen nicht in Verbindung mit Produkten oder Dienstleistungen verwendet werden, die nicht mit 3TOP in Verbindung stehen, und zwar in keiner Weise, die bei Kunden wahrscheinlich Verwirrung stiftet oder 3TOP herabsetzt oder in Verruf bringt. Sie d\u00fcrfen diese Marken nicht ohne die vorherige schriftliche Genehmigung von 3TOP verwenden, die 3TOP nach eigenem Ermessen verweigern kann.<\/p>\n\n\n\n<p>VI. Schadloshaltung<br>SIE STIMMEN ZU, 3TOP, EINSCHLIESSLICH SEINE LEITENDEN ANGESTELLTEN, DIREKTOREN, MITARBEITER, VERBUNDENEN UNTERNEHMEN, LIZENZGEBER, LIEFERANTEN, INFORMATIONSANBIETER UND VERTRETER, VON ALLEN VERLUSTEN, ANSPR\u00dcCHEN, GEGENANSPR\u00dcCHEN, KLAGEN, STREITIGKEITEN, HAFTBARKEITEN, SCH\u00c4DEN, URTEILEN, VERLUSTEN, AUSGABEN, KOSTEN UND GEB\u00dcHREN, EINSCHLIESSLICH, ABER NICHT BESCHR\u00c4NKT AUF ANGEMESSENE ANWALTSKOSTEN UND DAMIT VERBUNDENE AUSGABEN, DIE SICH AUF FOLGENDES BEZIEHEN ODER DARAUS ENTSTEHEN: IHRE NUTZUNG ODER UNM\u00d6GLICHKEIT ZUR NUTZUNG DER 3TOP-WEBSITE, DER WEBSITE-INHALTE UND DIGITALEN INFORMATIONEN; JEGLICHE VON IHNEN VORGENOMENE EINREICHUNGEN; JEGLICHE VERLETZUNG DER BEDINGUNGEN DIESER VEREINBARUNG ODER DER RECHTE DRITTER DURCH SIE; ODER VERLETZUNG GELTEN GESETZE, REGELN ODER VORSCHRIFTEN DURCH SIE, EINSCHLIESSLICH FAHRL\u00c4SSIGEM ODER UNRECHTM\u00c4SSIGEM VERHALTEN.<\/p>\n\n\n\n<p>VII. Haftungsausschluss und eingeschr\u00e4nkte Garantie<br>HAFTUNGSAUSSCHLUSS BEZ\u00dcGLICH WEBSITE-INHALTEN, DIGITALEN INFORMATIONEN UND WEBSITE-DIENSTEN: MIT AUSNAHME DER IN DIESER VEREINBARUNG VORGESEHENEN ART HAFTET 3TOP IN KEINEM FALL F\u00dcR ANSPR\u00dcCHE JEGLICHER ART, UNTER JEGLICHER RECHTSTHEORIE, OB DIREKT ODER INDIREKT, DIE SICH AUS FOLGENDEM ERGEBEN ODER DAMIT IN VERBINDUNG STEHEN:<\/p>\n\n\n\n<p>WEBSITE-INHALTE, DIGITALE INFORMATIONEN ODER WEBSITE-DIENSTE, DIE AUF ODER \u00dcBER DIE 3TOP-WEBSITE ZUR VERF\u00dcGUNG GESTELLT WERDEN, EINSCHLIESSLICH FEHLERN ODER AUSLASSUNGEN IN DIESEN WEBSITE-INHALTEN, DIGITALEN INFORMATIONEN ODER WEBSITE-DIENSTEN; ODER<br>VERLUSTE ODER SCH\u00c4DEN, DIE DURCH DEN ZUGRIFF AUF ODER DIE NUTZUNG DER WEBSITE-INHALTE, DIGITALEN INFORMATIONEN ODER WEBSITE-DIENSTE ENTSTEHEN.<br>Soweit gem\u00e4\u00df geltendem Recht zul\u00e4ssig, werden die Website-Inhalte, digitalen Informationen und Website-Dienste \u201ewie besehen\u201c bereitgestellt, und 3TOP lehnt ausdr\u00fccklich alle ausdr\u00fccklichen oder stillschweigenden Gew\u00e4hrleistungen jeglicher Art ab, einschlie\u00dflich stillschweigender Gew\u00e4hrleistungen der Marktg\u00e4ngigkeit, der zufriedenstellenden Qualit\u00e4t, der Eignung f\u00fcr einen bestimmten Zweck, des Titels und der Nichtverletzung. Beispielsweise und ohne Einschr\u00e4nkung \u00fcbernimmt 3TOP keine Gew\u00e4hrleistung daf\u00fcr, dass:<\/p>\n\n\n\n<p>DIE WEBSITE-INHALTE, DIGITALEN INFORMATIONEN ODER WEBSITE-DIENSTE WERDEN ODER WERDEN UNUNTERBROCHEN, RECHTZEITIG, SICHER ODER FEHLERFREI BEREITGESTELLT;<br>DIE WEBSITE-INHALTE, DIGITALEN INFORMATIONEN ODER WEBSITE-DIENSTE SIND ODER WERDEN VOLLST\u00c4NDIG, GENAU, SICHER ODER ZUVERL\u00c4SSIG SEIN;<br>DIE WEBSITE-INHALTE, DIGITALEN INFORMATIONEN ODER WEBSITE-DIENSTE SIND ODER WERDEN FREI VON VIREN ODER ANDEREN SCH\u00c4DLICHEN KOMPONENTEN SEIN; ODER<br>DIE WEBSITE-INHALTE, DIGITALEN INFORMATIONEN ODER WEBSITE-DIENSTE WERDEN ALLE IHRE ANFORDERUNGEN ERF\u00dcLLEN.<br>DIESER HAFTUNGSAUSSCHLUSS SOLL NACH DER ABSICHT DER PARTEIEN VORRANG VOR JEGLICHEN STAATEN, UCC- ODER \u00c4HNLICHEN STILLSCHWEIGENDEN GARANTIEBESTIMMUNGEN HABEN.<\/p>\n\n\n\n<p>VIII. Haftungsbeschr\u00e4nkungen<br>Soweit gesetzlich zul\u00e4ssig, hat 3TOP keine Verpflichtung oder Haftung Ihnen gegen\u00fcber f\u00fcr die 3TOP-Website, Website-Inhalte, digitale Informationen oder Website-Dienste (ob aus Vertrag, Garantie, Delikt, einschlie\u00dflich Fahrl\u00e4ssigkeit, Produkthaftung, Urheberrechtsverletzung oder anderen Ma\u00dfnahmen nach Gesetz oder Billigkeit) f\u00fcr direkte, zuf\u00e4llige, indirekte, besondere, Folge- oder Strafsch\u00e4den oder Haftungen (einschlie\u00dflich, ohne Einschr\u00e4nkung, Verlust von Daten, Umsatzverlust, Verlust von Gewinn, Verlust von Gesch\u00e4ften oder erwarteten Einsparungen, Nutzungsverlust, Verlust von Firmenwert oder anderweitig), die aus oder im Zusammenhang mit Ihrer Nutzung oder Ihrem Zugriff auf (oder UNM\u00d6GLICHKEIT, DIE 3TOP-WEBSITE, WEBSITE-INHALTE, DIGITALE INFORMATIONEN ODER WEBSITE-DIENSTE ZU NUTZEN ODER DARAUF ZUZUGREIFEN. DIESE EINSCHR\u00c4NKUNG GILT F\u00dcR SCH\u00c4DEN, DIE AUS FOLGENDEM ENTSTEHEN:<\/p>\n\n\n\n<p>NUTZUNG ODER UNM\u00d6GLICHKEIT DES ZUGRIFFS AUF ODER DER NUTZUNG DER WEBSITE-INHALTE, DIGITALEN INFORMATIONEN ODER WEBSITE-DIENSTE;<br>KOSTEN F\u00dcR DIE BESCHAFFUNG VON ERSATZWARE UND -DIENSTLEISTUNGEN;<br>UNBEFUGTER ZUGRIFF AUF ODER VER\u00c4NDERUNG IHRER \u00dcBERTRAGUNGEN DURCH DRITTE;<br>Inhalte Dritter, die Ihnen \u00fcber die 3TOP-Website zur Verf\u00fcgung gestellt werden; oder<br>ALLE ANDEREN ANGELEGENHEITEN IM ZUSAMMENHANG MIT DEN WEBSITE-INHALTEN, DIGITALEN INFORMATIONEN ODER WEBSITE-DIENSTEN.<br>EINIGE STAATEN ERLAUBEN DEN AUSSCHLUSS ODER DIE BESCHR\u00c4NKUNG VON NEBEN- ODER FOLGESCH\u00c4DEN NICHT, SODASS DIE OBEN GENANNTE BESCHR\u00c4NKUNG ODER DER AUSSCHLUSS M\u00d6GLICHERWEISE NICHT F\u00dcR SIE GILT. DIESE GARANTIE VERLEIHT IHNEN BESTIMMTE GESETZLICHE RECHTE, UND SIE K\u00d6NNEN WEITERE RECHTE HABEN, DIE VON STAAT ZU STAAT VARIIEREN.<\/p>\n\n\n\n<p>K\u00fcndigung<br>3TOP kann nach eigenem Ermessen Ihre Nutzung oder Ihren Zugriff auf die Website-Inhalte, digitalen Informationen oder Website-Dienste jederzeit und ohne Vorank\u00fcndigung aus beliebigem Grund beenden und alle Website-Inhalte, digitalen Informationen oder Website-Dienste entfernen und verwerfen, einschlie\u00dflich, aber nicht beschr\u00e4nkt auf Verhalten, das diese Nutzungsbedingungen oder andere von 3TOP an anderer Stelle innerhalb der Website-Dienste, digitalen Informationen oder Website-Inhalte dargelegte Richtlinien oder Leitlinien verletzt. In keinem Fall haftet 3TOP Ihnen oder Dritten gegen\u00fcber f\u00fcr die Beendigung Ihrer Nutzung oder Ihres Zugriffs auf die Website-Inhalte, digitalen Informationen oder Website-Dienste.<\/p>\n\n\n\n<p>X. Rechtswahl<br>Alle Streitigkeiten, die sich aus oder im Zusammenhang mit dieser Vereinbarung ergeben, unterliegen dem Recht des Staates Pennsylvania unter Ausschluss seiner Kollisionsnormen. Die Staats- und Bundesgerichte von Pennsylvania sind das ausschlie\u00dfliche Forum und der ausschlie\u00dfliche Gerichtsstand zur Beilegung aller Streitigkeiten, die sich aus diesen Nutzungsbedingungen oder dieser Vereinbarung ergeben oder anderweitig damit in Zusammenhang stehen. Ihre Zustimmung zur pers\u00f6nlichen Zust\u00e4ndigkeit und zum Gerichtsstand der Staats- und Bundesgerichte von Pennsylvania wird durch Ihre Nutzung oder Ihren Zugriff auf die Website-Inhalte, digitalen Informationen oder Website-Dienste erteilt.<\/p>\n\n\n\n<p>Salvatorische Klausel<br>Sollte eine Bestimmung dieser Vereinbarung f\u00fcr ung\u00fcltig, nicht durchsetzbar oder gesetzeswidrig erachtet werden, so gilt diese Bestimmung als durch eine g\u00fcltige, durchsetzbare Bestimmung ersetzt, die der Absicht der urspr\u00fcnglichen Bestimmung am n\u00e4chsten kommt und die G\u00fcltigkeit oder Durchsetzbarkeit der verbleibenden Bestimmungen in keiner Weise beeintr\u00e4chtigt.<\/p>","protected":false},"excerpt":{"rendered":"These Terms and Conditions of Use (hereinafter \u201cTerms of Use\u201d) apply to the websites \u2014 www.ruiqigo.com \u2014 (collectively, the \u201c3TOP Website\u201d), which are owned and operated by 3TOP, Inc. (hereinafter \u201c3TOP\u201d). These Terms of Use, together with our Privacy Policy and Cookie Policy, collectively form an agreement (hereinafter \u201cAgreement\u201d) between you, the end user, and [&hellip;]","protected":false},"author":9,"featured_media":0,"parent":0,"menu_order":0,"comment_status":"closed","ping_status":"closed","template":"","meta":{"footnotes":""},"class_list":["post-63","page","type-page","status-publish","hentry"],"acf":[],"_links":{"self":[{"href":"https:\/\/www.ruiqigo.com\/de\/wp-json\/wp\/v2\/pages\/63","targetHints":{"allow":["GET"]}}],"collection":[{"href":"https:\/\/www.ruiqigo.com\/de\/wp-json\/wp\/v2\/pages"}],"about":[{"href":"https:\/\/www.ruiqigo.com\/de\/wp-json\/wp\/v2\/types\/page"}],"author":[{"embeddable":true,"href":"https:\/\/www.ruiqigo.com\/de\/wp-json\/wp\/v2\/users\/9"}],"replies":[{"embeddable":true,"href":"https:\/\/www.ruiqigo.com\/de\/wp-json\/wp\/v2\/comments?post=63"}],"version-history":[{"count":0,"href":"https:\/\/www.ruiqigo.com\/de\/wp-json\/wp\/v2\/pages\/63\/revisions"}],"wp:attachment":[{"href":"https:\/\/www.ruiqigo.com\/de\/wp-json\/wp\/v2\/media?parent=63"}],"curies":[{"name":"wp","href":"https:\/\/api.w.org\/{rel}","templated":true}]}}