{"id":64,"date":"2024-04-26T00:55:27","date_gmt":"2024-04-25T16:55:27","guid":{"rendered":"https:\/\/ruiqigo.com\/?page_id=64"},"modified":"2024-12-24T10:07:42","modified_gmt":"2024-12-24T02:07:42","slug":"privacy-policy","status":"publish","type":"page","link":"https:\/\/www.ruiqigo.com\/de\/privacy-policy","title":{"rendered":"Datenschutzrichtlinie"},"content":{"rendered":"<h3 class=\"wp-block-heading\">Welche Informationen sammeln wir?<\/h3>\n\n\n\n<p>Wir erfassen Ihre Daten, wenn Sie sich auf der Website registrieren, eine Bestellung aufgeben, an einem Wettbewerb oder Gewinnspiel teilnehmen, auf eine Umfrage oder Mitteilung wie E-Mail antworten oder eine andere Funktion der Website nutzen. Bei der Bestellung oder Registrierung fragen wir Sie m\u00f6glicherweise nach Ihrem Namen, Ihrer E-Mail-Adresse, Postanschrift, Telefonnummer, Kreditkarteninformationen oder anderen Informationen. Sie k\u00f6nnen unsere Website jedoch auch anonym besuchen. Wir erfassen auch Daten \u00fcber Geschenkempf\u00e4nger, damit wir den Geschenkkauf abwickeln k\u00f6nnen. Die Daten, die wir \u00fcber Geschenkempf\u00e4nger erfassen, werden nicht f\u00fcr Marketingzwecke verwendet. Wie viele Websites verwenden wir \u201eCookies\u201c, um Ihr Erlebnis zu verbessern und Daten \u00fcber Besucher und Besuche auf unseren Websites zu sammeln. Informationen \u00fcber Cookies und deren Verwendung finden Sie weiter unten im Abschnitt \u201eVerwenden wir \u201aCookies\u2018?\u201c.<\/p>\n\n\n\n<h3 class=\"wp-block-heading\">Wie verwenden wir Ihre Informationen?<\/h3>\n\n\n\n<p>Wir k\u00f6nnen die Informationen, die wir von Ihnen erfassen, wenn Sie sich registrieren, Produkte kaufen, an einem Wettbewerb oder einer Werbeaktion teilnehmen, auf eine Umfrage oder Marketingkommunikation antworten, auf der Website surfen oder bestimmte andere Websitefunktionen verwenden, auf folgende Weise verwenden: Um Ihr Websiteerlebnis zu personalisieren und es uns zu erm\u00f6glichen, die Art von Inhalten und Produktangeboten bereitzustellen, an denen Sie am meisten interessiert sind. Damit wir Ihnen bei der Beantwortung Ihrer Kundendienstanfragen einen besseren Service bieten k\u00f6nnen. Um Ihre Transaktionen schnell abzuwickeln. Um einen Wettbewerb, eine Werbeaktion, eine Umfrage oder eine andere Websitefunktion zu verwalten. Wenn Sie sich f\u00fcr den Erhalt unseres E-Mail-Newsletters entschieden haben, senden wir Ihnen m\u00f6glicherweise regelm\u00e4\u00dfig E-Mails. Wenn Sie keine Werbe-E-Mails mehr von uns erhalten m\u00f6chten, lesen Sie bitte den Abschnitt \u201eWiderruf Ihrer Einwilligung\u201c weiter unten. Wenn Sie sich nicht f\u00fcr den Erhalt von E-Mail-Newslettern entschieden haben, erhalten Sie diese E-Mails nicht. Besucher, die sich registrieren oder an anderen Websitefunktionen wie Marketingprogrammen und \u201eNur f\u00fcr Mitglieder\u201c-Inhalten teilnehmen, haben die Wahl, ob sie auf unserer E-Mail-Liste stehen und E-Mail-Nachrichten von uns erhalten m\u00f6chten.<\/p>\n\n\n\n<h3 class=\"wp-block-heading\">Wie sch\u00fctzen wir Besucherinformationen?<\/h3>\n\n\n\n<p>Wir ergreifen eine Reihe von Sicherheitsma\u00dfnahmen, um die Sicherheit Ihrer pers\u00f6nlichen Daten zu gew\u00e4hrleisten. Ihre pers\u00f6nlichen Daten werden in gesicherten Netzwerken gespeichert und sind nur einer begrenzten Anzahl von Personen zug\u00e4nglich, die \u00fcber spezielle Zugriffsrechte auf diese Systeme verf\u00fcgen und zur Geheimhaltung der Daten verpflichtet sind. Wenn Sie Bestellungen aufgeben oder auf Ihre pers\u00f6nlichen Daten zugreifen, bieten wir Ihnen die Nutzung eines sicheren Servers an. Alle von Ihnen angegebenen sensiblen\/Kreditdaten werden \u00fcber die Secure Socket Layer (SSL)-Technologie \u00fcbertragen und dann verschl\u00fcsselt in unsere Datenbanken eingegeben, um nur wie oben angegeben abgerufen zu werden.<\/p>\n\n\n\n<h3 class=\"wp-block-heading\">Verwenden wir \u201eCookies\u201c?<\/h3>\n\n\n\n<p>Ja. Cookies sind kleine Dateien, die eine Site oder ihr Dienstanbieter \u00fcber Ihren Webbrowser auf die Festplatte Ihres Computers \u00fcbertr\u00e4gt (sofern Sie dies zulassen), sodass die Systeme der Site oder des Dienstanbieters Ihren Browser erkennen und bestimmte Informationen erfassen und speichern k\u00f6nnen. Wir verwenden Cookies beispielsweise, um die Artikel in Ihrem Einkaufswagen zu speichern und zu verarbeiten. Sie werden auch verwendet, um uns dabei zu helfen, Ihre Pr\u00e4ferenzen basierend auf fr\u00fcheren oder aktuellen Site-Aktivit\u00e4ten zu verstehen, sodass wir Ihnen verbesserte Dienste anbieten k\u00f6nnen. Wir verwenden Cookies auch, um aggregierte Daten \u00fcber den Site-Verkehr und die Site-Interaktion zu sammeln, damit wir in Zukunft bessere Site-Erlebnisse und Tools anbieten k\u00f6nnen. Wir k\u00f6nnen Vertr\u00e4ge mit Drittanbietern abschlie\u00dfen, die uns dabei helfen, die Besucher unserer Site besser zu verstehen. Diesen Dienstanbietern ist es nicht gestattet, die in unserem Namen gesammelten Informationen zu verwenden, au\u00dfer um uns bei der Durchf\u00fchrung und Verbesserung unseres Gesch\u00e4fts zu unterst\u00fctzen. Sie k\u00f6nnen Ihren Computer so einstellen, dass er Sie jedes Mal warnt, wenn ein Cookie gesendet wird, oder Sie k\u00f6nnen alle Cookies deaktivieren. Dies tun Sie \u00fcber die Einstellungen Ihres Browsers (z. B. Google Chrome, Microsoft Edge oder Safari). Jeder Browser ist ein wenig anders. Sehen Sie sich daher das \u201eHilfe\u201c-Men\u00fc Ihres Browsers an, um zu erfahren, wie Sie Ihre Cookies richtig \u00e4ndern k\u00f6nnen. Wenn Sie Cookies deaktivieren, haben Sie keinen Zugriff auf viele Funktionen, die Ihre Website-Erfahrung effizienter machen, und einige unserer Dienste funktionieren nicht richtig. Sie k\u00f6nnen jedoch weiterhin telefonisch Bestellungen aufgeben, indem Sie sich an den Kundendienst wenden.<\/p>\n\n\n\n<h3 class=\"wp-block-heading\">Geben wir die von uns erfassten Informationen an Dritte weiter?<\/h3>\n\n\n\n<p>Wir verkaufen, handeln oder \u00fcbertragen Ihre personenbezogenen Daten nicht an Dritte, es sei denn, wir benachrichtigen Sie im Voraus, au\u00dfer wie unten beschrieben. Der Begriff \u201eDritte\u201c umfasst nicht unser Gesch\u00e4ft. Er umfasst auch keine Website-Hosting-Partner und andere Parteien, die uns beim Betreiben unserer Website, der Durchf\u00fchrung unseres Gesch\u00e4fts oder der Betreuung von Ihnen unterst\u00fctzen, solange diese Parteien zustimmen, diese Informationen vertraulich zu behandeln. Wir k\u00f6nnen Ihre Daten auch freigeben, wenn wir der Ansicht sind, dass die Freigabe angemessen ist, um das Gesetz einzuhalten, unsere Website-Richtlinien durchzusetzen oder unsere oder die Rechte, das Eigentum oder die Sicherheit anderer zu sch\u00fctzen. Nicht pers\u00f6nlich identifizierbare Besucherinformationen k\u00f6nnen jedoch an andere Parteien f\u00fcr Marketing-, Werbe- oder andere Zwecke weitergegeben werden. Wie k\u00f6nnen Sie Informationen, die Sie uns bereitgestellt haben, ablehnen, entfernen oder \u00e4ndern? Um Ihre E-Mail-Abonnements zu \u00e4ndern, teilen Sie uns dies bitte mit, indem Sie Ihre Einstellungen im Abschnitt \u201eMein Konto\u201c \u00e4ndern. Bitte beachten Sie, dass Sie aufgrund von E-Mail-Produktionspl\u00e4nen m\u00f6glicherweise E-Mails erhalten, die bereits in Produktion sind. Um alle Ihre Online-Kontoinformationen aus unserer Datenbank zu l\u00f6schen, melden Sie sich im Abschnitt \u201eMein Konto\u201c unserer Website an und entfernen Sie Ihre Lieferadressen, Rechnungsadressen und Zahlungsinformationen. Bitte beachten Sie, dass wir Informationen zu einer einzelnen Verkaufstransaktion aufbewahren k\u00f6nnen, um diese Transaktion abzuwickeln und Aufzeichnungen zu f\u00fchren. Links zu Drittanbietern: Um Ihnen einen Mehrwert zu bieten, k\u00f6nnen wir auf unserer Website Links zu Drittanbietern einf\u00fcgen. Diese verlinkten Websites haben separate und unabh\u00e4ngige Datenschutzrichtlinien. Wir \u00fcbernehmen daher keine Verantwortung oder Haftung f\u00fcr den Inhalt und die Aktivit\u00e4ten dieser verlinkten Websites. Dennoch versuchen wir, die Integrit\u00e4t unserer Website zu sch\u00fctzen und freuen uns \u00fcber jedes Feedback zu diesen verlinkten Websites (auch wenn ein bestimmter Link nicht funktioniert). \u00c4nderungen an unserer Richtlinie, falls wir uns dazu entschlie\u00dfen, unsere Datenschutzrichtlinie zu \u00e4ndern, werden auf dieser Seite ver\u00f6ffentlicht. Richtlinien\u00e4nderungen gelten nur f\u00fcr Informationen, die nach dem Datum der \u00c4nderung gesammelt wurden. Diese Richtlinie wurde zuletzt am 25. Mai 2018 ge\u00e4ndert.<\/p>\n\n\n\n<h3 class=\"wp-block-heading\">Fragen und Feedback<\/h3>\n\n\n\n<p>Wir freuen uns \u00fcber Ihre Fragen, Kommentare und Bedenken zum Thema Datenschutz. Bitte senden Sie uns Feedback zum Thema Datenschutz oder zu anderen Themen. Nur Online-Richtlinie. Diese Online-Datenschutzrichtlinie gilt nur f\u00fcr Informationen, die \u00fcber unsere Website gesammelt werden, und nicht f\u00fcr Informationen, die offline gesammelt werden.<\/p>\n\n\n\n<h3 class=\"wp-block-heading\">Ihre Einwilligung<\/h3>\n\n\n\n<p>Wenn Sie \u00fcber unsere Website einen Kauf t\u00e4tigen oder eine Anfrage mit pers\u00f6nlichen oder gesch\u00e4ftlichen Informationen einreichen, um ein Angebot zu erhalten, eine Zahlung f\u00fcr eine Bestellung auf irgendeine Weise zu t\u00e4tigen oder eine Lieferung zu vereinbaren, stimmen Sie zu, dass wir diese Informationen zu Ihrem Vorteil und\/oder zur Verbesserung unserer Dienste und Angebote sammeln, speichern und verwenden. Indem Sie dies tun, stimmen Sie auch zu, dass wir offenlegen, dass Sie ein MugFactory-Kunde sind, und stimmen auch zu, dass wir den Namen Ihres Unternehmens, Ihr Logo und Ihre Verpackung zum Zwecke der Pr\u00e4sentation unserer Produkte und Dienste verwenden, sofern nicht anders angegeben.<\/p>\n\n\n\n<h3 class=\"wp-block-heading\">Widerruf Ihrer Einwilligung<\/h3>\n\n\n\n<p>Sie k\u00f6nnen Ihre Zustimmung zur Erfassung, Verwendung oder Weitergabe Ihrer Daten durch MugFactory jederzeit widerrufen, indem Sie uns kontaktieren. MugFactory beh\u00e4lt sich das Recht vor, alle zuvor erfassten Daten aufzubewahren, um Bestellungen auszuf\u00fchren oder Streitigkeiten oder Untersuchungen beizulegen. Wenn Sie unsere Website besuchen, erhalten wir automatisch die Internetprotokoll-Adresse (IP-Adresse) Ihres Ger\u00e4ts, die ungef\u00e4hre geografische Region und andere grundlegende Informationen zu Ihrem Browser und Betriebssystem, um unseren Kunden besser helfen und ein besseres, individuelleres Erlebnis bieten zu k\u00f6nnen.<\/p>","protected":false},"excerpt":{"rendered":"What information do we collect? We collect information from you when you register on the site, place an order, enter a contest or sweepstakes, respond to a survey or communication such as e-mail, or participate in another site feature. When ordering or registering, we may ask you for your name, e-mail address, mailing address, phone [&hellip;]","protected":false},"author":9,"featured_media":0,"parent":0,"menu_order":0,"comment_status":"closed","ping_status":"closed","template":"","meta":{"footnotes":""},"class_list":["post-64","page","type-page","status-publish","hentry"],"acf":[],"_links":{"self":[{"href":"https:\/\/www.ruiqigo.com\/de\/wp-json\/wp\/v2\/pages\/64","targetHints":{"allow":["GET"]}}],"collection":[{"href":"https:\/\/www.ruiqigo.com\/de\/wp-json\/wp\/v2\/pages"}],"about":[{"href":"https:\/\/www.ruiqigo.com\/de\/wp-json\/wp\/v2\/types\/page"}],"author":[{"embeddable":true,"href":"https:\/\/www.ruiqigo.com\/de\/wp-json\/wp\/v2\/users\/9"}],"replies":[{"embeddable":true,"href":"https:\/\/www.ruiqigo.com\/de\/wp-json\/wp\/v2\/comments?post=64"}],"version-history":[{"count":0,"href":"https:\/\/www.ruiqigo.com\/de\/wp-json\/wp\/v2\/pages\/64\/revisions"}],"wp:attachment":[{"href":"https:\/\/www.ruiqigo.com\/de\/wp-json\/wp\/v2\/media?parent=64"}],"curies":[{"name":"wp","href":"https:\/\/api.w.org\/{rel}","templated":true}]}}