{"id":8,"date":"2024-04-24T15:41:08","date_gmt":"2024-04-24T07:41:08","guid":{"rendered":"https:\/\/ruiqigo.com\/?page_id=8"},"modified":"2024-11-21T17:44:56","modified_gmt":"2024-11-21T09:44:56","slug":"sustainability","status":"publish","type":"page","link":"https:\/\/www.ruiqigo.com\/de\/sustainability","title":{"rendered":"Nachhaltigkeit"},"content":{"rendered":"<p>Chinas Industrie konzentriert sich auf das \u201eDual-Carbon\u201c-Ziel, das darauf abzielt, Kohlenstoffemissionen und Umweltverschmutzung zu reduzieren. Dies ist wichtig, um Wirtschaft und Gesellschaft umweltfreundlicher und nachhaltiger zu machen. Auch die Hautpflegeindustrie arbeitet auf dieses Ziel hin. 3TOP unterst\u00fctzt die Idee der nachhaltigen Entwicklung und hat gute Leistungen beim Energiesparen, der Reduzierung von Kohlenstoffemissionen und dem Schutz der Umwelt erzielt. 3TOP zeigt sein Engagement f\u00fcr Nachhaltigkeit auf dreierlei Weise: beim Anbau von Rohstoffen, beim Betrieb der Fabriken und bei der verwendeten Verpackung. Der Ansatz des Unternehmens umfasst nachhaltige Beschaffung, umweltfreundliche Herstellung und Verpackungsmaterialien.<\/p>\n\n\n\n<h2 class=\"wp-block-heading has-text-align-center\"><strong>1. Rohstoffproduktionsbasis<\/strong><\/h2>\n\n\n\n<h3 class=\"wp-block-heading\"><strong>Auswahl nachhaltiger Rohstoffe<\/strong><\/h3>\n\n\n\n<div class=\"wp-block-columns are-vertically-aligned-center mb-60 is-layout-flex wp-container-core-columns-is-layout-9d6595d7 wp-block-columns-is-layout-flex\">\n<div class=\"wp-block-column is-vertically-aligned-center is-layout-flow wp-block-column-is-layout-flow\">\n<figure class=\"wp-block-image size-full\"><img fetchpriority=\"high\" decoding=\"async\" width=\"800\" height=\"450\" src=\"https:\/\/www.ruiqigo.com\/wp-content\/uploads\/2024\/07\/7.jpg\" alt=\"\" class=\"wp-image-719\" srcset=\"https:\/\/www.ruiqigo.com\/wp-content\/uploads\/2024\/07\/7.jpg 800w, https:\/\/www.ruiqigo.com\/wp-content\/uploads\/2024\/07\/7-768x432.jpg 768w\" sizes=\"(max-width: 800px) 100vw, 800px\" \/><\/figure>\n<\/div>\n\n\n\n<div class=\"wp-block-column is-vertically-aligned-center is-layout-flow wp-block-column-is-layout-flow\">\n<p>3TOP bevorzugt nachhaltige zertifizierte Rohstoffe wie organische Pflanzenextrakte und nat\u00fcrliche Inhaltsstoffe, um die negativen Auswirkungen auf die Umwelt zu reduzieren. Einer der repr\u00e4sentativen Inhaltsstoffe ist Tee\u00f6l, das nicht nur ein Speise\u00f6l ist, sondern auch eine lange Tradition in der Hautpflege hat. Tee\u00f6l hat die F\u00e4higkeit, das Haar zu n\u00e4hren und die Kopfhaut zu sch\u00fctzen. Tee\u00f6l ist reich an N\u00e4hrstoffen, die das Haar von der Wurzel bis zur Spitze n\u00e4hren und dem Haar umfassende Pflege bieten. F\u00fcr viele Menschen ist Tee\u00f6l ein nat\u00fcrliches Haarpflegeprodukt, das es wert ist, ausprobiert zu werden. Es gibt auch Teesaponinextrakt, einen nat\u00fcrlichen Pflanzenextrakt, der nach der \u00d6lextraktion aus Teemehlkuchen gewonnen wird und eine Vielzahl von antioxidativen und entz\u00fcndungshemmenden Eigenschaften hat, die es auch zu einem gro\u00dfartigen Produkt f\u00fcr nat\u00fcrliche Behandlungen machen.<\/p>\n<\/div>\n<\/div>\n\n\n\n<div class=\"wp-block-columns are-vertically-aligned-center mb-60 is-layout-flex wp-container-core-columns-is-layout-9d6595d7 wp-block-columns-is-layout-flex\">\n<div class=\"wp-block-column is-vertically-aligned-center is-layout-flow wp-block-column-is-layout-flow\">\n<p>3TOP verwendet in seinen Produkten Teesaponin, das von der eigenen Teeplantage stammt. Diese Plantage erstreckt sich \u00fcber 10.000 Acres im Kreis Yong Tai in der N\u00e4he von Fuzhou, der Hauptstadt der Provinz Fujian. 3TOP \u00fcberwacht die Qualit\u00e4t der Teepflanze sorgf\u00e4ltig von der Quelle an und passt die Verarbeitung f\u00fcr den Einsatz in der Hautpflegeindustrie an. Die gro\u00dfe Teeplantage des Unternehmens wird gut verwaltet, um sicherzustellen, dass die Rohstoffe rein und sicher sind. Mit einer Vorgehensweise kann 3TOP die Qualit\u00e4t der Rohstoffe konstant und zuverl\u00e4ssig halten.<\/p>\n<\/div>\n\n\n\n<div class=\"wp-block-column is-vertically-aligned-center is-layout-flow wp-block-column-is-layout-flow\">\n<figure class=\"wp-block-image size-full\"><img decoding=\"async\" width=\"800\" height=\"450\" src=\"https:\/\/www.ruiqigo.com\/wp-content\/uploads\/2024\/07\/5.jpg\" alt=\"\" class=\"wp-image-721\" srcset=\"https:\/\/www.ruiqigo.com\/wp-content\/uploads\/2024\/07\/5.jpg 800w, https:\/\/www.ruiqigo.com\/wp-content\/uploads\/2024\/07\/5-768x432.jpg 768w\" sizes=\"(max-width: 800px) 100vw, 800px\" \/><\/figure>\n<\/div>\n<\/div>\n\n\n\n<h3 class=\"wp-block-heading\"><strong>Das biologische und umweltfreundliche Pflanzmodell<\/strong><\/h3>\n\n\n\n<div class=\"wp-block-columns are-vertically-aligned-center mb-60 is-layout-flex wp-container-core-columns-is-layout-9d6595d7 wp-block-columns-is-layout-flex\">\n<div class=\"wp-block-column is-vertically-aligned-center is-layout-flow wp-block-column-is-layout-flow\">\n<figure class=\"wp-block-image size-full\"><img decoding=\"async\" width=\"800\" height=\"450\" src=\"https:\/\/www.ruiqigo.com\/wp-content\/uploads\/2024\/07\/10.jpg\" alt=\"\" class=\"wp-image-723\" srcset=\"https:\/\/www.ruiqigo.com\/wp-content\/uploads\/2024\/07\/10.jpg 800w, https:\/\/www.ruiqigo.com\/wp-content\/uploads\/2024\/07\/10-768x432.jpg 768w\" sizes=\"(max-width: 800px) 100vw, 800px\" \/><\/figure>\n<\/div>\n\n\n\n<div class=\"wp-block-column is-vertically-aligned-center is-layout-flow wp-block-column-is-layout-flow\">\n<p>Bei 3TOP wenden wir biologische Anbaumethoden an und verzichten auf den Einsatz chemischer Pestizide und D\u00fcngemittel. Wir lassen die Pflanzen im nat\u00fcrlich befeuchteten Regen wachsen und leben im Einklang mit dem Boden und den Mikroorganismen, um die Reinheit und Sicherheit der Rohstoffe zu gew\u00e4hrleisten. Gleichzeitig konzentriert sich 3TOP auf die Erhaltung der Artenvielfalt und den Schutz der Lebensr\u00e4ume, in denen alle Arten von Lebewesen gedeihen. Neben dem biologischen Anbau f\u00fchrt 3TOP auch aktiv fortschrittliche wassersparende Bew\u00e4sserungssysteme ein, um die Wasserverschwendung durch pr\u00e4zise Kontrolle der Wassermenge und der Bew\u00e4sserungszeit zu minimieren. Wir konzentrieren uns auch auf die Behandlung und Wiederverwertung von Abwasser, um sicherzustellen, dass jeder Tropfen Wasser optimal genutzt wird.<\/p>\n<\/div>\n<\/div>\n\n\n\n<h2 class=\"wp-block-heading has-text-align-center\"><strong>2. Produktionsanlage<\/strong><\/h2>\n\n\n\n<div class=\"wp-block-columns are-vertically-aligned-center mb-60 is-layout-flex wp-container-core-columns-is-layout-9d6595d7 wp-block-columns-is-layout-flex\">\n<div class=\"wp-block-column is-vertically-aligned-center is-layout-flow wp-block-column-is-layout-flow\">\n<h3 class=\"wp-block-heading\"><strong>Energieeinsparung und Effizienzsteigerung<\/strong><\/h3>\n\n\n\n<p>3TOP verfolgt einen \u201egr\u00fcnen und f\u00fcrsorglichen\u201c Produktionsansatz. Sie haben eine gro\u00dfe, umweltfreundliche Fabrik mit einer Fl\u00e4che von 40.000 Quadratmetern gebaut, mit einem 60 Hektar gro\u00dfen Industriegel\u00e4nde und einer sauberen Werkstatt mit hohem Standard. Sie halten sich an die Politik \u201eEnergie sparen, gr\u00fcn werden, die Umwelt sch\u00fctzen\u201c. 3TOP verwendet moderne Ger\u00e4te und Linien, die den GMP-Standards entsprechen, die bei der Herstellung von Medikamenten verwendet werden. In ihrer Fabrik, in der sie Shampoo und andere Dinge herstellen, sind die freigesetzten Gase viel geringer als die in China vorgeschriebenen nationalen Standards. Dadurch k\u00f6nnen sie t\u00e4glich \u00fcber 600 Kubikmeter Erdgas und j\u00e4hrlich \u00fcber 600.000 RMB an Gaskosten sparen.<\/p>\n<\/div>\n\n\n\n<div class=\"wp-block-column is-vertically-aligned-center is-layout-flow wp-block-column-is-layout-flow\">\n<figure class=\"wp-block-image size-full\"><img loading=\"lazy\" decoding=\"async\" width=\"800\" height=\"450\" src=\"https:\/\/www.ruiqigo.com\/wp-content\/uploads\/2024\/07\/11.jpg\" alt=\"\" class=\"wp-image-726\" srcset=\"https:\/\/www.ruiqigo.com\/wp-content\/uploads\/2024\/07\/11.jpg 800w, https:\/\/www.ruiqigo.com\/wp-content\/uploads\/2024\/07\/11-768x432.jpg 768w\" sizes=\"(max-width: 800px) 100vw, 800px\" \/><\/figure>\n<\/div>\n<\/div>\n\n\n\n<div class=\"wp-block-columns are-vertically-aligned-center mb-60 is-layout-flex wp-container-core-columns-is-layout-9d6595d7 wp-block-columns-is-layout-flex\">\n<div class=\"wp-block-column is-vertically-aligned-center is-layout-flow wp-block-column-is-layout-flow\">\n<figure class=\"wp-block-image size-full\"><img loading=\"lazy\" decoding=\"async\" width=\"800\" height=\"450\" src=\"https:\/\/www.ruiqigo.com\/wp-content\/uploads\/2024\/07\/3.jpg\" alt=\"\" class=\"wp-image-728\" srcset=\"https:\/\/www.ruiqigo.com\/wp-content\/uploads\/2024\/07\/3.jpg 800w, https:\/\/www.ruiqigo.com\/wp-content\/uploads\/2024\/07\/3-768x432.jpg 768w\" sizes=\"(max-width: 800px) 100vw, 800px\" \/><\/figure>\n<\/div>\n\n\n\n<div class=\"wp-block-column is-vertically-aligned-center is-layout-flow wp-block-column-is-layout-flow\">\n<h3 class=\"wp-block-heading\"><strong>Saubere Energienutzung<\/strong><strong><\/strong><\/h3>\n\n\n\n<p>Durch die Installation von zwei Photovoltaik-Stromerzeugungssystemen nutzt 3TOP gr\u00fcne Energie und reduziert den Stromverbrauch, wodurch eine hohe Effizienz und Energieeinsparung in der Produktion erreicht wird. Die Stromerzeugung mit Photovoltaik verringert nicht nur die Abh\u00e4ngigkeit von herk\u00f6mmlichen Energiequellen erheblich, sondern reduziert auch die Kohlenstoffemissionen erheblich und tr\u00e4gt so zum Umweltschutz der Erde bei.<\/p>\n<\/div>\n<\/div>\n\n\n\n<div class=\"wp-block-columns are-vertically-aligned-center mb-60 is-layout-flex wp-container-core-columns-is-layout-9d6595d7 wp-block-columns-is-layout-flex\">\n<div class=\"wp-block-column is-vertically-aligned-center is-layout-flow wp-block-column-is-layout-flow\">\n<h3 class=\"wp-block-heading\"><strong>Gr\u00fcner Prozess<\/strong><strong><\/strong><\/h3>\n\n\n\n<p>3TOP erforscht st\u00e4ndig umweltfreundliche Produktionsprozesse, um einige spezielle Umweltziele zu erreichen. Zum Beispiel die Ablehnung von Mikrok\u00fcgelchen aus Kunststoff. Alltags-Toilettenartikel enthalten oft gro\u00dfe Mengen an Mikrok\u00fcgelchen aus Kunststoff, also Kunststoffpartikel, die kleiner als 2 Millimeter sind. Weil sie so klein sind, gelangen diese K\u00fcgelchen, wenn Sie Toilettenartikel mit Mikrok\u00fcgelchen aus Kunststoff verwenden, in den Abfluss, passieren Wasseraufbereitungsanlagen und landen im Meer. Fische und Schalentiere fressen sie, und dann werden sie Teil unserer Nahrung und sogar unseres K\u00f6rpers. 2015 forderte eine Gruppe in Europa, die sich mit Kosmetika und K\u00f6rperpflege besch\u00e4ftigt, dass Unternehmen von sich aus aufh\u00f6ren sollten, Mikrok\u00fcgelchen aus Kunststoff in ihren Produkten zu verwenden.<\/p>\n<\/div>\n\n\n\n<div class=\"wp-block-column is-vertically-aligned-center is-layout-flow wp-block-column-is-layout-flow\">\n<figure class=\"wp-block-image size-full\"><img loading=\"lazy\" decoding=\"async\" width=\"800\" height=\"450\" src=\"https:\/\/www.ruiqigo.com\/wp-content\/uploads\/2024\/07\/6.jpg\" alt=\"\" class=\"wp-image-741\" srcset=\"https:\/\/www.ruiqigo.com\/wp-content\/uploads\/2024\/07\/6.jpg 800w, https:\/\/www.ruiqigo.com\/wp-content\/uploads\/2024\/07\/6-768x432.jpg 768w\" sizes=\"(max-width: 800px) 100vw, 800px\" \/><\/figure>\n<\/div>\n<\/div>\n\n\n\n<p>3TOP stellt seit einiger Zeit Hautpflege- und Handwaschprodukte aus nat\u00fcrlichen Stoffen statt winziger Plastikk\u00fcgelchen her. Sie verwenden Dinge wie Waln\u00fcsse, Mandeln und Olivenkerne, weil sie sich f\u00fcr die Herstellung von Kosmetika perfekt eignen und sanft reinigen, ohne die Haut zu kratzen. 3TOP macht daraus nat\u00fcrliche Peelings, die die Plastikk\u00fcgelchen ersetzen. Au\u00dferdem k\u00f6nnen nat\u00fcrliche Stoffe die Produkte manchmal dunkler erscheinen lassen, aber 3TOP behebt dies durch die Zugabe heller Farben wie Titandioxid. Dies ist sicher und reizt Ihre Haut nicht. Au\u00dferdem verwendet 3TOP eine spezielle Art von Maisst\u00e4rke, die etwas rau ist. Sie reinigt gut, kratzt nicht und zersetzt sich leicht, was gut f\u00fcr die Umwelt ist.<\/p>\n\n\n\n<div class=\"wp-block-columns are-vertically-aligned-center mb-60 is-layout-flex wp-container-core-columns-is-layout-9d6595d7 wp-block-columns-is-layout-flex\">\n<div class=\"wp-block-column is-vertically-aligned-center is-layout-flow wp-block-column-is-layout-flow\">\n<figure class=\"wp-block-image size-full\"><img loading=\"lazy\" decoding=\"async\" width=\"800\" height=\"450\" src=\"https:\/\/www.ruiqigo.com\/wp-content\/uploads\/2024\/07\/12.jpg\" alt=\"\" class=\"wp-image-733\" srcset=\"https:\/\/www.ruiqigo.com\/wp-content\/uploads\/2024\/07\/12.jpg 800w, https:\/\/www.ruiqigo.com\/wp-content\/uploads\/2024\/07\/12-768x432.jpg 768w\" sizes=\"(max-width: 800px) 100vw, 800px\" \/><\/figure>\n<\/div>\n\n\n\n<div class=\"wp-block-column is-vertically-aligned-center is-layout-flow wp-block-column-is-layout-flow\">\n<h3 class=\"wp-block-heading\"><strong>Recycling von Abwasser und Gas<\/strong><strong><\/strong><\/h3>\n\n\n\n<p>3TOP verfolgt beim Umgang mit Abwasser und Gas die Idee \u201egr\u00fcne Mission, klare Zukunft\u201c. Sie haben in ihrer Fabrik Systeme zum Recycling von Abwasser und zur Reinigung von Abgasen eingerichtet. Das Abwassersystem verwendet gute Filter und spezielle Reinigungsmethoden, um aus Schmutzwasser, das bei der Herstellung von Produkten entsteht, wiederverwendbares Wasser zu machen, was besser f\u00fcr die Umwelt ist. Gleichzeitig verwendet das Abgassystem raffinierte Methoden, um schlechte Gase zu reinigen und sicher zu machen. Das Abwassersystem kann t\u00e4glich 100 Tonnen Wasser reinigen und das Abgassystem kann bei jeder hergestellten Sache den Aussto\u00df von Chemiegas um 701 TP3T und CO2-Gas um weitere 301 TP3T reduzieren. Au\u00dferdem achtet 3TOP darauf, wie sie Dinge wie Rohstoffe und Chemikalien verwenden und entsorgen. Sie haben ein System, um sie getrennt zu halten und zu lagern, und sie arbeiten mit einem anderen Unternehmen zusammen, um sie rechtzeitig zu recyceln.<\/p>\n<\/div>\n<\/div>\n\n\n\n<h2 class=\"wp-block-heading has-text-align-center\"><strong>3. Umweltfreundliche Verpackungsmaterialien<\/strong><\/h2>\n\n\n\n<div class=\"wp-block-columns are-vertically-aligned-center mb-60 is-layout-flex wp-container-core-columns-is-layout-9d6595d7 wp-block-columns-is-layout-flex\">\n<div class=\"wp-block-column is-vertically-aligned-center is-layout-flow wp-block-column-is-layout-flow\">\n<h3 class=\"wp-block-heading\"><strong>Verwendung hochwertiger umweltfreundlicher Materialien:<\/strong><strong><\/strong><\/h3>\n\n\n\n<p>3TOP wei\u00df, dass alte Verpackungen die Umwelt sch\u00e4digen k\u00f6nnen, und verwendet daher stattdessen umweltfreundliche Materialien. F\u00fcr die Verpackung ihrer Produkte verwenden sie biologisch abbaubare Kunststoffe. Diese Kunststoffe zersetzen sich in der Natur leicht und schaden weder der Umwelt noch den Pflanzen. Biologisch abbaubare Kunststoffe sind eine beliebte und bew\u00e4hrte Wahl f\u00fcr Verpackungen. Sie k\u00f6nnen mithilfe spezieller Substanzen, die den Prozess beschleunigen, schnell abgebaut werden. Sie k\u00f6nnen biologisch abbaubare Verpackungen wie Taschen, Strohhalme und Stifte finden. Seit 2020 arbeitet 3TOP an Verpackungen, die recycelt werden k\u00f6nnen oder sich in der Natur zersetzen. Sie haben kleine Reisebeutel mit 10\u201312 ml Inhalt hergestellt, die bei den Menschen in Europa und den Vereinigten Staaten sehr beliebt sind.<\/p>\n<\/div>\n\n\n\n<div class=\"wp-block-column is-vertically-aligned-center is-layout-flow wp-block-column-is-layout-flow\">\n<figure class=\"wp-block-image size-full\"><img loading=\"lazy\" decoding=\"async\" width=\"800\" height=\"450\" src=\"https:\/\/www.ruiqigo.com\/wp-content\/uploads\/2024\/07\/9.jpg\" alt=\"\" class=\"wp-image-730\" srcset=\"https:\/\/www.ruiqigo.com\/wp-content\/uploads\/2024\/07\/9.jpg 800w, https:\/\/www.ruiqigo.com\/wp-content\/uploads\/2024\/07\/9-768x432.jpg 768w\" sizes=\"(max-width: 800px) 100vw, 800px\" \/><\/figure>\n<\/div>\n<\/div>\n\n\n\n<div class=\"wp-block-columns are-vertically-aligned-center mb-60 is-layout-flex wp-container-core-columns-is-layout-9d6595d7 wp-block-columns-is-layout-flex\">\n<div class=\"wp-block-column is-vertically-aligned-center is-layout-flow wp-block-column-is-layout-flow\">\n<figure class=\"wp-block-image size-full\"><img loading=\"lazy\" decoding=\"async\" width=\"800\" height=\"450\" src=\"https:\/\/www.ruiqigo.com\/wp-content\/uploads\/2024\/07\/8.jpg\" alt=\"\" class=\"wp-image-736\" srcset=\"https:\/\/www.ruiqigo.com\/wp-content\/uploads\/2024\/07\/8.jpg 800w, https:\/\/www.ruiqigo.com\/wp-content\/uploads\/2024\/07\/8-768x432.jpg 768w\" sizes=\"(max-width: 800px) 100vw, 800px\" \/><\/figure>\n<\/div>\n\n\n\n<div class=\"wp-block-column is-vertically-aligned-center is-layout-flow wp-block-column-is-layout-flow\">\n<h3 class=\"wp-block-heading\"><strong>Verpackungsdesign optimieren<\/strong><strong><\/strong><\/h3>\n\n\n\n<p>3TOP arbeitet auch daran, Verpackungen zu verbessern und weniger davon zu verwenden. Sie finden heraus, wie viel Platz und wie schwer ihre Produkte brauchen, damit sie kleinere und leichtere Kartons herstellen k\u00f6nnen. Dies hilft, die Produkte beim Transport sicher aufzubewahren und reduziert auch den Abfall. Beispielsweise hat 3TOP einen neuen Karton f\u00fcr eine Shampoo-Marke hergestellt. Er sieht gut aus und spart Tinte, Karton, Polsterung und Platz, den er beim Versand einnimmt. In die alten Kartons passten vier St\u00fcck in einen gro\u00dfen Karton mit einem Bild darauf. Der neue Karton hat einen speziellen Boden, den die Ladenangestellten abnehmen und verwenden k\u00f6nnen, um das Shampoo anzufassen und im Laden zu zeigen. Das neue Design verbraucht viel weniger Material. Es hat eine einfache \u201ePapierkappe\u201c, die sich leicht abnehmen l\u00e4sst, um das Shampoo w\u00e4hrend des Transports zu sch\u00fctzen, und muss nicht bedruckt werden. Diese bessere Verpackung hilft, 67 Tonnen Papier zu sparen, bedeutet, dass 52 gro\u00dfe Lastwagen weniger f\u00fcr den Transport des Shampoos ben\u00f6tigt werden, und reduziert den Tintenverbrauch jedes Jahr um bis zu 801 TP3T.<\/p>\n<\/div>\n<\/div>\n\n\n\n<p>Dar\u00fcber hinaus verbessert 3TOP auch weiterhin das neue Pumppressen-Design f\u00fcr andere Flaschen- und Dosenprodukte und spart durch die Optimierung des Verpackungsprozesses 8 Tonnen Kunststoff pro Jahr und 40 Tonnen Papierumkartons pro Jahr. Bei neu eingef\u00fchrten Shampoo-Produkten konnten durch die Verbesserung des Verschluss- und Flaschendesigns etwa 131 TP3T an Verpackungsmaterial pro Flasche eingespart werden.<\/p>\n\n\n\n<div class=\"wp-block-columns are-vertically-aligned-center mb-60 is-layout-flex wp-container-core-columns-is-layout-9d6595d7 wp-block-columns-is-layout-flex\">\n<div class=\"wp-block-column is-vertically-aligned-center is-layout-flow wp-block-column-is-layout-flow\">\n<h3 class=\"wp-block-heading\"><strong>Einf\u00fchrung einer Recyclingstrategie f\u00fcr Verpackungen<\/strong><strong><\/strong><\/h3>\n\n\n\n<p>Untersuchungen der American Association for the Advancement of Science (AAAS) zeigen, dass etwa 401 Millionen Tonnen der j\u00e4hrlich \u00fcber 400 Millionen Tonnen produzierten Kunststoffs aus Verpackungen stammen und dass diese Kunststoffverpackungen in der Regel nur einmal verwendet und dann weggeworfen werden. Als Reaktion darauf hat 3TOP ein Verpackungsrecyclingprogramm f\u00fcr Verbraucher eingef\u00fchrt, um sie zu ermutigen, sich an Umweltinitiativen zu beteiligen. Kunden k\u00f6nnen leere Kosmetikflaschen in spezielle Gesch\u00e4fte bringen, um sie dort recyceln zu lassen. Im Gegenzug erhalten sie eine kostenlose Probepackung Kosmetik. Dies hilft den Menschen, mehr Flaschen zu sammeln und zu recyceln, was den M\u00fcll reduziert. Die gesammelten Flaschen werden entweder in neue Dinge umgewandelt oder zur Energieerzeugung genutzt.<\/p>\n<\/div>\n\n\n\n<div class=\"wp-block-column is-vertically-aligned-center is-layout-flow wp-block-column-is-layout-flow\">\n<figure class=\"wp-block-image size-full\"><img loading=\"lazy\" decoding=\"async\" width=\"800\" height=\"450\" src=\"https:\/\/www.ruiqigo.com\/wp-content\/uploads\/2024\/07\/2.jpg\" alt=\"\" class=\"wp-image-739\" srcset=\"https:\/\/www.ruiqigo.com\/wp-content\/uploads\/2024\/07\/2.jpg 800w, https:\/\/www.ruiqigo.com\/wp-content\/uploads\/2024\/07\/2-768x432.jpg 768w\" sizes=\"(max-width: 800px) 100vw, 800px\" \/><\/figure>\n<\/div>\n<\/div>\n\n\n\n<h2 class=\"wp-block-heading has-text-align-center\"><strong>Abschluss<\/strong><strong><\/strong><\/h2>\n\n\n\n<p>3TOP ist sich bewusst, dass nachhaltige Entwicklung nicht nur ein Slogan, sondern auch eine Aktion ist. Daher beteiligt sich 3TOP aktiv an verschiedenen Aktivit\u00e4ten zum Wohle der Umwelt, bef\u00fcrwortet das Konzept des gr\u00fcnen Konsums und f\u00f6rdert die Entwicklung der Branche in eine umweltfreundlichere und nachhaltigere Richtung. Wir hoffen, dass durch unsere Bem\u00fchungen mehr Menschen nachhaltige Entwicklung verstehen und darauf achten und gemeinsam zur Zukunft der Erde beitragen. Die Wahl unserer t\u00e4glichen chemischen Produkte bedeutet, sich f\u00fcr Sorgfalt und Verantwortung f\u00fcr die Erde und zuk\u00fcnftige Generationen zu entscheiden. Lassen Sie uns eine gr\u00fcnere und bessere Zukunft erleben!<\/p>","protected":false},"excerpt":{"rendered":"China&#8217;s industries are focusing on the &#8216;dual-carbon&#8217; goal, which aims to reduce carbon emissions and pollution. This is important for making the economy and society more environmentally friendly and sustainable. The daily skincare industry is also working towards this goal. 3TOP supports the idea of sustainable development and has done well in saving energy, reducing [&hellip;]","protected":false},"author":9,"featured_media":717,"parent":0,"menu_order":0,"comment_status":"closed","ping_status":"closed","template":"","meta":{"footnotes":""},"class_list":["post-8","page","type-page","status-publish","has-post-thumbnail","hentry"],"acf":[],"_links":{"self":[{"href":"https:\/\/www.ruiqigo.com\/de\/wp-json\/wp\/v2\/pages\/8","targetHints":{"allow":["GET"]}}],"collection":[{"href":"https:\/\/www.ruiqigo.com\/de\/wp-json\/wp\/v2\/pages"}],"about":[{"href":"https:\/\/www.ruiqigo.com\/de\/wp-json\/wp\/v2\/types\/page"}],"author":[{"embeddable":true,"href":"https:\/\/www.ruiqigo.com\/de\/wp-json\/wp\/v2\/users\/9"}],"replies":[{"embeddable":true,"href":"https:\/\/www.ruiqigo.com\/de\/wp-json\/wp\/v2\/comments?post=8"}],"version-history":[{"count":0,"href":"https:\/\/www.ruiqigo.com\/de\/wp-json\/wp\/v2\/pages\/8\/revisions"}],"wp:featuredmedia":[{"embeddable":true,"href":"https:\/\/www.ruiqigo.com\/de\/wp-json\/wp\/v2\/media\/717"}],"wp:attachment":[{"href":"https:\/\/www.ruiqigo.com\/de\/wp-json\/wp\/v2\/media?parent=8"}],"curies":[{"name":"wp","href":"https:\/\/api.w.org\/{rel}","templated":true}]}}